{"id":83,"date":"2021-11-03T23:57:42","date_gmt":"2021-11-04T02:57:42","guid":{"rendered":"https:\/\/fhce.edu.uy\/oded\/?page_id=83"},"modified":"2022-08-27T18:02:18","modified_gmt":"2022-08-27T21:02:18","slug":"nuestras-miradas","status":"publish","type":"page","link":"https:\/\/fhce.edu.uy\/oded\/nuestras-miradas\/","title":{"rendered":"Nuestras miradas"},"content":{"rendered":"\t\t<div data-elementor-type=\"wp-page\" data-elementor-id=\"83\" class=\"elementor elementor-83\" data-elementor-settings=\"[]\">\n\t\t\t\t\t\t\t<div class=\"elementor-section-wrap\">\n\t\t\t\t\t\t\t<section class=\"elementor-section elementor-top-section elementor-element elementor-element-9fa966d elementor-section-boxed elementor-section-height-default elementor-section-height-default\" data-id=\"9fa966d\" data-element_type=\"section\">\n\t\t\t\t\t\t<div class=\"elementor-container elementor-column-gap-default\">\n\t\t\t\t\t<div class=\"elementor-column elementor-col-100 elementor-top-column elementor-element elementor-element-f612211\" data-id=\"f612211\" data-element_type=\"column\">\n\t\t\t<div class=\"elementor-widget-wrap elementor-element-populated\">\n\t\t\t\t\t\t\t\t<div class=\"elementor-element elementor-element-3716e1e elementor-widget elementor-widget-text-editor\" data-id=\"3716e1e\" data-element_type=\"widget\" data-widget_type=\"text-editor.default\">\n\t\t\t\t<div class=\"elementor-widget-container\">\n\t\t\t\t\t\t\t<p><span style=\"color: var( --e-global-color-text ); background-color: var(--page-background-color);\">El Observatorio coloca el \u00e9nfasis en la educaci\u00f3n como derecho y, como contracara, en la responsabilidad pol\u00edtica que acarrea su efectivizaci\u00f3n. Es as\u00ed que un posicionamiento claro atraviesa nuestra labor: concebimos como inadmisible cualquier formulaci\u00f3n de pol\u00edtica o cualquier pr\u00e1ctica educativa que se sustente en una desvalorizaci\u00f3n y culpabilizaci\u00f3n de los sujetos, eximiendo al Estado de sus responsabilidades.<\/span><\/p>\t\t\t\t\t\t<\/div>\n\t\t\t\t<\/div>\n\t\t\t\t\t<\/div>\n\t\t<\/div>\n\t\t\t\t\t\t\t<\/div>\n\t\t<\/section>\n\t\t\t\t<section class=\"elementor-section elementor-top-section elementor-element elementor-element-289f78f elementor-section-boxed elementor-section-height-default elementor-section-height-default\" data-id=\"289f78f\" data-element_type=\"section\">\n\t\t\t\t\t\t<div class=\"elementor-container elementor-column-gap-default\">\n\t\t\t\t\t<div class=\"elementor-column elementor-col-100 elementor-top-column elementor-element elementor-element-27ba86f\" data-id=\"27ba86f\" data-element_type=\"column\">\n\t\t\t<div class=\"elementor-widget-wrap elementor-element-populated\">\n\t\t\t\t\t\t\t\t<div class=\"elementor-element elementor-element-89b7577 elementor-widget elementor-widget-text-editor\" data-id=\"89b7577\" data-element_type=\"widget\" data-widget_type=\"text-editor.default\">\n\t\t\t\t<div class=\"elementor-widget-container\">\n\t\t\t\t\t\t\t<p>Esta mirada nos impulsa m\u00e1s all\u00e1 de la caracterizaci\u00f3n global del estado de la situaci\u00f3n educativa a partir de datos macro y del an\u00e1lisis de sus aspectos medibles. Si bien entendemos que dicha tarea es fundamental, consideramos que la efectivizaci\u00f3n del derecho a la educaci\u00f3n supone tambi\u00e9n un proyecto pedag\u00f3gico que asume el reconocimiento de la dignidad de todos los sujetos como base de la acci\u00f3n educativa. Esta concepci\u00f3n nos exige adentrarnos en el an\u00e1lisis de los procesos educativos.<\/p><p>En esta secci\u00f3n presentaremos la mirada particular de los\/as investigadores\/as y grupos que componemos el Observatorio del Derecho a la Educaci\u00f3n. Se incluyen aqu\u00ed informes elaborados anualmente sobre el derecho a la educaci\u00f3n en el pa\u00eds, una selecci\u00f3n de nuestra producci\u00f3n acad\u00e9mica relativa a la tem\u00e1tica y editoriales sobre asuntos destacados.<\/p><p>\u00a0<\/p>\t\t\t\t\t\t<\/div>\n\t\t\t\t<\/div>\n\t\t\t\t\t<\/div>\n\t\t<\/div>\n\t\t\t\t\t\t\t<\/div>\n\t\t<\/section>\n\t\t\t\t<section class=\"elementor-section elementor-top-section elementor-element elementor-element-2e6eb80 elementor-section-boxed elementor-section-height-default elementor-section-height-default\" data-id=\"2e6eb80\" data-element_type=\"section\">\n\t\t\t\t\t\t<div class=\"elementor-container elementor-column-gap-default\">\n\t\t\t\t\t<div class=\"elementor-column elementor-col-33 elementor-top-column elementor-element elementor-element-82afd7f\" data-id=\"82afd7f\" data-element_type=\"column\">\n\t\t\t<div class=\"elementor-widget-wrap elementor-element-populated\">\n\t\t\t\t\t\t\t\t<div class=\"elementor-element elementor-element-65c582b elementor-align-center elementor-widget elementor-widget-button\" data-id=\"65c582b\" data-element_type=\"widget\" data-widget_type=\"button.default\">\n\t\t\t\t<div class=\"elementor-widget-container\">\n\t\t\t\t\t<div class=\"elementor-button-wrapper\">\n\t\t\t<a href=\"https:\/\/fhce.edu.uy\/oded\/informes\/\" class=\"elementor-button-link elementor-button elementor-size-xs\" role=\"button\">\n\t\t\t\t\t\t<span class=\"elementor-button-content-wrapper\">\n\t\t\t\t\t\t<span class=\"elementor-button-text\">INFORMES<\/span>\n\t\t<\/span>\n\t\t\t\t\t<\/a>\n\t\t<\/div>\n\t\t\t\t<\/div>\n\t\t\t\t<\/div>\n\t\t\t\t\t<\/div>\n\t\t<\/div>\n\t\t\t\t<div class=\"elementor-column elementor-col-33 elementor-top-column elementor-element elementor-element-2331a4a\" data-id=\"2331a4a\" data-element_type=\"column\">\n\t\t\t<div class=\"elementor-widget-wrap elementor-element-populated\">\n\t\t\t\t\t\t\t\t<div class=\"elementor-element elementor-element-20d98a3 elementor-align-center elementor-widget elementor-widget-button\" data-id=\"20d98a3\" data-element_type=\"widget\" data-widget_type=\"button.default\">\n\t\t\t\t<div class=\"elementor-widget-container\">\n\t\t\t\t\t<div class=\"elementor-button-wrapper\">\n\t\t\t<a href=\"https:\/\/fhce.edu.uy\/oded\/produccion-academica\/\" class=\"elementor-button-link elementor-button elementor-size-xs\" role=\"button\">\n\t\t\t\t\t\t<span class=\"elementor-button-content-wrapper\">\n\t\t\t\t\t\t<span class=\"elementor-button-text\">PRODUCCI\u00d3N ACAD\u00c9MICA<\/span>\n\t\t<\/span>\n\t\t\t\t\t<\/a>\n\t\t<\/div>\n\t\t\t\t<\/div>\n\t\t\t\t<\/div>\n\t\t\t\t\t<\/div>\n\t\t<\/div>\n\t\t\t\t<div class=\"elementor-column elementor-col-33 elementor-top-column elementor-element elementor-element-39acb76\" data-id=\"39acb76\" data-element_type=\"column\">\n\t\t\t<div class=\"elementor-widget-wrap elementor-element-populated\">\n\t\t\t\t\t\t\t\t<div class=\"elementor-element elementor-element-d56808d elementor-align-center elementor-widget elementor-widget-button\" data-id=\"d56808d\" data-element_type=\"widget\" data-widget_type=\"button.default\">\n\t\t\t\t<div class=\"elementor-widget-container\">\n\t\t\t\t\t<div class=\"elementor-button-wrapper\">\n\t\t\t<a href=\"https:\/\/fhce.edu.uy\/oded\/editorial\/\" class=\"elementor-button-link elementor-button elementor-size-xs\" role=\"button\">\n\t\t\t\t\t\t<span class=\"elementor-button-content-wrapper\">\n\t\t\t\t\t\t<span class=\"elementor-button-text\">EDITORIAL<\/span>\n\t\t<\/span>\n\t\t\t\t\t<\/a>\n\t\t<\/div>\n\t\t\t\t<\/div>\n\t\t\t\t<\/div>\n\t\t\t\t\t<\/div>\n\t\t<\/div>\n\t\t\t\t\t\t\t<\/div>\n\t\t<\/section>\n\t\t\t\t\t\t<\/div>\n\t\t\t\t\t<\/div>\n\t\t","protected":false},"excerpt":{"rendered":"<p>El Observatorio coloca el \u00e9nfasis en la educaci\u00f3n como derecho y, como contracara, en la responsabilidad pol\u00edtica que acarrea su[&#8230;]<\/p>\n","protected":false},"author":1,"featured_media":3407,"parent":0,"menu_order":0,"comment_status":"closed","ping_status":"closed","template":"","meta":{"_coblocks_attr":"","_coblocks_dimensions":"","_coblocks_responsive_height":"","_coblocks_accordion_ie_support":""},"_links":{"self":[{"href":"https:\/\/fhce.edu.uy\/oded\/wp-json\/wp\/v2\/pages\/83"}],"collection":[{"href":"https:\/\/fhce.edu.uy\/oded\/wp-json\/wp\/v2\/pages"}],"about":[{"href":"https:\/\/fhce.edu.uy\/oded\/wp-json\/wp\/v2\/types\/page"}],"author":[{"embeddable":true,"href":"https:\/\/fhce.edu.uy\/oded\/wp-json\/wp\/v2\/users\/1"}],"replies":[{"embeddable":true,"href":"https:\/\/fhce.edu.uy\/oded\/wp-json\/wp\/v2\/comments?post=83"}],"version-history":[{"count":24,"href":"https:\/\/fhce.edu.uy\/oded\/wp-json\/wp\/v2\/pages\/83\/revisions"}],"predecessor-version":[{"id":3824,"href":"https:\/\/fhce.edu.uy\/oded\/wp-json\/wp\/v2\/pages\/83\/revisions\/3824"}],"wp:featuredmedia":[{"embeddable":true,"href":"https:\/\/fhce.edu.uy\/oded\/wp-json\/wp\/v2\/media\/3407"}],"wp:attachment":[{"href":"https:\/\/fhce.edu.uy\/oded\/wp-json\/wp\/v2\/media?parent=83"}],"curies":[{"name":"wp","href":"https:\/\/api.w.org\/{rel}","templated":true}]}}