{"id":73,"date":"2021-11-03T23:54:56","date_gmt":"2021-11-04T02:54:56","guid":{"rendered":"https:\/\/fhce.edu.uy\/oded\/?page_id=73"},"modified":"2022-08-01T21:03:54","modified_gmt":"2022-08-02T00:03:54","slug":"enlaces-estadistica","status":"publish","type":"page","link":"https:\/\/fhce.edu.uy\/oded\/enlaces-estadistica\/","title":{"rendered":"Enlaces de inter\u00e9s"},"content":{"rendered":"\t\t<div data-elementor-type=\"wp-page\" data-elementor-id=\"73\" class=\"elementor elementor-73\" data-elementor-settings=\"[]\">\n\t\t\t\t\t\t\t<div class=\"elementor-section-wrap\">\n\t\t\t\t\t\t\t<section class=\"elementor-section elementor-top-section elementor-element elementor-element-263a025 elementor-section-boxed elementor-section-height-default elementor-section-height-default\" data-id=\"263a025\" data-element_type=\"section\">\n\t\t\t\t\t\t<div class=\"elementor-container elementor-column-gap-default\">\n\t\t\t\t\t<div class=\"elementor-column elementor-col-100 elementor-top-column elementor-element elementor-element-1552a57\" data-id=\"1552a57\" data-element_type=\"column\">\n\t\t\t<div class=\"elementor-widget-wrap elementor-element-populated\">\n\t\t\t\t\t\t\t\t<div class=\"elementor-element elementor-element-0560b57 elementor-widget elementor-widget-text-editor\" data-id=\"0560b57\" data-element_type=\"widget\" data-widget_type=\"text-editor.default\">\n\t\t\t\t<div class=\"elementor-widget-container\">\n\t\t\t\t\t\t\t<p><strong>INFORMACI\u00d3N ESTAD\u00cdSTICA y ENLACES DE INTER\u00c9S<\/strong><\/p><p><strong>Portales nacionales con informaci\u00f3n estad\u00edstica<\/strong><\/p><p><a href=\"http:\/\/www.anep.edu.uy\/observatorio\"><b>Observatorio de la Educaci\u00f3n<\/b><\/a><span style=\"font-weight: 400\">: Es un portal de estad\u00edsticas educativas de la Administraci\u00f3n Nacional de Educaci\u00f3n P\u00fablica (ANEP). Presenta un reporte de datos sobre la educaci\u00f3n y su contexto, por medio de tablas estad\u00edsticas da cuenta de la situaci\u00f3n actual y de la evoluci\u00f3n hist\u00f3rica de diversos indicadores.<\/span><\/p><p><a href=\"http:\/\/sig.anep.edu.uy\/siganep\"><b>Sistema de Oferta Educativa Geogr\u00e1fica de la ANEP (SIGANEP)<\/b><\/a><span style=\"font-weight: 400\">: Es un sistema de oferta e indicadores educativos de la Administraci\u00f3n Nacional de Educaci\u00f3n P\u00fablica (ANEP), sus resultados se visualizan a trav\u00e9s de mapas, gr\u00e1ficos y tablas.<\/span><\/p><p><span style=\"font-weight: 400\">Cada subsistema de la ANEP cuenta, adem\u00e1s, con un monitor educativo propio que permite acceder a informaci\u00f3n estad\u00edstica espec\u00edfica: <\/span><\/p><ul><li><a href=\"http:\/\/www.anep.edu.uy\/portalmonitor\/servlet\/portada\"><b>Monitor Educativo de Ense\u00f1anza Inicial y Primaria<\/b><\/a><\/li><li><a href=\"http:\/\/servicios.ces.edu.uy\/monitorces\/servlet\/portada\"><b>Monitor Educativo Liceal<\/b><\/a><\/li><li><span style=\"font-weight: 400\"><a href=\"https:\/\/www.anep.edu.uy\/monitorutu\/servlet\/com.monitorutu16.portada\">Monitor Educativo de Ense\u00f1anza Media T\u00e9cnico Profesional<\/a><\/span><\/li><\/ul><div><p><a href=\"https:\/\/www.gub.uy\/ministerio-educacion-cultura\/datos-y-estadisticas\/datos\"><span style=\"font-weight: bold\">Anuario Estad\u00edstico de Educaci\u00f3n<\/span><\/a>: El Ministerio de Educaci\u00f3n y Cultura (MEC) publica anualmente un reporte con informaci\u00f3n estad\u00edstica sobre el sistema educativo uruguayo. Se encuentran disponibles los anuarios publicados desde 1990.\u00a0<\/p><p><a href=\"http:\/\/mirador.ineed.edu.uy\/\">Mirador Educativo<\/a>: Es un sistema de monitoreo de la educaci\u00f3n obligatoria del Instituto Nacional de Evaluaci\u00f3n Educativa (INEEd). Ofrece informaci\u00f3n relevante sobre el estado de la educaci\u00f3n obligatoria en Uruguay y el grado de cumplimiento de las metas educativas que el pa\u00eds se ha propuesto.<\/p><p><a href=\"https:\/\/www.cdnuruguay.org.uy\/category\/observatorio\/\">Observatorio de los Derechos de la Ni\u00f1ez y Adolescencia del Uruguay (ODNAU):\u00a0<\/a>Es una iniciativa del Comit\u00e9 de los Derechos del Ni\u00f1o\/a Uruguay (CDNU) que tiene como objetivo central el desarrollo e instalaci\u00f3n de un sistema de monitoreo en base de indicadores sobre la situaci\u00f3n de la ni\u00f1ez y adolescencia en nuestro pa\u00eds.<\/p><p><a href=\"http:\/\/observatoriosocial.mides.gub.uy\/Nuevo_Test\/portalMidesV3\/index.php\"><span style=\"font-weight: bold\">Observatorio Social de Programas e Indicadores<\/span><\/a>: Desarrollado por el Ministerio de Desarrollo Social (MIDES) con el objetivo de aportar a la construcci\u00f3n de un sistema de informaci\u00f3n que permita conocer la situaci\u00f3n social de nuestro pa\u00eds as\u00ed como el conjunto de prestaciones sociales que brinda el Estado uruguayo. El portal ofrece una gu\u00eda de las prestaciones estatales, presenta informaci\u00f3n estad\u00edstica sistematizada en materia de desarrollo social y brinda acceso a subportales espec\u00edficos organizados por poblaci\u00f3n o tem\u00e1tica de referencia (primera infancia, infancia, adolescencia, juventud, vejez y envejecimiento, cuidados, g\u00e9nero, discriminaci\u00f3n, etc.).<\/p><p><a href=\"https:\/\/ptp.opp.gub.uy\/?fbclid=IwAR1GiR4lqA31ZIe7aNx0x3JyksDp2b1eW_hcsW2MCN8rxLoEg6EgRKXozZM\"><span style=\"font-weight: bold\">Portal de Transparencia Presupuestaria<\/span><\/a>: Es una iniciativa de la Oficina de Planeamiento y Presupuesto (OPP) que permite conocer la planificaci\u00f3n y distribuci\u00f3n del presupuesto a nivel nacional, qu\u00e9 organismos p\u00fablicos participan del presupuesto y sus respectivos resultados, se pueden encontrar evaluaciones realizadas sobre diversas pol\u00edticas p\u00fablicas e informes que presentan el progreso de Uruguay relativo a los objetivos de desarrollo sostenible (ODS) de las Naciones Unidas (ONU). La p\u00e1gina posee adem\u00e1s un espacio interactivo.<\/p><p><a href=\"https:\/\/otu.opp.gub.uy\/\">Observatorio Territorio Uruguay:<\/a>\u00a0 Desarrollado por la Oficina de Planeamiento y Presupuesto (OPP) tiene por objetivo generar y difundir informaci\u00f3n y conocimiento sistem\u00e1tico que permita una mejor comprensi\u00f3n de los diversos contextos territoriales del pa\u00eds con el fin de contribuir al dise\u00f1o de pol\u00edticas y a una gesti\u00f3n transparente de la informaci\u00f3n. Tiene cinco grandes componentes: indicadores con distintos cortes territoriales; una biblioteca de estudios e investigaciones en diversas tem\u00e1ticas abordadas con corte territorial; perfiles que muestran de forma resumida la situaci\u00f3n de los departamentos y municipios; informaci\u00f3n e indicadores financieros y un mirador ciudadano que permite conocer los proyectos que financia OPP en el territorio.<\/p><p><a href=\"https:\/\/www.ine.gub.uy\/inicio\">Portal del Instituto Nacional de Estad\u00edstica (INE)<\/a>: El INE es un organismo p\u00fablico que tiene por objetivo la elaboraci\u00f3n, supervisi\u00f3n y coordinaci\u00f3n de las estad\u00edsticas nacionales; su sitio web re\u00fane toda esta informaci\u00f3n estad\u00edstica estructurada por temas. En el portal es posible acceder a publicaciones como el Anuario Estad\u00edstico Nacional y a los informes y microdatos de encuestas como la Encuesta Continua de Hogares (ECH), la Encuesta Nacional de Adolescencia y Juventud (ENAJ) o la Encuesta de Nutrici\u00f3n, Desarrollo Infantil y Salud (ENDIS), entre otra gran cantidad de informaci\u00f3n que se encuentra disponible all\u00ed.<\/p><\/div><p><strong>Portales internacionales con informaci\u00f3n estad\u00edstica<\/strong><\/p><p><a href=\"https:\/\/www.iadb.org\/es\/bases-de-datos\/cima\/inicio,20590.html\"><span style=\"font-weight: 400\">Centro de Informaci\u00f3n para la Mejora de los Aprendizajes (CIMA)<\/span><\/a><span style=\"font-weight: 400\">: Es el portal de estad\u00edsticas educativas del<\/span><b> Banco Interamericano de Desarrollo (BID)<\/b><span style=\"font-weight: 400\">, presenta 40 indicadores comparables a lo largo de 26 pa\u00edses de Am\u00e9rica Latina y el Caribe.<\/span><\/p><p><a href=\"http:\/\/www.unesco.org\/education\/edurights\/index.php?action=home&amp;lng=es\"><b>Observatorio sobre el derecho a la Educaci\u00f3n<\/b><\/a><span style=\"font-weight: 400\">: Desarrollado por la <\/span><b>Organizaci\u00f3n de las Naciones Unidas para la Educaci\u00f3n, la Ciencia y la Cultura (UNESCO)<\/b><span style=\"font-weight: 400\">, proporciona documentos e informaciones acerca de la implementaci\u00f3n del derecho a la educaci\u00f3n en todos los \u00e1mbitos de la ense\u00f1anza en virtud de los marcos constitucionales, jur\u00eddicos y pol\u00edticos. Los documentos e informaciones cubren diversos \u00e1mbitos vinculados a este derecho en diferentes pa\u00edses. Presenta perfiles por pa\u00edses y brinda acceso a constituciones, leyes, decretos y pol\u00edticas educacionales de los pa\u00edses miembro. Se encuentra asociado a otros sitios de UNESCO:<\/span><\/p><ul><li style=\"font-weight: 400\"><a href=\"http:\/\/www.unevoc.unesco.org\/go.php?lang=sp\"><span style=\"font-weight: 400\">Centro Internacional de la UNESCO para la Ense\u00f1anza y la Formaci\u00f3n T\u00e9cnica y Profesional<\/span><\/a><\/li><li style=\"font-weight: 400\"><a href=\"http:\/\/www.uis.unesco.org\/pages\/default.aspx?SPSLanguage=EN\"><span style=\"font-weight: 400\">Instituto de Estad\u00edstica de la UNESCO &#8211; Datos sobre la educaci\u00f3n<\/span><\/a><\/li><li style=\"font-weight: 400\"><a href=\"http:\/\/uil.unesco.org\/es\/portal\/\"><span style=\"font-weight: 400\">Instituto de la UNESCO para el Aprendizaje a lo largo de Toda la Vida<\/span><\/a><\/li><li style=\"font-weight: 400\"><a href=\"http:\/\/www.iiep.unesco.org\/es.html\"><span style=\"font-weight: 400\">Instituto Internacional de Planeamiento de la Educaci\u00f3n de la UNESCO<\/span><\/a><\/li><li style=\"font-weight: 400\"><a href=\"http:\/\/www.ibe.unesco.org\/es.html\"><span style=\"font-weight: 400\">Oficina Internacional de Educaci\u00f3n de la UNESCO<\/span><\/a><\/li><\/ul><p><a href=\"https:\/\/www.education-inequalities.org\/\"><span style=\"font-weight: 400\">World Inequality Database on Education (WIDE)<\/span><\/a><span style=\"font-weight: 400\">: Es una base de datos d<\/span><span style=\"font-weight: 400\">esarrollada por el <\/span><b>Informe de Seguimiento de la Educaci\u00f3n en el Mundo (Informe GEM) y la Organizaci\u00f3n de las Naciones Unidas para la Educaci\u00f3n, la Ciencia y la Cultura (UNESCO)<\/b><span style=\"font-weight: 400\">. <\/span><span style=\"font-weight: 400\">Re\u00fane informaci\u00f3n proveniente de sesenta pa\u00edses obtenida mediante estudios demogr\u00e1ficos y sanitarios, a la vez que por conducto de encuestas a base de indicadores. La base permite que los usuarios comparen el nivel de escolaridad entre los pa\u00edses, as\u00ed como entre los grupos en el interior de un mismo pa\u00eds. Las comparaciones se efect\u00faan por medio de factores de desigualdad, tales como los \u00edndices de riqueza, el g\u00e9nero, el origen \u00e9tnico y el lugar. Los usuarios pueden elaborar mapas, gr\u00e1ficos, infograf\u00edas y tablas con datos.<\/span><\/p><p><a href=\"https:\/\/www.siteal.iiep.unesco.org\/\"><span style=\"font-weight: 400\">Sistema de Informaci\u00f3n de Tendencias Educativas en Am\u00e9rica Latina (SITEAL):<\/span><\/a><span style=\"font-weight: 400\"> Es una iniciativa del Instituto Internacional de Planeamiento de la Educaci\u00f3n (IIPE) de la<\/span><b> Organizaci\u00f3n de las Naciones Unidas para la Educaci\u00f3n, la Ciencia y la Cultura (UNESCO) <\/b><span style=\"font-weight: 400\">que mapea las pol\u00edticas educativas de Am\u00e9rica Latina y sistematiza informaci\u00f3n estad\u00edstica sobre la situaci\u00f3n social y educativa de la regi\u00f3n. Este repositorio online de normativas y de documentos de pol\u00edtica ofrece informaci\u00f3n sobre las estrategias llevadas a cabo por los pa\u00edses de la regi\u00f3n para garantizar el derecho a la educaci\u00f3n de ni\u00f1as, ni\u00f1os y adolescentes. A partir de esta informaci\u00f3n, el SITEAL produce una serie de documentos investigativos relacionados con ejes y sub-ejes tem\u00e1ticos.<\/span><\/p><p><a href=\"https:\/\/datos.bancomundial.org\/\"><span style=\"font-weight: 400\">Datos de libre acceso del Banco Mundial<\/span><\/a><span style=\"font-weight: 400\">: Brinda acceso a un extenso conjunto de datos sobre desarrollo de pa\u00edses de todo el mundo. Permite la b\u00fasqueda, la descarga y el uso de datos del <\/span><b>Banco Mundial<\/b><span style=\"font-weight: 400\">, organizados por indicadores, pa\u00edses y temas.\u00a0<\/span><\/p><p><a href=\"https:\/\/stats.oecd.org\/\"><span style=\"font-weight: 400\">OECD.Stat<\/span><\/a><span style=\"font-weight: 400\">: Es la plataforma estad\u00edstica en l\u00ednea de la<\/span><b> Organizaci\u00f3n para la Cooperaci\u00f3n y el Desarrollo Econ\u00f3micos (OCDE)<\/b><span style=\"font-weight: 400\">, permite a los usuarios buscar y acceder a las bases de datos estad\u00edsticas de la OCDE. Incluye datos y metadatos para los pa\u00edses de la OCDE y algunas econom\u00edas no miembros y abarca, entre muchos otros temas, datos sobre educaci\u00f3n.<\/span><\/p><p><a href=\"https:\/\/data.unicef.org\/\"><span style=\"font-weight: 400\">UNICEF Data<\/span><\/a><span style=\"font-weight: 400\">: Portal de datos<\/span><span style=\"font-weight: 400\"> estad\u00edsticos<\/span><span style=\"font-weight: 400\"> del<\/span> <b>Fondo de las Naciones Unidas para la Infancia (UNICEF)<\/b><span style=\"font-weight: 400\"> sobre la situaci\u00f3n de los ni\u00f1os, las ni\u00f1as y las mujeres en todo el mundo. Recopila y analiza datos, brindando acceso a ellos y a productos que van desde folletos breves hasta an\u00e1lisis en profundidad. <\/span><\/p>\t\t\t\t\t\t<\/div>\n\t\t\t\t<\/div>\n\t\t\t\t\t<\/div>\n\t\t<\/div>\n\t\t\t\t\t\t\t<\/div>\n\t\t<\/section>\n\t\t\t\t<section class=\"elementor-section elementor-top-section elementor-element elementor-element-aa64555 elementor-section-boxed elementor-section-height-default elementor-section-height-default\" data-id=\"aa64555\" data-element_type=\"section\">\n\t\t\t\t\t\t<div class=\"elementor-container elementor-column-gap-default\">\n\t\t\t\t\t<div class=\"elementor-column elementor-col-100 elementor-top-column elementor-element elementor-element-e90544c\" data-id=\"e90544c\" data-element_type=\"column\">\n\t\t\t<div class=\"elementor-widget-wrap elementor-element-populated\">\n\t\t\t\t\t\t\t\t<div class=\"elementor-element elementor-element-d73f12c elementor-widget elementor-widget-text-editor\" data-id=\"d73f12c\" data-element_type=\"widget\" data-widget_type=\"text-editor.default\">\n\t\t\t\t<div class=\"elementor-widget-container\">\n\t\t\t\t\t\t\t\t\t\t\t\t\t<\/div>\n\t\t\t\t<\/div>\n\t\t\t\t\t<\/div>\n\t\t<\/div>\n\t\t\t\t\t\t\t<\/div>\n\t\t<\/section>\n\t\t\t\t<section class=\"elementor-section elementor-top-section elementor-element elementor-element-8ca2e7e elementor-section-boxed elementor-section-height-default elementor-section-height-default\" data-id=\"8ca2e7e\" data-element_type=\"section\">\n\t\t\t\t\t\t<div class=\"elementor-container elementor-column-gap-default\">\n\t\t\t\t\t<div class=\"elementor-column elementor-col-100 elementor-top-column elementor-element elementor-element-e1f5ab8\" data-id=\"e1f5ab8\" data-element_type=\"column\">\n\t\t\t<div class=\"elementor-widget-wrap elementor-element-populated\">\n\t\t\t\t\t\t\t\t<div class=\"elementor-element elementor-element-9ddb870 elementor-widget elementor-widget-text-editor\" data-id=\"9ddb870\" data-element_type=\"widget\" data-widget_type=\"text-editor.default\">\n\t\t\t\t<div class=\"elementor-widget-container\">\n\t\t\t\t\t\t\t<p><strong>ENLACES DE INTER\u00c9S<\/strong><\/p><p><strong>Portales de organismos nacionales vinculados a la educaci\u00f3n<\/strong><\/p><ul><li style=\"font-weight: 400\"><a href=\"https:\/\/www.anep.edu.uy\/\"><span style=\"font-weight: 400\">Administraci\u00f3n Nacional de Educaci\u00f3n P\u00fablica (ANEP)<\/span><\/a><span style=\"font-weight: 400\">\u00a0<\/span><\/li><li style=\"font-weight: 400\"><a href=\"https:\/\/www.dgeip.edu.uy\/\"><span style=\"font-weight: 400\">Direcci\u00f3n General de Educaci\u00f3n Inicial y Primaria (DGEIP)<\/span><\/a><\/li><li style=\"font-weight: 400\"><a href=\"https:\/\/www.dgeip.edu.uy\/\"><span style=\"font-weight: 400\">Direcci\u00f3n General de Educaci\u00f3n Secundaria (DGES)<\/span><\/a><span style=\"font-weight: 400\">\u00a0<\/span><\/li><li style=\"font-weight: 400\"><a href=\"https:\/\/www.utu.edu.uy\/\"><span style=\"font-weight: 400\">Direcci\u00f3n General de Educaci\u00f3n T\u00e9cnico Profesional &#8211; UTU (DGETP-UTU)<\/span><\/a><\/li><li style=\"font-weight: 400\"><a href=\"http:\/\/www.cfe.edu.uy\/\"><span style=\"font-weight: 400\">Consejo de Formaci\u00f3n en Educaci\u00f3n (CFE)<\/span><\/a><\/li><li style=\"font-weight: 400\"><a href=\"https:\/\/pcentrales.anep.edu.uy\/\"><span style=\"font-weight: 400\">Mapeo de pol\u00edticas educativas de la ANEP<\/span><\/a><\/li><li style=\"font-weight: 400\"><a href=\"https:\/\/udelar.edu.uy\/portal\/\"><span style=\"font-weight: 400\">Universidad de la Rep\u00fablica (Udelar)<\/span><\/a><\/li><li style=\"font-weight: 400\"><a href=\"https:\/\/utec.edu.uy\/es\/\"><span style=\"font-weight: 400\">Universidad Tecnol\u00f3gica del Uruguay (UTEC)<\/span><\/a><\/li><li style=\"font-weight: 400\"><a href=\"https:\/\/www.gub.uy\/ministerio-educacion-cultura\/\"><span style=\"font-weight: 400\">Ministerio de Educaci\u00f3n y Cultura (MEC)<\/span><\/a><\/li><li style=\"font-weight: 400\"><a href=\"https:\/\/www.ineed.edu.uy\/\"><span style=\"font-weight: 400\">Instituto Nacional de Evaluaci\u00f3n Educativa (INEEd)<\/span><\/a><\/li><li style=\"font-weight: 400\"><a href=\"https:\/\/www.ceibal.edu.uy\/es\"><span style=\"font-weight: 400\">Plan Ceibal<\/span><\/a><\/li><\/ul><p><strong>Observatorios internacionales<\/strong><\/p><p><a href=\"https:\/\/www.observatorioeducacion.org\/\"><span style=\"font-weight: 400\">Observatorio Latinoamericano de Pol\u00edticas Educativas (OLPE):<\/span><\/a><span style=\"font-weight: 400\"> Es una iniciativa del Comit\u00e9 Regional de la Internacional de la Educaci\u00f3n Am\u00e9rica Latina creada para registrar el comportamiento de las pol\u00edticas educativas en la regi\u00f3n. Su objetivo es alertar sobre las tendencias que buscan el debilitamiento de la educaci\u00f3n p\u00fablica e impulsan los procesos privatizadores en el \u00e1rea educativa en Am\u00e9rica Latina.<\/span><\/p><p><a href=\"https:\/\/orei.redclade.org\/\"><span style=\"font-weight: 400\">Observatorio Regional de Educaci\u00f3n Inclusiva<\/span><\/a><span style=\"font-weight: 400\"> (<\/span><span style=\"font-weight: 400\">OREI): Es producto de la cooperaci\u00f3n interinstitucional entre la Campa\u00f1a Latinoamericana por el Derecho a la Educaci\u00f3n (CLADE), la OREALC\/UNESCO Santiago, el IIPE UNESCO Buenos Aires, UNICEF, CEPAL, el IBE UNESCO Ginebra y la Organizaci\u00f3n de Estados Iberoamericanos (OEI). Surge con el objetivo de plantear la importancia de la educaci\u00f3n inclusiva y el acompa\u00f1amiento de esta dimensi\u00f3n en Am\u00e9rica Latina y Caribe. Se estructura a partir de cinco ejes centrales y conceptuales: (i) educaci\u00f3n inclusiva;\u00a0 (ii) no discriminaci\u00f3n;\u00a0 (iii) educaci\u00f3n en derechos humanos; (iv) rol del Estado en tanto garante de derechos; y (v) producci\u00f3n del conocimiento. Se propone ofrecer una comprensi\u00f3n de nuestros sistemas de educaci\u00f3n teniendo la inclusi\u00f3n y no discriminaci\u00f3n como sus lentes anal\u00edticas.\u00a0<\/span><\/p><p><a href=\"https:\/\/www.fcedu.uner.edu.ar\/observatorio\/\"><span style=\"font-weight: 400\">Observatorio de Pol\u00edticas Educativas (OPE &#8211; Entre R\u00edos):<\/span><\/a><span style=\"font-weight: 400\"> Es un sistema de informaci\u00f3n desarrollado por la Facultad de Ciencias de la Educaci\u00f3n de la Universidad Nacional de Entre R\u00edos. Se encarga de producir, sistematizar y difundir conocimiento sobre pol\u00edticas educativas con especial \u00e9nfasis en el referido a la Provincia de Entre R\u00edos.<\/span><\/p><p><a href=\"http:\/\/observatorio.unipe.edu.ar\/\"><span style=\"font-weight: 400\">Observatorio Educativo y Social (Argentina)<\/span><\/a><span style=\"font-weight: 400\">: Desarrollado por e la Universidad Pedag\u00f3gica Nacional (UNIPE) de Argentina, tiene como prop\u00f3sito generar conocimiento a partir de informaci\u00f3n que produce el sistema educativo, instituciones, organismos y otros actores vinculados a la educaci\u00f3n y a tem\u00e1ticas sociales, para que pueda ser utilizado como insumo relevante para el debate, la toma de decisiones en la pol\u00edtica p\u00fablica, la gesti\u00f3n escolar, la investigaci\u00f3n acad\u00e9mica, y el campo educativo y social en general. Desarrolla informes cortos, series de datos, y producciones propias y colaborativas, desde una perspectiva federal a partir de las particularidades y desigualdades sociales y territoriales, sobre los desaf\u00edos educativos a\u00fan pendientes en materia de inclusi\u00f3n y equidad.<\/span><\/p><p><a href=\"https:\/\/opech.cl\/\"><span style=\"font-weight: 400\">Observatorio Chileno de Pol\u00edticas Educativas (OPECH)<\/span><\/a><span style=\"font-weight: 400\">: Llevado adelante por la Facultad de Ciencias Sociales de la Universidad de Chile, tiene como objetivos: a) hacer un seguimiento permanente de los impactos reales que tienen las pol\u00edticas en las comunidades educativas; b) acompa\u00f1ar y apoyar a las organizaciones sociales en la apropiaci\u00f3n del debate educativo y la generaci\u00f3n de propuestas emanadas del mundo social. El sitio web brinda acceso a producciones en torno a cuatro grandes ejes: Educaci\u00f3n P\u00fablica, Privatizaci\u00f3n de la Educaci\u00f3n, Trabajadores\/as de la Educaci\u00f3n y La Educaci\u00f3n que Queremos.<\/span><\/p><p><a href=\"https:\/\/observatorio.tec.mx\/\"><span style=\"font-weight: 400\">Observatorio de Innovaci\u00f3n Educativa (M\u00e9xico): <\/span><\/a><span style=\"font-weight: 400\">Es una iniciativa del Tecnol\u00f3gico de Monterrey que se propone identificar y analizar las tendencias en innovaci\u00f3n educativa de mayor impacto, comunicar de forma eficiente y oportuna lo que sucede en innovaci\u00f3n educativa y promover la innovaci\u00f3n en el Tecnol\u00f3gico de Monterrey y el mundo.<\/span><\/p><p><a href=\"https:\/\/virtualeduca.org\/observatorio.htm\"><span style=\"font-weight: 400\">Observatorio de la Educaci\u00f3n virtual en Am\u00e9rica Latina y el Caribe<\/span><\/a><span style=\"font-weight: 400\"> (OEVALC): Desarrollado por Virtual Educa, una iniciativa de cooperaci\u00f3n multilateral en materia de educaci\u00f3n e innovaci\u00f3n para la inclusi\u00f3n y el desarrollo.<\/span> <span style=\"font-weight: 400\">Los objetivos del Observatorio son: el mantenimiento de un foro permanente de expertos, que proporcionen informaci\u00f3n actualizada y novedades en este \u00e1mbito (con \u00e9nfasis en la Educaci\u00f3n Superior); la creaci\u00f3n del \u201cMapa de la Educaci\u00f3n Virtual en Am\u00e9rica Latina y el Caribe\u201d, en colaboraci\u00f3n con el Instituto Internacional para la Educaci\u00f3n Superior en Am\u00e9rica Latina y el Caribe (IESALC) de UNESCO; la presentaci\u00f3n de un informe anual sobre la situaci\u00f3n y evoluci\u00f3n en la regi\u00f3n y la publicaci\u00f3n de estudios especializados.<\/span><\/p>\t\t\t\t\t\t<\/div>\n\t\t\t\t<\/div>\n\t\t\t\t\t<\/div>\n\t\t<\/div>\n\t\t\t\t\t\t\t<\/div>\n\t\t<\/section>\n\t\t\t\t\t\t<\/div>\n\t\t\t\t\t<\/div>\n\t\t","protected":false},"excerpt":{"rendered":"<p>INFORMACI\u00d3N ESTAD\u00cdSTICA y ENLACES DE INTER\u00c9S Portales nacionales con informaci\u00f3n estad\u00edstica Observatorio de la Educaci\u00f3n: Es un portal de estad\u00edsticas[&#8230;]<\/p>\n","protected":false},"author":1,"featured_media":3554,"parent":0,"menu_order":0,"comment_status":"closed","ping_status":"closed","template":"","meta":{"_coblocks_attr":"","_coblocks_dimensions":"","_coblocks_responsive_height":"","_coblocks_accordion_ie_support":""},"_links":{"self":[{"href":"https:\/\/fhce.edu.uy\/oded\/wp-json\/wp\/v2\/pages\/73"}],"collection":[{"href":"https:\/\/fhce.edu.uy\/oded\/wp-json\/wp\/v2\/pages"}],"about":[{"href":"https:\/\/fhce.edu.uy\/oded\/wp-json\/wp\/v2\/types\/page"}],"author":[{"embeddable":true,"href":"https:\/\/fhce.edu.uy\/oded\/wp-json\/wp\/v2\/users\/1"}],"replies":[{"embeddable":true,"href":"https:\/\/fhce.edu.uy\/oded\/wp-json\/wp\/v2\/comments?post=73"}],"version-history":[{"count":16,"href":"https:\/\/fhce.edu.uy\/oded\/wp-json\/wp\/v2\/pages\/73\/revisions"}],"predecessor-version":[{"id":3558,"href":"https:\/\/fhce.edu.uy\/oded\/wp-json\/wp\/v2\/pages\/73\/revisions\/3558"}],"wp:featuredmedia":[{"embeddable":true,"href":"https:\/\/fhce.edu.uy\/oded\/wp-json\/wp\/v2\/media\/3554"}],"wp:attachment":[{"href":"https:\/\/fhce.edu.uy\/oded\/wp-json\/wp\/v2\/media?parent=73"}],"curies":[{"name":"wp","href":"https:\/\/api.w.org\/{rel}","templated":true}]}}