{"id":69,"date":"2021-11-03T23:54:26","date_gmt":"2021-11-04T02:54:26","guid":{"rendered":"https:\/\/fhce.edu.uy\/oded\/?page_id=69"},"modified":"2022-08-01T21:02:02","modified_gmt":"2022-08-02T00:02:02","slug":"politicas-y-normativas-supranacional","status":"publish","type":"page","link":"https:\/\/fhce.edu.uy\/oded\/politicas-y-normativas-supranacional\/","title":{"rendered":"Supranacional"},"content":{"rendered":"\t\t<div data-elementor-type=\"wp-page\" data-elementor-id=\"69\" class=\"elementor elementor-69\" data-elementor-settings=\"[]\">\n\t\t\t\t\t\t\t<div class=\"elementor-section-wrap\">\n\t\t\t\t\t\t\t<section class=\"elementor-section elementor-top-section elementor-element elementor-element-a7e6c43 elementor-section-boxed elementor-section-height-default elementor-section-height-default\" data-id=\"a7e6c43\" data-element_type=\"section\">\n\t\t\t\t\t\t<div class=\"elementor-container elementor-column-gap-default\">\n\t\t\t\t\t<div class=\"elementor-column elementor-col-100 elementor-top-column elementor-element elementor-element-0ac7083\" data-id=\"0ac7083\" data-element_type=\"column\">\n\t\t\t<div class=\"elementor-widget-wrap elementor-element-populated\">\n\t\t\t\t\t\t\t\t<div class=\"elementor-element elementor-element-833e1cf elementor-widget elementor-widget-text-editor\" data-id=\"833e1cf\" data-element_type=\"widget\" data-widget_type=\"text-editor.default\">\n\t\t\t\t<div class=\"elementor-widget-container\">\n\t\t\t\t\t\t\t<h6><strong>Instrumentos normativos internacionales del Derecho a la Educaci\u00f3n &#8211; SUPRANACIONAL<\/strong><\/h6><p><span style=\"font-weight: 400;\">MARCO DE LAS NACIONES UNIDAS<\/span><\/p><ul><li style=\"font-weight: 400;\" aria-level=\"1\"><a href=\"https:\/\/www.un.org\/es\/documents\/udhr\/UDHR_booklet_SP_web.pdf\"><span style=\"font-weight: 400;\">Declaraci\u00f3n Universal de los Derechos Humanos, 1948<\/span><\/a><\/li><li style=\"font-weight: 400;\" aria-level=\"1\"><a href=\"https:\/\/www.ohchr.org\/sp\/professionalinterest\/pages\/cescr.aspx\"><span style=\"font-weight: 400;\">Pacto Internacional de Derechos Econ\u00f3micos, Sociales y Culturales, 1966<\/span><\/a><\/li><li style=\"font-weight: 400;\" aria-level=\"1\"><a href=\"https:\/\/www.un.org\/es\/events\/childrenday\/pdf\/derechos.pdf\"><span style=\"font-weight: 400;\">La Convenci\u00f3n sobre los Derechos del Ni\u00f1o<\/span><span style=\"font-weight: 400;\">.<\/span><\/a><\/li><li style=\"font-weight: 400;\" aria-level=\"1\"><a href=\"https:\/\/www.unicef-irc.org\/publications\/pdf\/crcgencommes.pdf\"><span style=\"font-weight: 400;\">Observaci\u00f3n General 1: Los objetivos de la Educaci\u00f3n.<\/span><\/a><\/li><li style=\"font-weight: 400;\" aria-level=\"1\"><a href=\"http:\/\/portal.unesco.org\/es\/ev.php-URL_ID=12949&amp;URL_DO=DO_TOPIC&amp;URL_SECTION=201.html\"><span style=\"font-weight: 400;\">Convenci\u00f3n relativa a la Lucha contra las Discriminaciones en la Esfera de la Ense\u00f1anza<\/span><\/a><p>Comit\u00e9 de Derechos Econ\u00f3micos, Sociales y Culturales:<\/p><\/li><li style=\"font-weight: 400;\" aria-level=\"1\"><a href=\"https:\/\/www.refworld.org\/cgi-bin\/texis\/vtx\/rwmain\/opendocpdf.pdf?reldoc=y&amp;docid=47ebcc8e2\"><span style=\"font-weight: 400;\">Observaciones Generales 13<\/span><\/a><span style=\"font-weight: 400;\">: El Derecho a la Educaci\u00f3n<\/span><\/li><li style=\"font-weight: 400;\" aria-level=\"1\"><a href=\"http:\/\/right-to-education.org\/sites\/right-to-education.org\/files\/resource-attachments\/CESCR_General_Comment_11_en.pdf\"><span style=\"font-weight: 400;\">Observaci\u00f3n General 11<\/span><\/a><span style=\"font-weight: 400;\">: Planes de Acci\u00f3n para la Ense\u00f1anza Primaria<\/span><\/li><li style=\"font-weight: 400;\" aria-level=\"1\"><a href=\"https:\/\/conf-dts1.unog.ch\/1%20SPA\/Tradutek\/Derechos_hum_Base\/CESCR\/00_1_obs_grales_Cte%20Dchos%20Ec%20Soc%20Cult.html#GEN20\"><span style=\"font-weight: 400;\">Observaci\u00f3n General 20\u00a0<\/span><\/a><\/li><li style=\"font-weight: 400;\" aria-level=\"1\"><a href=\"https:\/\/www.ohchr.org\/sp\/professionalinterest\/pages\/cedaw.aspx\"><span style=\"font-weight: 400;\">Convenci\u00f3n\u00a0 sobre\u00a0 la\u00a0 Eliminaci\u00f3n\u00a0 de\u00a0 Todas\u00a0 las\u00a0 Formas\u00a0 de\u00a0 Discriminaci\u00f3n\u00a0 contra\u00a0 la\u00a0 Mujer, 1979<\/span><\/a><\/li><li style=\"font-weight: 400;\" aria-level=\"1\"><a href=\"https:\/\/www.ohchr.org\/sp\/professionalinterest\/pages\/cerd.aspx\"><span style=\"font-weight: 400;\">Convenci\u00f3n sobre la Eliminaci\u00f3n de Todas las Formas de Discriminaci\u00f3n Racial, 1966<\/span><\/a><\/li><li style=\"font-weight: 400;\" aria-level=\"1\"><a href=\"https:\/\/www.un.org\/esa\/socdev\/enable\/documents\/tccconvs.pdf\"><span style=\"font-weight: 400;\">Convenci\u00f3n sobre los Derechos de las Personas con Discapacidad, 2006<\/span><\/a><\/li><li style=\"font-weight: 400;\" aria-level=\"1\"><a href=\"https:\/\/www.ohchr.org\/SP\/professionalinterest\/pages\/ccpr.aspx\"><span style=\"font-weight: 400;\">Pacto Internacional de Derechos Civiles y Pol\u00edticos, 1966<\/span><\/a><\/li><li style=\"font-weight: 400;\" aria-level=\"1\"><a href=\"https:\/\/www.ohchr.org\/sp\/professionalinterest\/pages\/minorities.aspx\"><span style=\"font-weight: 400;\">Declaraci\u00f3n sobre los Derechos de las Personas Pertenecientes a Minor\u00edas Nacionales o \u00c9tnicas, Religiosas y Ling\u00fc\u00edsticas, 1992<\/span><\/a><\/li><li style=\"font-weight: 400;\" aria-level=\"1\"><a href=\"https:\/\/documents-dds-ny.un.org\/doc\/UNDOC\/LTD\/G17\/164\/72\/PDF\/G1716472.pdf?OpenElement\"><span style=\"font-weight: 400;\">Resoluci\u00f3n del Consejo de derechos humanos A\/HRC\/35\/L.2 sobre el derecho a la educaci\u00f3n (2017)<\/span><\/a><\/li><li style=\"font-weight: 400;\" aria-level=\"1\"><a href=\"https:\/\/unesdoc.unesco.org\/ark:\/48223\/pf0000233816_spa\"><span style=\"font-weight: 400;\">Estrategia relativa a los instrumentos normativos<\/span><\/a><span style=\"font-weight: 400;\"> (2015-2021)<\/span><\/li><\/ul><ul><li style=\"font-weight: 400;\" aria-level=\"1\"><a href=\"http:\/\/portal.unesco.org\/es\/ev.php-URL_ID=13648&amp;URL_DO=DO_TOPIC&amp;URL_SECTION=-471.html\"><span style=\"font-weight: 400;\">Instrumentos normativos en el marco de la UNESCO<\/span><\/a><\/li><li style=\"font-weight: 400;\" aria-level=\"1\"><a href=\"https:\/\/unesdoc.unesco.org\/ark:\/48223\/pf0000372956_spa\/PDF\/372956spa.pdf.multi#page=7\"><span style=\"font-weight: 400;\">Constituci\u00f3n de la UNESCO<\/span><\/a><\/li><\/ul><p><span style=\"font-weight: 400;\">Otros instrumentos internacionales:<\/span><\/p><p><a href=\"https:\/\/unesdoc.unesco.org\/ark:\/48223\/pf0000086289_spa\"><span style=\"font-weight: 400;\">Conferencia Mundial sobre Educaci\u00f3n Para Todos (Jomtien, 1990)<\/span><\/a><\/p><p><span style=\"font-weight: 400;\">Foro Mundial de Educaci\u00f3n de Dakar (2000):<\/span><\/p><ul><li><a href=\"http:\/\/iin.oea.org\/cursos_a_distancia\/lectura%2017_disc.dakar.pdf\"><span style=\"font-weight: 400;\">Informe final<\/span><\/a><\/li><li><a href=\"https:\/\/unesdoc.unesco.org\/ark:\/48223\/pf0000121147_spa\"><span style=\"font-weight: 400;\">Marco de acci\u00f3n<\/span><\/a><\/li><li><a href=\"https:\/\/unesdoc.unesco.org\/ark:\/48223\/pf0000109590_spa\"><span style=\"font-weight: 400;\">La educaci\u00f3n encierra un tesoro: informe a la UNESCO de la Comisi\u00f3n Internacional sobre la educaci\u00f3n para el siglo XXI<\/span><\/a><span style=\"font-weight: 400;\">, 1996<\/span><\/li><li><a href=\"https:\/\/unesdoc.unesco.org\/ark:\/48223\/pf0000228122_spa\"><span style=\"font-weight: 400;\">Declaraci\u00f3n final de la Reuni\u00f3n Mundial sobre la EPT de 2014: El Acuerdo de Mascate<\/span><\/a><\/li><li><a href=\"https:\/\/unesdoc.unesco.org\/ark:\/48223\/pf0000243724\"><span style=\"font-weight: 400;\">Informe final del Foro Mundial sobre la Educaci\u00f3n, Incheon, Korea R, 2015 (en ingl\u00e9s)<\/span><\/a><\/li><li><a href=\"https:\/\/unesdoc.unesco.org\/ark:\/48223\/pf0000245656_spa\"><span style=\"font-weight: 400;\">Educaci\u00f3n 2030: Declaraci\u00f3n de Incheon y Marco de Acci\u00f3n para la realizaci\u00f3n del Objetivo de Desarrollo Sostenible 4: Garantizar una educaci\u00f3n inclusiva y equitativa de calidad y promover oportunidades de aprendizaje permanente para todos<\/span><\/a><\/li><li><a href=\"https:\/\/www.un.org\/ga\/search\/view_doc.asp?symbol=A\/70\/L.1&amp;referer=\/english\/&amp;Lang=S\"><span style=\"font-weight: 400;\">Transformar nuestro mundo: la Agenda 2030 para el Desarrollo Sostenible<\/span><\/a><\/li><li style=\"list-style-type: none;\">\u00a0<\/li><\/ul><p><span style=\"font-weight: 400;\">En el marco de la Organizaci\u00f3n de Estados Americanos:<\/span><\/p><ul><li><a href=\"http:\/\/www.summit-americas.org\/sisca\/ed_sp.html\"><span style=\"font-weight: 400;\">Mandatos de las Cumbres de las Am\u00e9ricas \u2013 Educaci\u00f3n<\/span><\/a><\/li><\/ul>\t\t\t\t\t\t<\/div>\n\t\t\t\t<\/div>\n\t\t\t\t\t<\/div>\n\t\t<\/div>\n\t\t\t\t\t\t\t<\/div>\n\t\t<\/section>\n\t\t\t\t\t\t<\/div>\n\t\t\t\t\t<\/div>\n\t\t","protected":false},"excerpt":{"rendered":"<p>Instrumentos normativos internacionales del Derecho a la Educaci\u00f3n &#8211; SUPRANACIONAL MARCO DE LAS NACIONES UNIDAS Declaraci\u00f3n Universal de los Derechos[&#8230;]<\/p>\n","protected":false},"author":1,"featured_media":3554,"parent":0,"menu_order":0,"comment_status":"closed","ping_status":"closed","template":"","meta":{"_coblocks_attr":"","_coblocks_dimensions":"","_coblocks_responsive_height":"","_coblocks_accordion_ie_support":""},"_links":{"self":[{"href":"https:\/\/fhce.edu.uy\/oded\/wp-json\/wp\/v2\/pages\/69"}],"collection":[{"href":"https:\/\/fhce.edu.uy\/oded\/wp-json\/wp\/v2\/pages"}],"about":[{"href":"https:\/\/fhce.edu.uy\/oded\/wp-json\/wp\/v2\/types\/page"}],"author":[{"embeddable":true,"href":"https:\/\/fhce.edu.uy\/oded\/wp-json\/wp\/v2\/users\/1"}],"replies":[{"embeddable":true,"href":"https:\/\/fhce.edu.uy\/oded\/wp-json\/wp\/v2\/comments?post=69"}],"version-history":[{"count":8,"href":"https:\/\/fhce.edu.uy\/oded\/wp-json\/wp\/v2\/pages\/69\/revisions"}],"predecessor-version":[{"id":3556,"href":"https:\/\/fhce.edu.uy\/oded\/wp-json\/wp\/v2\/pages\/69\/revisions\/3556"}],"wp:featuredmedia":[{"embeddable":true,"href":"https:\/\/fhce.edu.uy\/oded\/wp-json\/wp\/v2\/media\/3554"}],"wp:attachment":[{"href":"https:\/\/fhce.edu.uy\/oded\/wp-json\/wp\/v2\/media?parent=69"}],"curies":[{"name":"wp","href":"https:\/\/api.w.org\/{rel}","templated":true}]}}