{"id":66,"date":"2021-11-03T23:54:06","date_gmt":"2021-11-04T02:54:06","guid":{"rendered":"https:\/\/fhce.edu.uy\/oded\/?page_id=66"},"modified":"2025-04-21T12:44:11","modified_gmt":"2025-04-21T15:44:11","slug":"politicas-y-normativa-nacional","status":"publish","type":"page","link":"https:\/\/fhce.edu.uy\/oded\/politicas-y-normativa-nacional\/","title":{"rendered":"Nacional"},"content":{"rendered":"\t\t<div data-elementor-type=\"wp-page\" data-elementor-id=\"66\" class=\"elementor elementor-66\" data-elementor-settings=\"[]\">\n\t\t\t\t\t\t\t<div class=\"elementor-section-wrap\">\n\t\t\t\t\t\t\t<section class=\"elementor-section elementor-top-section elementor-element elementor-element-5c0dea2 elementor-section-boxed elementor-section-height-default elementor-section-height-default\" data-id=\"5c0dea2\" data-element_type=\"section\">\n\t\t\t\t\t\t<div class=\"elementor-container elementor-column-gap-default\">\n\t\t\t\t\t<div class=\"elementor-column elementor-col-100 elementor-top-column elementor-element elementor-element-fb31676\" data-id=\"fb31676\" data-element_type=\"column\">\n\t\t\t<div class=\"elementor-widget-wrap elementor-element-populated\">\n\t\t\t\t\t\t\t\t<div class=\"elementor-element elementor-element-0fcb63a elementor-widget elementor-widget-text-editor\" data-id=\"0fcb63a\" data-element_type=\"widget\" data-widget_type=\"text-editor.default\">\n\t\t\t\t<div class=\"elementor-widget-container\">\n\t\t\t\t\t\t\t<p>Acta N\u00b0 90 Res. N\u00b0 21\/98, CODICEN &#8211; Escuelas de tiempo completo: <a href=\"https:\/\/www.dgeip.edu.uy\/documentos\/normativa\/codicen\/1998\/A90R21_98_CODICEN.pdf\">https:\/\/www.dgeip.edu.uy\/documentos\/normativa\/codicen\/1998\/A90R21_98_CODICEN.pdf<\/a><\/p><p>Circular N\u00b0 79\/2013, DGEIP &#8211; Jardines de jornada completa:<br \/><a href=\"https:\/\/www.dgeip.edu.uy\/documentos\/2013\/normativa\/Circular79_13.pdf\">https:\/\/www.dgeip.edu.uy\/documentos\/2013\/normativa\/Circular79_13.pdf<\/a><\/p><p>\u2060Marco curricular para la atenci\u00f3n y educaci\u00f3n de ni\u00f1as y ni\u00f1os uruguayos desde el nacimiento a los seis a\u00f1os, Consejo Coordinador de la Educaci\u00f3n en la Primera Infancia (CCEPI), MEC:<br \/><a href=\"https:\/\/mcrn.anep.edu.uy\/sites\/default\/files\/Marco%20curricular%200%20a%206.pdf\">https:\/\/mcrn.anep.edu.uy\/sites\/default\/files\/Marco%20curricular%200%20a%206.pdf<\/a><\/p><p>Dise\u00f1o b\u00e1sico curricular, Primera infancia, MEC:<br \/><a href=\"https:\/\/www.gub.uy\/ministerio-educacion-cultura\/comunicacion\/publicaciones\/diseno-basico-curricular\">https:\/\/www.gub.uy\/ministerio-educacion-cultura\/comunicacion\/publicaciones\/diseno-basico-curricular<\/a><\/p><p><span style=\"font-weight: 400\"><a href=\"https:\/\/www.impo.com.uy\/bases\/constitucion\/1967-1967\">Constituci\u00f3n de la Rep\u00fablica<\/a><\/span><\/p><p><a style=\"font-family: var( --e-global-typography-text-font-family ), Sans-serif\" href=\"https:\/\/www.impo.com.uy\/bases\/leyes\/18437-2008\">Ley General de Educaci\u00f3n N\u00b0 18.437\/2008\u00a0<\/a><\/p><p><a href=\"http:\/\/www.impo.com.uy\/bases\/leyes\/12549-1958\/60\"><span style=\"font-weight: 400\">Ley Org\u00e1nica de la Universidad de la Rep\u00fablica N\u00b0 12.549\/1958<\/span><\/a><\/p><p><a href=\"https:\/\/www.impo.com.uy\/bases\/leyes\/19043-2012\/16\"><span style=\"font-weight: 400\">Ley de creaci\u00f3n de la Universidad Tecnol\u00f3gica (UTEC) N\u00b0 19.043\/2012<\/span><\/a><\/p><p><a href=\"https:\/\/www.impo.com.uy\/bases\/codigo-ninez-adolescencia\/17823-2004\"><span style=\"font-weight: 400\">C\u00f3digo de la Ni\u00f1ez y la Adolescencia N\u00b0 17.823\/2004<\/span><\/a><\/p><p><a href=\"http:\/\/www.impo.com.uy\/bases\/leyes\/16137-1990\"><span style=\"font-weight: 400\">Ley de Aprobaci\u00f3n de la Convenci\u00f3n sobre los Derechos del Ni\u00f1o N\u00b0 16.137\/1990<\/span><\/a><\/p><p><a href=\"https:\/\/www.impo.com.uy\/bases\/leyes\/19889-2020\"><span style=\"font-weight: 400\">Ley de Urgente Consideraci\u00f3n N\u00b0 19.889\/2020<\/span><\/a><\/p><p><a href=\"https:\/\/www.impo.com.uy\/bases\/leyes\/18651-2010\"><span style=\"font-weight: 400\">Ley de protecci\u00f3n integral a las personas con discapacidad N\u00b0 18.651\/2010<\/span><\/a><\/p><p><a href=\"https:\/\/uruguayeduca.anep.edu.uy\/sites\/default\/files\/2019-08\/Libro_PNEDH_digital.pdf\"><span style=\"font-weight: 400\">Plan Nacional de Educaci\u00f3n en Derechos Humanos. SNEP, 2016<\/span><\/a><\/p><p><a href=\"https:\/\/drive.google.com\/file\/d\/1Lh_gxM_u15CvjojUnvJI5jzskC6X9Zan\/view?usp=sharing\"><span style=\"font-weight: 400\">Estrategia Nacional para la Igualdad de G\u00e9nero 2030<\/span><\/a><span style=\"font-weight: 400\"><br \/><\/span><\/p><p><a href=\"https:\/\/www.impo.com.uy\/bases\/leyes\/19140-2013\"><span style=\"font-weight: 400\">Ley de protecci\u00f3n de la salud de la poblaci\u00f3n infantil y adolescente a trav\u00e9s de la promoci\u00f3n de h\u00e1bitos alimenticios saludables N\u00b0 19.140\/2013<\/span><\/a><\/p><p><a href=\"https:\/\/www.anep.edu.uy\/acerca-anep\/presupuestos-rendicion-balances\"><span style=\"font-weight: 400\">Presupuestos, Rendiciones de Cuentas y Balances ANEP<\/span><\/a><\/p><ul><li style=\"font-weight: 400\"><a href=\"https:\/\/www.anep.edu.uy\/sites\/default\/files\/images\/Archivos\/presupuestos-rendicion-balances\/presupuesto-2020\/TOMO%201%20MOTIVOS%20Presupuesto%202020-2024%20v14%20WEB.pdf\"><span style=\"font-weight: 400\">Proyecto de Presupuesto y Plan de Desarrollo Educativo 2020-2024. Tomo 1. ANEP, 2020<\/span><\/a><\/li><li style=\"font-weight: 400\"><a href=\"https:\/\/www.anep.edu.uy\/sites\/default\/files\/images\/Archivos\/presupuestos-rendicion-balances\/presupuesto-2020\/TOMO%202%20ANEXOS%20Presupuesto%202020-2024%20v12%20WEB.pdf\"><span style=\"font-weight: 400\">Proyecto de Presupuesto y Plan de Desarrollo Educativo 2020-2024. Tomo 2 &#8211; Anexos. ANEP, 2020<\/span><\/a><\/li><li style=\"font-weight: 400\"><a href=\"https:\/\/www.anep.edu.uy\/sites\/default\/files\/images\/Archivos\/presupuestos-rendicion-balances\/presupuesto-2020\/TOMO%203%20ARTICULADO%20Presupuesto%202020-2024%20v12%20WEB.pdf\"><span style=\"font-weight: 400\">Proyecto de Presupuesto y Plan de Desarrollo Educativo 2020-2024. Tomo 3 &#8211; Articulado. ANEP, 2020<\/span><\/a><\/li><li style=\"font-weight: 400\"><a href=\"https:\/\/www.anep.edu.uy\/sites\/default\/files\/images\/Archivos\/presupuestos-rendicion-balances\/rc-2020en2021\/TOMO%201%20INFORME%20DE%20ACCI%C3%93N%20Rendicion%20de%20Cuentas%202020.pdf\"><span style=\"font-weight: 400\">Rendici\u00f3n de Cuentas 2020. Tomo 1 &#8211; Informe de acci\u00f3n. ANEP, 2021<\/span><\/a><\/li><li style=\"font-weight: 400\"><a href=\"https:\/\/www.anep.edu.uy\/sites\/default\/files\/images\/Archivos\/presupuestos-rendicion-balances\/rc-2020en2021\/TOMO%202%20INFORMACI%C3%93N%20GENERAL%20ANEXOS%20Rendici%C3%B3n%20de%20Cuentas%202020.pdf\"><span style=\"font-weight: 400\">Rendici\u00f3n de Cuentas 2020. Tomo 2 &#8211; Informaci\u00f3n general. ANEP, 2021<\/span><\/a><\/li><li style=\"font-weight: 400\"><a href=\"https:\/\/www.anep.edu.uy\/sites\/default\/files\/images\/Archivos\/presupuestos-rendicion-balances\/rc-2020en2021\/TOMO%203%20PROPUESTA%20DE%20ARTICULADO%20Rendici%C3%B3n%20de%20Cuentas%202020.pdf\"><span style=\"font-weight: 400\">Rendici\u00f3n de Cuentas 2020. Tomo 3 &#8211; Propuesta de articulado. ANEP, 2021<\/span><\/a><\/li><li style=\"font-weight: 400\"><a href=\"https:\/\/www.anep.edu.uy\/sites\/default\/files\/images\/Archivos\/presupuestos-rendicion-balances\/rc-2020en2021\/TOMO%204%20BALANCE%20DE%20EJECUCI%C3%93N%20PRESUPUESTAL%20Rendici%C3%B3n%20de%20Cuentas%202020.pdf\"><span style=\"font-weight: 400\">Rendici\u00f3n de Cuentas 2020. Tomo 4 &#8211; Balance de Ejecuci\u00f3n Presupuestal. ANEP, 2021<\/span><\/a><\/li><li style=\"font-weight: 400\"><a href=\"https:\/\/www.anep.edu.uy\/sites\/default\/files\/images\/Archivos\/presupuestos-rendicion-balances\/rc-2020en2021\/TOMO%205%202021%20v2%20WEB.pdf\"><span style=\"font-weight: 400\">Rendici\u00f3n de Cuentas 2020. Tomo 5 &#8211; Educaci\u00f3n en tiempos de pandemia. Acci\u00f3n 2020. ANEP, 2021<\/span><\/a><\/li><\/ul><p><a href=\"https:\/\/www.anep.edu.uy\/sites\/default\/files\/images\/2021\/noticias\/agosto\/210806\/Plan%20de%20Politica%20Educativa%20Nacional_nuevo.pdf\"><span style=\"font-weight: 400\">Plan de Pol\u00edtica Educativa Nacional 2020-2025. MEC, 2021<\/span><\/a><\/p><p><span style=\"font-weight: 400\">Marco Curricular de Referencia Nacional:<\/span><\/p><ul><li style=\"font-weight: 400\"><a href=\"https:\/\/mcrn.anep.edu.uy\/sites\/default\/files\/Documento%20MCRN%20agosto%202017.pdf\"><span style=\"font-weight: 400\">Marco Curricular de Referencia Nacional (MCRN). Una construcci\u00f3n colectiva. ANEP, 2017<\/span><\/a><\/li><li style=\"font-weight: 400\"><a href=\"https:\/\/mcrn.anep.edu.uy\/sites\/default\/files\/MCRN%202%202019%20WEB.pdf\"><span style=\"font-weight: 400\">Marco Curricular de Referencia Nacional (MCRN). Una construcci\u00f3n colectiva II : Configuraciones curriculares. ANEP, 2019<\/span><\/a><\/li><li style=\"font-weight: 400\"><a href=\"https:\/\/mcrn.anep.edu.uy\/sites\/default\/files\/MCRN%203%202019%20WEB.pdf\"><span style=\"font-weight: 400\">Marco Curricular de Referencia Nacional (MCRN). Desarrollo del pensamiento cultural y sus mediaciones: Progresiones de aprendizaje. ANEP, 2019<\/span><\/a><\/li><\/ul><p><span style=\"font-weight: 400\">Reforma curricular:<\/span><\/p><ul><li style=\"font-weight: 400\"><a href=\"https:\/\/www.anep.edu.uy\/sites\/default\/files\/images\/2021\/campanas\/transformacion-curricular\/Circular%20N%C2%BA%2049-2021%20Hoja%20de%20Ruta%20Transformaci%C3%B3n%20Curricular%20Integral.pdf\"><span style=\"font-weight: 400\">Transformaci\u00f3n Curricular Integral. Hoja de ruta. Circular N\u00b0 49\/2021. Resoluci\u00f3n N\u00b0 1457\/021. ANEP \u2013 CODICEN, 2021<\/span><\/a><\/li><li style=\"font-weight: 400\"><a href=\"https:\/\/www.anep.edu.uy\/sites\/default\/files\/images\/2021\/noticias\/agosto\/210818\/Circular%20N%C2%BA%2047-2021%20LINEAMIENTO%20EST.%20N%C2%B0%203%20PLAN%20EDUCATIVO%20(1).pdf\"><span style=\"font-weight: 400\">Circular N\u00b0 47\/2021. Resoluci\u00f3n N\u00b0 1432\/021. ANEP \u2013 CODICEN, 2021<\/span><\/a><\/li><li style=\"font-weight: 400\"><a href=\"https:\/\/www.anep.edu.uy\/sites\/default\/files\/images\/Archivos\/publicaciones-direcciones\/secretaria-administrativa\/circulares\/2021\/Circular%20N%C2%BA%2028-2021.pdf\"><span style=\"font-weight: 400\">Circular\u00a0 N\u00b0 28\/2021. Resoluci\u00f3n N\u00b0 662\/021. ANEP \u2013 CODICEN, 2021<\/span><\/a><\/li><\/ul><p><a href=\"https:\/\/www.dgeip.edu.uy\/documentos\/normativa\/programaescolar\/ProgramaEscolar_14-6.pdf\"><span style=\"font-weight: 400\">Programa para Educaci\u00f3n Inicial y Primaria (Edici\u00f3n 2013). ANEP \u2013 CEIP, 2013<\/span><\/a><\/p><p><a href=\"http:\/\/www.impo.com.uy\/bases\/decretos\/144-2007\/1\"><span style=\"font-weight: 400\">Decreto creaci\u00f3n del Proyecto CEIBAL \u201cProyecto Conectividad Educativa de Inform\u00e1tica B\u00e1sica para el aprendizaje en L\u00ednea\u201d N\u00ba 144\/2007<\/span><\/a><\/p><p><a href=\"https:\/\/www.dgeip.edu.uy\/documentos\/2014\/tiempocompleto\/pptc.pdf\"><span style=\"font-weight: 400\">Escuelas de Tiempo Completo. Propuesta Pedag\u00f3gica. ANEP<\/span><\/a><a href=\"https:\/\/www.anep.edu.uy\/sites\/default\/files\/images\/Archivos\/publicaciones-direcciones\/secretaria-administrativa\/circulares\/2021\/Circular%20N%C2%BA%2028-2021.pdf\"><span style=\"font-weight: 400\"> \u2013 <\/span><\/a><a href=\"https:\/\/www.dgeip.edu.uy\/documentos\/2014\/tiempocompleto\/pptc.pdf\"><span style=\"font-weight: 400\">CODICEN &#8211; Proyecto MECAEP, 1997<\/span><\/a><\/p><p><a href=\"https:\/\/www.dgeip.edu.uy\/documentos\/2013\/ProgramaMaestrosComunitarios\/lineas-pmc-2013.pdf\"><span style=\"font-weight: 400\">Programa Maestros Comunitarios. L\u00edneas del programa y objetivos. ANEP \u2013 CEIP\/MIDES, 2013<\/span><\/a><\/p><p><a href=\"https:\/\/www.anep.edu.uy\/sites\/default\/files\/images\/2021\/noticias\/marzo\/210305\/Centros%20Mari%CC%81a%20Espinola%202020%20v5.pdf\"><span style=\"font-weight: 400\">Centros educativos Mar\u00eda Esp\u00ednola. ANEP, 2020<\/span><\/a><\/p><p>\u00a0<\/p>\t\t\t\t\t\t<\/div>\n\t\t\t\t<\/div>\n\t\t\t\t\t<\/div>\n\t\t<\/div>\n\t\t\t\t\t\t\t<\/div>\n\t\t<\/section>\n\t\t\t\t\t\t<\/div>\n\t\t\t\t\t<\/div>\n\t\t","protected":false},"excerpt":{"rendered":"<p>Acta N\u00b0 90 Res. N\u00b0 21\/98, CODICEN &#8211; Escuelas de tiempo completo: https:\/\/www.dgeip.edu.uy\/documentos\/normativa\/codicen\/1998\/A90R21_98_CODICEN.pdf Circular N\u00b0 79\/2013, DGEIP &#8211; Jardines de[&#8230;]<\/p>\n","protected":false},"author":1,"featured_media":3554,"parent":0,"menu_order":0,"comment_status":"closed","ping_status":"closed","template":"","meta":{"_coblocks_attr":"","_coblocks_dimensions":"","_coblocks_responsive_height":"","_coblocks_accordion_ie_support":""},"_links":{"self":[{"href":"https:\/\/fhce.edu.uy\/oded\/wp-json\/wp\/v2\/pages\/66"}],"collection":[{"href":"https:\/\/fhce.edu.uy\/oded\/wp-json\/wp\/v2\/pages"}],"about":[{"href":"https:\/\/fhce.edu.uy\/oded\/wp-json\/wp\/v2\/types\/page"}],"author":[{"embeddable":true,"href":"https:\/\/fhce.edu.uy\/oded\/wp-json\/wp\/v2\/users\/1"}],"replies":[{"embeddable":true,"href":"https:\/\/fhce.edu.uy\/oded\/wp-json\/wp\/v2\/comments?post=66"}],"version-history":[{"count":20,"href":"https:\/\/fhce.edu.uy\/oded\/wp-json\/wp\/v2\/pages\/66\/revisions"}],"predecessor-version":[{"id":6336,"href":"https:\/\/fhce.edu.uy\/oded\/wp-json\/wp\/v2\/pages\/66\/revisions\/6336"}],"wp:featuredmedia":[{"embeddable":true,"href":"https:\/\/fhce.edu.uy\/oded\/wp-json\/wp\/v2\/media\/3554"}],"wp:attachment":[{"href":"https:\/\/fhce.edu.uy\/oded\/wp-json\/wp\/v2\/media?parent=66"}],"curies":[{"name":"wp","href":"https:\/\/api.w.org\/{rel}","templated":true}]}}