{"id":5048,"date":"2023-04-20T16:06:34","date_gmt":"2023-04-20T19:06:34","guid":{"rendered":"https:\/\/fhce.edu.uy\/oded\/?page_id=5048"},"modified":"2023-04-20T17:00:14","modified_gmt":"2023-04-20T20:00:14","slug":"serie_documental_memorias_educacion","status":"publish","type":"page","link":"https:\/\/fhce.edu.uy\/oded\/serie_documental_memorias_educacion\/","title":{"rendered":"Memorias de la Educaci\u00f3n"},"content":{"rendered":"\t\t<div data-elementor-type=\"wp-page\" data-elementor-id=\"5048\" class=\"elementor elementor-5048\" data-elementor-settings=\"[]\">\n\t\t\t\t\t\t\t<div class=\"elementor-section-wrap\">\n\t\t\t\t\t\t\t<section class=\"elementor-section elementor-top-section elementor-element elementor-element-29e8553 elementor-section-boxed elementor-section-height-default elementor-section-height-default\" data-id=\"29e8553\" data-element_type=\"section\">\n\t\t\t\t\t\t<div class=\"elementor-container elementor-column-gap-default\">\n\t\t\t\t\t<div class=\"elementor-column elementor-col-100 elementor-top-column elementor-element elementor-element-682e845\" data-id=\"682e845\" data-element_type=\"column\">\n\t\t\t<div class=\"elementor-widget-wrap elementor-element-populated\">\n\t\t\t\t\t\t\t\t<div class=\"elementor-element elementor-element-7b85e1a elementor-widget elementor-widget-text-editor\" data-id=\"7b85e1a\" data-element_type=\"widget\" data-widget_type=\"text-editor.default\">\n\t\t\t\t<div class=\"elementor-widget-container\">\n\t\t\t\t\t\t\t<p>Estos documentales constituyen aportes del equipo de Historia de la Educaci\u00f3n al Observatorio del Derecho a a la Educaci\u00f3n. Se trata de recuperar la memoria de lucha y defensa de la educaci\u00f3n p\u00fablica por parte de los colectivos de docentes, maestros y educadores<\/p>\t\t\t\t\t\t<\/div>\n\t\t\t\t<\/div>\n\t\t\t\t\t<\/div>\n\t\t<\/div>\n\t\t\t\t\t\t\t<\/div>\n\t\t<\/section>\n\t\t\t\t<section class=\"elementor-section elementor-top-section elementor-element elementor-element-7d74e4d elementor-section-boxed elementor-section-height-default elementor-section-height-default\" data-id=\"7d74e4d\" data-element_type=\"section\">\n\t\t\t\t\t\t<div class=\"elementor-container elementor-column-gap-default\">\n\t\t\t\t\t<div class=\"elementor-column elementor-col-100 elementor-top-column elementor-element elementor-element-9d538ba\" data-id=\"9d538ba\" data-element_type=\"column\">\n\t\t\t<div class=\"elementor-widget-wrap elementor-element-populated\">\n\t\t\t\t\t\t\t\t<div class=\"elementor-element elementor-element-25b2ac6 elementor-grid-2 elementor-grid-tablet-2 elementor-grid-mobile-1 elementor-posts--thumbnail-top elementor-posts--show-avatar elementor-card-shadow-yes elementor-posts__hover-gradient elementor-widget elementor-widget-posts\" data-id=\"25b2ac6\" data-element_type=\"widget\" data-settings=\"{&quot;cards_columns&quot;:&quot;2&quot;,&quot;cards_columns_tablet&quot;:&quot;2&quot;,&quot;cards_columns_mobile&quot;:&quot;1&quot;,&quot;cards_row_gap&quot;:{&quot;unit&quot;:&quot;px&quot;,&quot;size&quot;:35,&quot;sizes&quot;:[]}}\" data-widget_type=\"posts.cards\">\n\t\t\t\t<div class=\"elementor-widget-container\">\n\t\t\t\t\t<div class=\"elementor-posts-container elementor-posts elementor-posts--skin-cards elementor-grid\">\n\t\t\t\t<article class=\"elementor-post elementor-grid-item post-5276 post type-post status-publish format-standard has-post-thumbnail hentry category-historia-de-la-educacion category-memorias tag-memorias_de_la_educacion tag-multimedia\">\n\t\t\t<div class=\"elementor-post__card\">\n\t\t\t\t<a class=\"elementor-post__thumbnail__link\" href=\"https:\/\/fhce.edu.uy\/oded\/2023\/08\/01\/tercer-capitulo\/\" >\n\t\t\t<div class=\"elementor-post__thumbnail\"><img width=\"300\" height=\"188\" src=\"https:\/\/fhce.edu.uy\/oded\/wp-content\/uploads\/sites\/3\/2023\/08\/Reina_Reyes.png\" class=\"attachment-medium size-medium\" alt=\"\" decoding=\"async\" loading=\"lazy\" \/><\/div>\n\t\t<\/a>\n\t\t\t\t<div class=\"elementor-post__badge\">Historia de la educaci\u00f3n<\/div>\n\t\t\t\t<div class=\"elementor-post__avatar\">\n\t\t\t<img alt='oded' src='https:\/\/secure.gravatar.com\/avatar\/90d3f8782ccb784ef21ac908ca15b132?s=128&#038;d=blank&#038;r=g' srcset='https:\/\/secure.gravatar.com\/avatar\/90d3f8782ccb784ef21ac908ca15b132?s=256&#038;d=blank&#038;r=g 2x' class='avatar avatar-128 photo' height='128' width='128' loading='lazy' decoding='async'\/>\t\t<\/div>\n\t\t\t\t<div class=\"elementor-post__text\">\n\t\t\t\t<h3 class=\"elementor-post__title\">\n\t\t\t<a href=\"https:\/\/fhce.edu.uy\/oded\/2023\/08\/01\/tercer-capitulo\/\" >\n\t\t\t\tTercer Cap\u00edtulo\t\t\t<\/a>\n\t\t<\/h3>\n\t\t\t\t<div class=\"elementor-post__excerpt\">\n\t\t\t<p>Reina Reyes. La autonom\u00eda del pensamiento El documental Reina Reyes. La autonom\u00eda del pensamiento que presentamos aqu\u00ed, es el tercer cap\u00edtulo del\u00a0Ciclo de Documentales Memorias de la Educaci\u00f3n. El equipo<\/p>\n\t\t<\/div>\n\t\t\t\t\t<a class=\"elementor-post__read-more\" href=\"https:\/\/fhce.edu.uy\/oded\/2023\/08\/01\/tercer-capitulo\/\" >\n\t\t\t\tVer m\u00e1s \u00bb\t\t\t<\/a>\n\t\t\t\t<\/div>\n\t\t\t\t<div class=\"elementor-post__meta-data\">\n\t\t\t\t\t<span class=\"elementor-post-date\">\n\t\t\t1 de agosto de 2023\t\t<\/span>\n\t\t\t\t<span class=\"elementor-post-avatar\">\n\t\t\tNo hay comentarios\t\t<\/span>\n\t\t\t\t<\/div>\n\t\t\t\t\t<\/div>\n\t\t<\/article>\n\t\t\t\t<article class=\"elementor-post elementor-grid-item post-5072 post type-post status-publish format-standard has-post-thumbnail hentry category-historia-de-la-educacion category-memorias tag-memorias_de_la_educacion tag-multimedia\">\n\t\t\t<div class=\"elementor-post__card\">\n\t\t\t\t<a class=\"elementor-post__thumbnail__link\" href=\"https:\/\/fhce.edu.uy\/oded\/2023\/04\/20\/primer-capitulo\/\" >\n\t\t\t<div class=\"elementor-post__thumbnail\"><img width=\"300\" height=\"237\" src=\"https:\/\/fhce.edu.uy\/oded\/wp-content\/uploads\/sites\/3\/2023\/04\/Memorias_cap1.jpg\" class=\"attachment-medium size-medium\" alt=\"\" decoding=\"async\" loading=\"lazy\" \/><\/div>\n\t\t<\/a>\n\t\t\t\t<div class=\"elementor-post__badge\">Historia de la educaci\u00f3n<\/div>\n\t\t\t\t<div class=\"elementor-post__avatar\">\n\t\t\t<img alt='oded' src='https:\/\/secure.gravatar.com\/avatar\/90d3f8782ccb784ef21ac908ca15b132?s=128&#038;d=blank&#038;r=g' srcset='https:\/\/secure.gravatar.com\/avatar\/90d3f8782ccb784ef21ac908ca15b132?s=256&#038;d=blank&#038;r=g 2x' class='avatar avatar-128 photo' height='128' width='128' loading='lazy' decoding='async'\/>\t\t<\/div>\n\t\t\t\t<div class=\"elementor-post__text\">\n\t\t\t\t<h3 class=\"elementor-post__title\">\n\t\t\t<a href=\"https:\/\/fhce.edu.uy\/oded\/2023\/04\/20\/primer-capitulo\/\" >\n\t\t\t\tPrimer Cap\u00edtulo\t\t\t<\/a>\n\t\t<\/h3>\n\t\t\t\t<div class=\"elementor-post__excerpt\">\n\t\t\t<p>Jos\u00e9 Luis Rebellato: la esperanza como proyecto colectivo El documental que compartimos \u201cJose Luis Rebellato: la esperanza como proyecto colectivo\u201d es el primer cap\u00edtulo de la serie Memorias de la<\/p>\n\t\t<\/div>\n\t\t\t\t\t<a class=\"elementor-post__read-more\" href=\"https:\/\/fhce.edu.uy\/oded\/2023\/04\/20\/primer-capitulo\/\" >\n\t\t\t\tVer m\u00e1s \u00bb\t\t\t<\/a>\n\t\t\t\t<\/div>\n\t\t\t\t<div class=\"elementor-post__meta-data\">\n\t\t\t\t\t<span class=\"elementor-post-date\">\n\t\t\t20 de abril de 2023\t\t<\/span>\n\t\t\t\t<span class=\"elementor-post-avatar\">\n\t\t\tNo hay comentarios\t\t<\/span>\n\t\t\t\t<\/div>\n\t\t\t\t\t<\/div>\n\t\t<\/article>\n\t\t\t\t<article class=\"elementor-post elementor-grid-item post-4945 post type-post status-publish format-standard has-post-thumbnail hentry category-historia-de-la-educacion category-memorias tag-memorias_de_la_educacion tag-multimedia\">\n\t\t\t<div class=\"elementor-post__card\">\n\t\t\t\t<a class=\"elementor-post__thumbnail__link\" href=\"https:\/\/fhce.edu.uy\/oded\/2023\/03\/23\/segundo_capitulo\/\" >\n\t\t\t<div class=\"elementor-post__thumbnail\"><img width=\"300\" height=\"169\" src=\"https:\/\/fhce.edu.uy\/oded\/wp-content\/uploads\/sites\/3\/2023\/03\/entrada.png\" class=\"attachment-medium size-medium\" alt=\"\" decoding=\"async\" loading=\"lazy\" \/><\/div>\n\t\t<\/a>\n\t\t\t\t<div class=\"elementor-post__badge\">Historia de la educaci\u00f3n<\/div>\n\t\t\t\t<div class=\"elementor-post__avatar\">\n\t\t\t<img alt='oded' src='https:\/\/secure.gravatar.com\/avatar\/90d3f8782ccb784ef21ac908ca15b132?s=128&#038;d=blank&#038;r=g' srcset='https:\/\/secure.gravatar.com\/avatar\/90d3f8782ccb784ef21ac908ca15b132?s=256&#038;d=blank&#038;r=g 2x' class='avatar avatar-128 photo' height='128' width='128' loading='lazy' decoding='async'\/>\t\t<\/div>\n\t\t\t\t<div class=\"elementor-post__text\">\n\t\t\t\t<h3 class=\"elementor-post__title\">\n\t\t\t<a href=\"https:\/\/fhce.edu.uy\/oded\/2023\/03\/23\/segundo_capitulo\/\" >\n\t\t\t\tSegundo Cap\u00edtulo\t\t\t<\/a>\n\t\t<\/h3>\n\t\t\t\t<div class=\"elementor-post__excerpt\">\n\t\t\t<p>La Revista de la Educaci\u00f3n del Pueblo, para un magisterio que nace El documental que presentamos \u201cLa Revista de la Educaci\u00f3n del Pueblo, para un magisterio que nace\u201d es el<\/p>\n\t\t<\/div>\n\t\t\t\t\t<a class=\"elementor-post__read-more\" href=\"https:\/\/fhce.edu.uy\/oded\/2023\/03\/23\/segundo_capitulo\/\" >\n\t\t\t\tVer m\u00e1s \u00bb\t\t\t<\/a>\n\t\t\t\t<\/div>\n\t\t\t\t<div class=\"elementor-post__meta-data\">\n\t\t\t\t\t<span class=\"elementor-post-date\">\n\t\t\t23 de marzo de 2023\t\t<\/span>\n\t\t\t\t<span class=\"elementor-post-avatar\">\n\t\t\tNo hay comentarios\t\t<\/span>\n\t\t\t\t<\/div>\n\t\t\t\t\t<\/div>\n\t\t<\/article>\n\t\t\t\t<\/div>\n\t\t\t\t<\/div>\n\t\t\t\t<\/div>\n\t\t\t\t\t<\/div>\n\t\t<\/div>\n\t\t\t\t\t\t\t<\/div>\n\t\t<\/section>\n\t\t\t\t\t\t<\/div>\n\t\t\t\t\t<\/div>\n\t\t","protected":false},"excerpt":{"rendered":"<p>Estos documentales constituyen aportes del equipo de Historia de la Educaci\u00f3n al Observatorio del Derecho a a la Educaci\u00f3n. Se[&#8230;]<\/p>\n","protected":false},"author":5,"featured_media":3407,"parent":0,"menu_order":0,"comment_status":"closed","ping_status":"closed","template":"","meta":{"_coblocks_attr":"","_coblocks_dimensions":"","_coblocks_responsive_height":"","_coblocks_accordion_ie_support":""},"_links":{"self":[{"href":"https:\/\/fhce.edu.uy\/oded\/wp-json\/wp\/v2\/pages\/5048"}],"collection":[{"href":"https:\/\/fhce.edu.uy\/oded\/wp-json\/wp\/v2\/pages"}],"about":[{"href":"https:\/\/fhce.edu.uy\/oded\/wp-json\/wp\/v2\/types\/page"}],"author":[{"embeddable":true,"href":"https:\/\/fhce.edu.uy\/oded\/wp-json\/wp\/v2\/users\/5"}],"replies":[{"embeddable":true,"href":"https:\/\/fhce.edu.uy\/oded\/wp-json\/wp\/v2\/comments?post=5048"}],"version-history":[{"count":11,"href":"https:\/\/fhce.edu.uy\/oded\/wp-json\/wp\/v2\/pages\/5048\/revisions"}],"predecessor-version":[{"id":5092,"href":"https:\/\/fhce.edu.uy\/oded\/wp-json\/wp\/v2\/pages\/5048\/revisions\/5092"}],"wp:featuredmedia":[{"embeddable":true,"href":"https:\/\/fhce.edu.uy\/oded\/wp-json\/wp\/v2\/media\/3407"}],"wp:attachment":[{"href":"https:\/\/fhce.edu.uy\/oded\/wp-json\/wp\/v2\/media?parent=5048"}],"curies":[{"name":"wp","href":"https:\/\/api.w.org\/{rel}","templated":true}]}}