{"id":4833,"date":"2023-02-23T00:47:03","date_gmt":"2023-02-23T03:47:03","guid":{"rendered":"https:\/\/fhce.edu.uy\/oded\/?page_id=4833"},"modified":"2023-02-23T00:50:09","modified_gmt":"2023-02-23T03:50:09","slug":"multimedia_pecuc","status":"publish","type":"page","link":"https:\/\/fhce.edu.uy\/oded\/multimedia_pecuc\/","title":{"rendered":"Contenido multimedia PECUC"},"content":{"rendered":"\t\t<div data-elementor-type=\"wp-page\" data-elementor-id=\"4833\" class=\"elementor elementor-4833\" data-elementor-settings=\"[]\">\n\t\t\t\t\t\t\t<div class=\"elementor-section-wrap\">\n\t\t\t\t\t\t\t<section class=\"elementor-section elementor-top-section elementor-element elementor-element-fd176fd elementor-section-boxed elementor-section-height-default elementor-section-height-default\" data-id=\"fd176fd\" data-element_type=\"section\">\n\t\t\t\t\t\t<div class=\"elementor-container elementor-column-gap-default\">\n\t\t\t\t\t<div class=\"elementor-column elementor-col-100 elementor-top-column elementor-element elementor-element-a57c855\" data-id=\"a57c855\" data-element_type=\"column\">\n\t\t\t<div class=\"elementor-widget-wrap elementor-element-populated\">\n\t\t\t\t\t\t\t\t<div class=\"elementor-element elementor-element-4131db7 elementor-grid-2 elementor-grid-tablet-2 elementor-grid-mobile-1 elementor-posts--thumbnail-top elementor-posts--show-avatar elementor-card-shadow-yes elementor-posts__hover-gradient elementor-widget elementor-widget-posts\" data-id=\"4131db7\" data-element_type=\"widget\" data-settings=\"{&quot;cards_columns&quot;:&quot;2&quot;,&quot;cards_columns_tablet&quot;:&quot;2&quot;,&quot;cards_columns_mobile&quot;:&quot;1&quot;,&quot;cards_row_gap&quot;:{&quot;unit&quot;:&quot;px&quot;,&quot;size&quot;:35,&quot;sizes&quot;:[]}}\" data-widget_type=\"posts.cards\">\n\t\t\t\t<div class=\"elementor-widget-container\">\n\t\t\t\t\t<div class=\"elementor-posts-container elementor-posts elementor-posts--skin-cards elementor-grid\">\n\t\t\t\t<article class=\"elementor-post elementor-grid-item post-5459 post type-post status-publish format-standard has-post-thumbnail hentry category-entrevistas category-noticias category-novedades category-pecuc tag-multimedia\">\n\t\t\t<div class=\"elementor-post__card\">\n\t\t\t\t<a class=\"elementor-post__thumbnail__link\" href=\"https:\/\/fhce.edu.uy\/oded\/2023\/08\/28\/pablo_scharagrodsky\/\" target=\"_blank\">\n\t\t\t<div class=\"elementor-post__thumbnail\"><img width=\"300\" height=\"155\" src=\"https:\/\/fhce.edu.uy\/oded\/wp-content\/uploads\/sites\/3\/2023\/08\/Captura-de-Pantalla-2023-08-28-a-las-12.39.14.png\" class=\"attachment-medium size-medium\" alt=\"\" decoding=\"async\" loading=\"lazy\" \/><\/div>\n\t\t<\/a>\n\t\t\t\t<div class=\"elementor-post__badge\">Entrevistas<\/div>\n\t\t\t\t<div class=\"elementor-post__avatar\">\n\t\t\t<img alt='oded' src='https:\/\/secure.gravatar.com\/avatar\/90d3f8782ccb784ef21ac908ca15b132?s=128&#038;d=blank&#038;r=g' srcset='https:\/\/secure.gravatar.com\/avatar\/90d3f8782ccb784ef21ac908ca15b132?s=256&#038;d=blank&#038;r=g 2x' class='avatar avatar-128 photo' height='128' width='128' loading='lazy' decoding='async'\/>\t\t<\/div>\n\t\t\t\t<div class=\"elementor-post__text\">\n\t\t\t\t<h3 class=\"elementor-post__title\">\n\t\t\t<a href=\"https:\/\/fhce.edu.uy\/oded\/2023\/08\/28\/pablo_scharagrodsky\/\" target=\"_blank\">\n\t\t\t\tEntrevista al Dr. Pablo Scharagrodsky\t\t\t<\/a>\n\t\t<\/h3>\n\t\t\t\t<div class=\"elementor-post__excerpt\">\n\t\t\t<p>Entrevista realizada al Dr. Pablo Scharagrodsky, en el marco de su estancia de investigaci\u00f3n en Uruguay con el Grupo de<\/p>\n\t\t<\/div>\n\t\t\t\t\t<a class=\"elementor-post__read-more\" href=\"https:\/\/fhce.edu.uy\/oded\/2023\/08\/28\/pablo_scharagrodsky\/\" target=\"_blank\">\n\t\t\t\tVer m\u00e1s \u00bb\t\t\t<\/a>\n\t\t\t\t<\/div>\n\t\t\t\t<div class=\"elementor-post__meta-data\">\n\t\t\t\t\t<span class=\"elementor-post-date\">\n\t\t\t28 de agosto de 2023\t\t<\/span>\n\t\t\t\t<span class=\"elementor-post-avatar\">\n\t\t\tNo hay comentarios\t\t<\/span>\n\t\t\t\t<\/div>\n\t\t\t\t\t<\/div>\n\t\t<\/article>\n\t\t\t\t<article class=\"elementor-post elementor-grid-item post-4871 post type-post status-publish format-standard has-post-thumbnail hentry category-pecuc tag-multimedia\">\n\t\t\t<div class=\"elementor-post__card\">\n\t\t\t\t<a class=\"elementor-post__thumbnail__link\" href=\"https:\/\/fhce.edu.uy\/oded\/2023\/03\/06\/efi_malvin_norte\/\" target=\"_blank\">\n\t\t\t<div class=\"elementor-post__thumbnail\"><img width=\"300\" height=\"197\" src=\"https:\/\/fhce.edu.uy\/oded\/wp-content\/uploads\/sites\/3\/2023\/03\/portada_EFI.jpg\" class=\"attachment-medium size-medium\" alt=\"\" decoding=\"async\" loading=\"lazy\" \/><\/div>\n\t\t<\/a>\n\t\t\t\t<div class=\"elementor-post__badge\">Pecuc<\/div>\n\t\t\t\t<div class=\"elementor-post__avatar\">\n\t\t\t<img alt='oded' src='https:\/\/secure.gravatar.com\/avatar\/90d3f8782ccb784ef21ac908ca15b132?s=128&#038;d=blank&#038;r=g' srcset='https:\/\/secure.gravatar.com\/avatar\/90d3f8782ccb784ef21ac908ca15b132?s=256&#038;d=blank&#038;r=g 2x' class='avatar avatar-128 photo' height='128' width='128' loading='lazy' decoding='async'\/>\t\t<\/div>\n\t\t\t\t<div class=\"elementor-post__text\">\n\t\t\t\t<h3 class=\"elementor-post__title\">\n\t\t\t<a href=\"https:\/\/fhce.edu.uy\/oded\/2023\/03\/06\/efi_malvin_norte\/\" target=\"_blank\">\n\t\t\t\tEFI &#8211; Cuerpo y Educaci\u00f3n en Malv\u00edn Norte\t\t\t<\/a>\n\t\t<\/h3>\n\t\t\t\t<div class=\"elementor-post__excerpt\">\n\t\t\t<p>Grupo\u00a0\u201cPol\u00edticas educativas, cuerpo y curr\u00edculum\u201d\u00a0(PECUC) https:\/\/youtu.be\/wDvv8SIv3i0 Compartimos con ustedes un breve registro del Espacio de Formaci\u00f3n Integral (EFI) que da<\/p>\n\t\t<\/div>\n\t\t\t\t\t<a class=\"elementor-post__read-more\" href=\"https:\/\/fhce.edu.uy\/oded\/2023\/03\/06\/efi_malvin_norte\/\" target=\"_blank\">\n\t\t\t\tVer m\u00e1s \u00bb\t\t\t<\/a>\n\t\t\t\t<\/div>\n\t\t\t\t<div class=\"elementor-post__meta-data\">\n\t\t\t\t\t<span class=\"elementor-post-date\">\n\t\t\t6 de marzo de 2023\t\t<\/span>\n\t\t\t\t<span class=\"elementor-post-avatar\">\n\t\t\tNo hay comentarios\t\t<\/span>\n\t\t\t\t<\/div>\n\t\t\t\t\t<\/div>\n\t\t<\/article>\n\t\t\t\t<article class=\"elementor-post elementor-grid-item post-4800 post type-post status-publish format-standard has-post-thumbnail hentry category-novedades category-pecuc tag-multimedia\">\n\t\t\t<div class=\"elementor-post__card\">\n\t\t\t\t<a class=\"elementor-post__thumbnail__link\" href=\"https:\/\/fhce.edu.uy\/oded\/2023\/02\/23\/coloquio_historia_educacion_fisica_pecuc\/\" target=\"_blank\">\n\t\t\t<div class=\"elementor-post__thumbnail\"><img width=\"300\" height=\"197\" src=\"https:\/\/fhce.edu.uy\/oded\/wp-content\/uploads\/sites\/3\/2023\/02\/PECUC_coloquio.jpg\" class=\"attachment-medium size-medium\" alt=\"\" decoding=\"async\" loading=\"lazy\" \/><\/div>\n\t\t<\/a>\n\t\t\t\t<div class=\"elementor-post__badge\">Novedades<\/div>\n\t\t\t\t<div class=\"elementor-post__avatar\">\n\t\t\t<img alt='oded' src='https:\/\/secure.gravatar.com\/avatar\/90d3f8782ccb784ef21ac908ca15b132?s=128&#038;d=blank&#038;r=g' srcset='https:\/\/secure.gravatar.com\/avatar\/90d3f8782ccb784ef21ac908ca15b132?s=256&#038;d=blank&#038;r=g 2x' class='avatar avatar-128 photo' height='128' width='128' loading='lazy' decoding='async'\/>\t\t<\/div>\n\t\t\t\t<div class=\"elementor-post__text\">\n\t\t\t\t<h3 class=\"elementor-post__title\">\n\t\t\t<a href=\"https:\/\/fhce.edu.uy\/oded\/2023\/02\/23\/coloquio_historia_educacion_fisica_pecuc\/\" target=\"_blank\">\n\t\t\t\t3er Coloquio Uruguayo de Historia de la Educaci\u00f3n F\u00edsica\t\t\t<\/a>\n\t\t<\/h3>\n\t\t\t\t<div class=\"elementor-post__excerpt\">\n\t\t\t<p>Grupo\u00a0\u201cPol\u00edticas Educativas, Cuerpo y Curriculum\u201d\u00a0(PECUC) La l\u00ednea de investigaci\u00f3n \u201cHistoria de la educaci\u00f3n f\u00edsica y de la educaci\u00f3n del&nbsp;cuerpo\u201d del<\/p>\n\t\t<\/div>\n\t\t\t\t\t<a class=\"elementor-post__read-more\" href=\"https:\/\/fhce.edu.uy\/oded\/2023\/02\/23\/coloquio_historia_educacion_fisica_pecuc\/\" target=\"_blank\">\n\t\t\t\tVer m\u00e1s \u00bb\t\t\t<\/a>\n\t\t\t\t<\/div>\n\t\t\t\t<div class=\"elementor-post__meta-data\">\n\t\t\t\t\t<span class=\"elementor-post-date\">\n\t\t\t23 de febrero de 2023\t\t<\/span>\n\t\t\t\t<span class=\"elementor-post-avatar\">\n\t\t\tNo hay comentarios\t\t<\/span>\n\t\t\t\t<\/div>\n\t\t\t\t\t<\/div>\n\t\t<\/article>\n\t\t\t\t<article class=\"elementor-post elementor-grid-item post-2450 post type-post status-publish format-standard has-post-thumbnail hentry category-aportes-breves category-novedades category-pecuc\">\n\t\t\t<div class=\"elementor-post__card\">\n\t\t\t\t<a class=\"elementor-post__thumbnail__link\" href=\"https:\/\/fhce.edu.uy\/oded\/2022\/05\/28\/que-cambio-en-las-politicas-en-educacion-fisica-del-nuevo-gobierno\/\" target=\"_blank\">\n\t\t\t<div class=\"elementor-post__thumbnail\"><img width=\"300\" height=\"300\" src=\"https:\/\/fhce.edu.uy\/oded\/wp-content\/uploads\/sites\/3\/2022\/05\/FOTO-Educacion-fisica_web.jpg\" class=\"attachment-medium size-medium\" alt=\"\" decoding=\"async\" loading=\"lazy\" \/><\/div>\n\t\t<\/a>\n\t\t\t\t<div class=\"elementor-post__badge\">Aportes breves<\/div>\n\t\t\t\t<div class=\"elementor-post__avatar\">\n\t\t\t<img alt='oded' src='https:\/\/secure.gravatar.com\/avatar\/90d3f8782ccb784ef21ac908ca15b132?s=128&#038;d=blank&#038;r=g' srcset='https:\/\/secure.gravatar.com\/avatar\/90d3f8782ccb784ef21ac908ca15b132?s=256&#038;d=blank&#038;r=g 2x' class='avatar avatar-128 photo' height='128' width='128' loading='lazy' decoding='async'\/>\t\t<\/div>\n\t\t\t\t<div class=\"elementor-post__text\">\n\t\t\t\t<h3 class=\"elementor-post__title\">\n\t\t\t<a href=\"https:\/\/fhce.edu.uy\/oded\/2022\/05\/28\/que-cambio-en-las-politicas-en-educacion-fisica-del-nuevo-gobierno\/\" target=\"_blank\">\n\t\t\t\t\u00bfQu\u00e9 cambi\u00f3 en las pol\u00edticas en educaci\u00f3n f\u00edsica del nuevo gobierno?\t\t\t<\/a>\n\t\t<\/h3>\n\t\t\t\t<div class=\"elementor-post__excerpt\">\n\t\t\t<p>Paola Dogliotti2 Silvina P\u00e1ez3\u00a0 A partir de la inquietud de si hay se\u00f1as de un nuevo proyecto conservador para la<\/p>\n\t\t<\/div>\n\t\t\t\t\t<a class=\"elementor-post__read-more\" href=\"https:\/\/fhce.edu.uy\/oded\/2022\/05\/28\/que-cambio-en-las-politicas-en-educacion-fisica-del-nuevo-gobierno\/\" target=\"_blank\">\n\t\t\t\tVer m\u00e1s \u00bb\t\t\t<\/a>\n\t\t\t\t<\/div>\n\t\t\t\t<div class=\"elementor-post__meta-data\">\n\t\t\t\t\t<span class=\"elementor-post-date\">\n\t\t\t28 de mayo de 2022\t\t<\/span>\n\t\t\t\t<span class=\"elementor-post-avatar\">\n\t\t\tNo hay comentarios\t\t<\/span>\n\t\t\t\t<\/div>\n\t\t\t\t\t<\/div>\n\t\t<\/article>\n\t\t\t\t<\/div>\n\t\t\t\t<\/div>\n\t\t\t\t<\/div>\n\t\t\t\t\t<\/div>\n\t\t<\/div>\n\t\t\t\t\t\t\t<\/div>\n\t\t<\/section>\n\t\t\t\t\t\t<\/div>\n\t\t\t\t\t<\/div>\n\t\t","protected":false},"excerpt":{"rendered":"","protected":false},"author":5,"featured_media":3429,"parent":0,"menu_order":0,"comment_status":"closed","ping_status":"closed","template":"","meta":{"_coblocks_attr":"","_coblocks_dimensions":"","_coblocks_responsive_height":"","_coblocks_accordion_ie_support":""},"_links":{"self":[{"href":"https:\/\/fhce.edu.uy\/oded\/wp-json\/wp\/v2\/pages\/4833"}],"collection":[{"href":"https:\/\/fhce.edu.uy\/oded\/wp-json\/wp\/v2\/pages"}],"about":[{"href":"https:\/\/fhce.edu.uy\/oded\/wp-json\/wp\/v2\/types\/page"}],"author":[{"embeddable":true,"href":"https:\/\/fhce.edu.uy\/oded\/wp-json\/wp\/v2\/users\/5"}],"replies":[{"embeddable":true,"href":"https:\/\/fhce.edu.uy\/oded\/wp-json\/wp\/v2\/comments?post=4833"}],"version-history":[{"count":7,"href":"https:\/\/fhce.edu.uy\/oded\/wp-json\/wp\/v2\/pages\/4833\/revisions"}],"predecessor-version":[{"id":4840,"href":"https:\/\/fhce.edu.uy\/oded\/wp-json\/wp\/v2\/pages\/4833\/revisions\/4840"}],"wp:featuredmedia":[{"embeddable":true,"href":"https:\/\/fhce.edu.uy\/oded\/wp-json\/wp\/v2\/media\/3429"}],"wp:attachment":[{"href":"https:\/\/fhce.edu.uy\/oded\/wp-json\/wp\/v2\/media?parent=4833"}],"curies":[{"name":"wp","href":"https:\/\/api.w.org\/{rel}","templated":true}]}}