{"id":37,"date":"2021-11-03T23:50:27","date_gmt":"2021-11-04T02:50:27","guid":{"rendered":"https:\/\/fhce.edu.uy\/oded\/?page_id=37"},"modified":"2023-07-12T16:38:13","modified_gmt":"2023-07-12T19:38:13","slug":"historia-de-la-educacion","status":"publish","type":"page","link":"https:\/\/fhce.edu.uy\/oded\/historia-de-la-educacion\/","title":{"rendered":"Historia de la educaci\u00f3n en Uruguay. Proyectos, sujetos, pr\u00e1cticas y saberes en los siglos XIX y XX"},"content":{"rendered":"\t\t<div data-elementor-type=\"wp-page\" data-elementor-id=\"37\" class=\"elementor elementor-37\" data-elementor-settings=\"[]\">\n\t\t\t\t\t\t\t<div class=\"elementor-section-wrap\">\n\t\t\t\t\t\t\t<section class=\"elementor-section elementor-top-section elementor-element elementor-element-8e7dcee elementor-section-boxed elementor-section-height-default elementor-section-height-default\" data-id=\"8e7dcee\" data-element_type=\"section\">\n\t\t\t\t\t\t<div class=\"elementor-container elementor-column-gap-default\">\n\t\t\t\t\t<div class=\"elementor-column elementor-col-100 elementor-top-column elementor-element elementor-element-5d150e0\" data-id=\"5d150e0\" data-element_type=\"column\">\n\t\t\t<div class=\"elementor-widget-wrap elementor-element-populated\">\n\t\t\t\t\t\t\t\t<div class=\"elementor-element elementor-element-b9c6371 elementor-widget elementor-widget-spacer\" data-id=\"b9c6371\" data-element_type=\"widget\" data-widget_type=\"spacer.default\">\n\t\t\t\t<div class=\"elementor-widget-container\">\n\t\t\t\t\t<div class=\"elementor-spacer\">\n\t\t\t<div class=\"elementor-spacer-inner\"><\/div>\n\t\t<\/div>\n\t\t\t\t<\/div>\n\t\t\t\t<\/div>\n\t\t\t\t\t<\/div>\n\t\t<\/div>\n\t\t\t\t\t\t\t<\/div>\n\t\t<\/section>\n\t\t\t\t<section class=\"elementor-section elementor-top-section elementor-element elementor-element-9fffd28 elementor-section-boxed elementor-section-height-default elementor-section-height-default\" data-id=\"9fffd28\" data-element_type=\"section\">\n\t\t\t\t\t\t<div class=\"elementor-container elementor-column-gap-default\">\n\t\t\t\t\t<div class=\"elementor-column elementor-col-66 elementor-top-column elementor-element elementor-element-239b567\" data-id=\"239b567\" data-element_type=\"column\">\n\t\t\t<div class=\"elementor-widget-wrap elementor-element-populated\">\n\t\t\t\t\t\t\t\t<div class=\"elementor-element elementor-element-e1c2946 elementor-widget elementor-widget-text-editor\" data-id=\"e1c2946\" data-element_type=\"widget\" data-widget_type=\"text-editor.default\">\n\t\t\t\t<div class=\"elementor-widget-container\">\n\t\t\t\t\t\t\t<p>El grupo -que bajo distintos formatos ha funcionado desde 2007- se propone contribuir a la consolidaci\u00f3n de la investigaci\u00f3n en historia de la educaci\u00f3n, con un compromiso de di\u00e1logo con renovaciones metodol\u00f3gicas operadas en otros campos de la investigaci\u00f3n hist\u00f3rica.\u00a0<\/p>\t\t\t\t\t\t<\/div>\n\t\t\t\t<\/div>\n\t\t\t\t<div class=\"elementor-element elementor-element-ea00efd elementor-widget elementor-widget-text-editor\" data-id=\"ea00efd\" data-element_type=\"widget\" data-widget_type=\"text-editor.default\">\n\t\t\t\t<div class=\"elementor-widget-container\">\n\t\t\t\t\t\t\t<p><span style=\"background-color: var(--page-background-color)\">Re\u00fane a investigadores que desarrollan proyectos de grado, maestr\u00eda y doctorado con una diversidad de enfoques, privilegiando a la educaci\u00f3n escolar en sus diversas realidades institucionales, desde una perspectiva que articula las escalas local, nacional, regional y trasnacional.\u00a0<\/span><\/p><p>Re\u00fane a investigadores que desarrollan proyectos de grado, maestr\u00eda y doctorado con una diversidad de enfoques, privilegiando a la educaci\u00f3n escolar en sus diversas realidades institucionales, desde una perspectiva que articula las escalas local, nacional, regional y trasnacional.\u00a0<span style=\"background-color: var(--page-background-color)\"><br \/><\/span><\/p>\t\t\t\t\t\t<\/div>\n\t\t\t\t<\/div>\n\t\t\t\t\t<\/div>\n\t\t<\/div>\n\t\t\t\t<div class=\"elementor-column elementor-col-33 elementor-top-column elementor-element elementor-element-fbaf8ec\" data-id=\"fbaf8ec\" data-element_type=\"column\">\n\t\t\t<div class=\"elementor-widget-wrap elementor-element-populated\">\n\t\t\t\t\t\t\t\t<div class=\"elementor-element elementor-element-b86bbac elementor-widget elementor-widget-image\" data-id=\"b86bbac\" data-element_type=\"widget\" data-widget_type=\"image.default\">\n\t\t\t\t<div class=\"elementor-widget-container\">\n\t\t\t\t\t\t\t\t\t\t\t\t\t\t\t\t<a href=\"https:\/\/www.youtube.com\/watch?v=xmr7dcSJ56o&#038;t=2s\">\n\t\t\t\t\t\t\t<img decoding=\"async\" width=\"576\" height=\"1024\" src=\"https:\/\/fhce.edu.uy\/oded\/wp-content\/uploads\/sites\/3\/2022\/08\/portaDA-Politico-pedagogico.jpg\" class=\"attachment-large size-large\" alt=\"\" loading=\"lazy\" \/>\t\t\t\t\t\t\t\t<\/a>\n\t\t\t\t\t\t\t\t\t\t\t\t\t\t\t<\/div>\n\t\t\t\t<\/div>\n\t\t\t\t\t<\/div>\n\t\t<\/div>\n\t\t\t\t\t\t\t<\/div>\n\t\t<\/section>\n\t\t\t\t<section class=\"elementor-section elementor-top-section elementor-element elementor-element-2737037 elementor-section-boxed elementor-section-height-default elementor-section-height-default\" data-id=\"2737037\" data-element_type=\"section\">\n\t\t\t\t\t\t<div class=\"elementor-container elementor-column-gap-default\">\n\t\t\t\t\t<div class=\"elementor-column elementor-col-100 elementor-top-column elementor-element elementor-element-a67958d\" data-id=\"a67958d\" data-element_type=\"column\">\n\t\t\t<div class=\"elementor-widget-wrap elementor-element-populated\">\n\t\t\t\t\t\t\t\t<div class=\"elementor-element elementor-element-4cf8e2a elementor-widget elementor-widget-text-editor\" data-id=\"4cf8e2a\" data-element_type=\"widget\" data-widget_type=\"text-editor.default\">\n\t\t\t\t<div class=\"elementor-widget-container\">\n\t\t\t\t\t\t\t<p><span style=\"color: var( --e-global-color-text );font-family: var( --e-global-typography-text-font-family ), Sans-serif;font-size: var( --e-global-typography-text-font-size );background-color: var(--page-background-color)\">El grupo se ha interesado principalmente en los procesos de configuraci\u00f3n (producci\u00f3n y circulaci\u00f3n) de saberes espec\u00edficos sobre educaci\u00f3n desde una perspectiva latinoamericana. En ese sentido, se viene trabajando en la historia de la pedagog\u00eda y los curriculums, historia de la formaci\u00f3n docente, de la educaci\u00f3n t\u00e9cnica, historia de la renovaci\u00f3n escolar y la Escuela Nueva, historia de la sociolog\u00eda de la educaci\u00f3n y la construcci\u00f3n del campo de investigaci\u00f3n en la educaci\u00f3n, entre otros. Es especialmente importante entender la participaci\u00f3n de diversos sujetos en la construcci\u00f3n del campo educativo: mujeres, asociaciones gremiales y sindicales, educadores como productores culturales, estudiantes e infancias, intelectuales.&nbsp;<\/span><br><\/p>\n<p><span style=\"font-weight: 400\">El trabajo se nutre de perspectivas como historia intelectual, historia de la prensa pedag\u00f3gica, historia de g\u00e9nero e historia de la cultura material de la escuela. Asimismo, propone intensificar los di\u00e1logos y la cooperaci\u00f3n con acad\u00e9micos dedicados a la historia de la educaci\u00f3n a nivel regional e internacional, vincul\u00e1ndose sistem\u00e1ticamente con grupos e investigadores de pa\u00edses como Argentina, Brasil, Chile y M\u00e9xico; y participando en las principales instancias de intercambio a nivel internacional como CIHELA (Congresos Iberoamericanos de Historia de la Educaci\u00f3n Latinoamericana) e ISCHE (<i>International Standing Conference on History of Education<\/i>).&nbsp;<\/span><\/p>\n<p><span style=\"font-weight: 400\">A la vez, se busca superar una historia de la educaci\u00f3n centrada en recuperar figuras y experiencias con criterio celebratorio y asume el compromiso de construir problemas que aporten a la comprensi\u00f3n de los&nbsp;<\/span><span style=\"font-weight: 400\">desaf\u00edos actuales de la realidad educativa desde una perspectiva del derecho a la educaci\u00f3n.<\/span><\/p>\t\t\t\t\t\t<\/div>\n\t\t\t\t<\/div>\n\t\t\t\t\t<\/div>\n\t\t<\/div>\n\t\t\t\t\t\t\t<\/div>\n\t\t<\/section>\n\t\t\t\t<section class=\"elementor-section elementor-top-section elementor-element elementor-element-418a8b4 elementor-section-boxed elementor-section-height-default elementor-section-height-default\" data-id=\"418a8b4\" data-element_type=\"section\">\n\t\t\t\t\t\t<div class=\"elementor-container elementor-column-gap-default\">\n\t\t\t\t\t<div class=\"elementor-column elementor-col-33 elementor-top-column elementor-element elementor-element-0c3e9d4\" data-id=\"0c3e9d4\" data-element_type=\"column\">\n\t\t\t<div class=\"elementor-widget-wrap\">\n\t\t\t\t\t\t\t\t\t<\/div>\n\t\t<\/div>\n\t\t\t\t<div class=\"elementor-column elementor-col-33 elementor-top-column elementor-element elementor-element-7d9ea01\" data-id=\"7d9ea01\" data-element_type=\"column\">\n\t\t\t<div class=\"elementor-widget-wrap elementor-element-populated\">\n\t\t\t\t\t\t\t\t<div class=\"elementor-element elementor-element-d36463a elementor-align-center elementor-widget elementor-widget-button\" data-id=\"d36463a\" data-element_type=\"widget\" data-widget_type=\"button.default\">\n\t\t\t\t<div class=\"elementor-widget-container\">\n\t\t\t\t\t<div class=\"elementor-button-wrapper\">\n\t\t\t<a href=\"https:\/\/fhce.edu.uy\/oded\/serie_documental_memorias_educacion\/\" class=\"elementor-button-link elementor-button elementor-size-xs\" role=\"button\">\n\t\t\t\t\t\t<span class=\"elementor-button-content-wrapper\">\n\t\t\t\t\t\t<span class=\"elementor-button-text\">MULTIMEDIA<\/span>\n\t\t<\/span>\n\t\t\t\t\t<\/a>\n\t\t<\/div>\n\t\t\t\t<\/div>\n\t\t\t\t<\/div>\n\t\t\t\t\t<\/div>\n\t\t<\/div>\n\t\t\t\t<div class=\"elementor-column elementor-col-33 elementor-top-column elementor-element elementor-element-aeeb77c\" data-id=\"aeeb77c\" data-element_type=\"column\">\n\t\t\t<div class=\"elementor-widget-wrap\">\n\t\t\t\t\t\t\t\t\t<\/div>\n\t\t<\/div>\n\t\t\t\t\t\t\t<\/div>\n\t\t<\/section>\n\t\t\t\t<section class=\"elementor-section elementor-top-section elementor-element elementor-element-8ce8dd9 elementor-section-boxed elementor-section-height-default elementor-section-height-default\" data-id=\"8ce8dd9\" data-element_type=\"section\">\n\t\t\t\t\t\t<div class=\"elementor-container elementor-column-gap-default\">\n\t\t\t\t\t<div class=\"elementor-column elementor-col-100 elementor-top-column elementor-element elementor-element-14ad10f\" data-id=\"14ad10f\" data-element_type=\"column\">\n\t\t\t<div class=\"elementor-widget-wrap elementor-element-populated\">\n\t\t\t\t\t\t\t\t<div class=\"elementor-element elementor-element-d0c8bed elementor-widget elementor-widget-spacer\" data-id=\"d0c8bed\" data-element_type=\"widget\" data-widget_type=\"spacer.default\">\n\t\t\t\t<div class=\"elementor-widget-container\">\n\t\t\t\t\t<div class=\"elementor-spacer\">\n\t\t\t<div class=\"elementor-spacer-inner\"><\/div>\n\t\t<\/div>\n\t\t\t\t<\/div>\n\t\t\t\t<\/div>\n\t\t\t\t\t<\/div>\n\t\t<\/div>\n\t\t\t\t\t\t\t<\/div>\n\t\t<\/section>\n\t\t\t\t<section class=\"elementor-section elementor-top-section elementor-element elementor-element-b695e09 elementor-section-boxed elementor-section-height-default elementor-section-height-default\" data-id=\"b695e09\" data-element_type=\"section\">\n\t\t\t\t\t\t<div class=\"elementor-container elementor-column-gap-default\">\n\t\t\t\t\t<div class=\"elementor-column elementor-col-16 elementor-top-column elementor-element elementor-element-3ddf63a\" data-id=\"3ddf63a\" data-element_type=\"column\">\n\t\t\t<div class=\"elementor-widget-wrap elementor-element-populated\">\n\t\t\t\t\t\t\t\t<div class=\"elementor-element elementor-element-4ee6eef elementor-button-info elementor-widget elementor-widget-button\" data-id=\"4ee6eef\" data-element_type=\"widget\" data-widget_type=\"button.default\">\n\t\t\t\t<div class=\"elementor-widget-container\">\n\t\t\t\t\t<div class=\"elementor-button-wrapper\">\n\t\t\t<a href=\"https:\/\/fhce.edu.uy\/oded\/geppred\/\" class=\"elementor-button-link elementor-button elementor-size-md elementor-animation-grow\" role=\"button\">\n\t\t\t\t\t\t<span class=\"elementor-button-content-wrapper\">\n\t\t\t\t\t\t<span class=\"elementor-button-icon elementor-align-icon-left\">\n\t\t\t\t<i aria-hidden=\"true\" class=\"fas fa-arrow-circle-left\"><\/i>\t\t\t<\/span>\n\t\t\t\t\t\t<span class=\"elementor-button-text\">GEPPrEd<\/span>\n\t\t<\/span>\n\t\t\t\t\t<\/a>\n\t\t<\/div>\n\t\t\t\t<\/div>\n\t\t\t\t<\/div>\n\t\t\t\t\t<\/div>\n\t\t<\/div>\n\t\t\t\t<div class=\"elementor-column elementor-col-16 elementor-top-column elementor-element elementor-element-d551a9f\" data-id=\"d551a9f\" data-element_type=\"column\">\n\t\t\t<div class=\"elementor-widget-wrap\">\n\t\t\t\t\t\t\t\t\t<\/div>\n\t\t<\/div>\n\t\t\t\t<div class=\"elementor-column elementor-col-16 elementor-top-column elementor-element elementor-element-017c9ee\" data-id=\"017c9ee\" data-element_type=\"column\">\n\t\t\t<div class=\"elementor-widget-wrap\">\n\t\t\t\t\t\t\t\t\t<\/div>\n\t\t<\/div>\n\t\t\t\t<div class=\"elementor-column elementor-col-16 elementor-top-column elementor-element elementor-element-3a52ed7\" data-id=\"3a52ed7\" data-element_type=\"column\">\n\t\t\t<div class=\"elementor-widget-wrap\">\n\t\t\t\t\t\t\t\t\t<\/div>\n\t\t<\/div>\n\t\t\t\t<div class=\"elementor-column elementor-col-16 elementor-top-column elementor-element elementor-element-6325eff\" data-id=\"6325eff\" data-element_type=\"column\">\n\t\t\t<div class=\"elementor-widget-wrap\">\n\t\t\t\t\t\t\t\t\t<\/div>\n\t\t<\/div>\n\t\t\t\t<div class=\"elementor-column elementor-col-16 elementor-top-column elementor-element elementor-element-74f08ef\" data-id=\"74f08ef\" data-element_type=\"column\">\n\t\t\t<div class=\"elementor-widget-wrap elementor-element-populated\">\n\t\t\t\t\t\t\t\t<div class=\"elementor-element elementor-element-fa16637 elementor-button-info elementor-align-left elementor-widget elementor-widget-button\" data-id=\"fa16637\" data-element_type=\"widget\" data-widget_type=\"button.default\">\n\t\t\t\t<div class=\"elementor-widget-container\">\n\t\t\t\t\t<div class=\"elementor-button-wrapper\">\n\t\t\t<a href=\"https:\/\/fhce.edu.uy\/oded\/pece\/\" class=\"elementor-button-link elementor-button elementor-size-md elementor-animation-grow\" role=\"button\">\n\t\t\t\t\t\t<span class=\"elementor-button-content-wrapper\">\n\t\t\t\t\t\t<span class=\"elementor-button-icon elementor-align-icon-right\">\n\t\t\t\t<i aria-hidden=\"true\" class=\"fas fa-arrow-circle-right\"><\/i>\t\t\t<\/span>\n\t\t\t\t\t\t<span class=\"elementor-button-text\">PECE<\/span>\n\t\t<\/span>\n\t\t\t\t\t<\/a>\n\t\t<\/div>\n\t\t\t\t<\/div>\n\t\t\t\t<\/div>\n\t\t\t\t\t<\/div>\n\t\t<\/div>\n\t\t\t\t\t\t\t<\/div>\n\t\t<\/section>\n\t\t\t\t\t\t<\/div>\n\t\t\t\t\t<\/div>\n\t\t","protected":false},"excerpt":{"rendered":"<p>El grupo -que bajo distintos formatos ha funcionado desde 2007- se propone contribuir a la consolidaci\u00f3n de la investigaci\u00f3n en[&#8230;]<\/p>\n","protected":false},"author":1,"featured_media":0,"parent":0,"menu_order":0,"comment_status":"closed","ping_status":"closed","template":"","meta":{"_coblocks_attr":"","_coblocks_dimensions":"","_coblocks_responsive_height":"","_coblocks_accordion_ie_support":""},"_links":{"self":[{"href":"https:\/\/fhce.edu.uy\/oded\/wp-json\/wp\/v2\/pages\/37"}],"collection":[{"href":"https:\/\/fhce.edu.uy\/oded\/wp-json\/wp\/v2\/pages"}],"about":[{"href":"https:\/\/fhce.edu.uy\/oded\/wp-json\/wp\/v2\/types\/page"}],"author":[{"embeddable":true,"href":"https:\/\/fhce.edu.uy\/oded\/wp-json\/wp\/v2\/users\/1"}],"replies":[{"embeddable":true,"href":"https:\/\/fhce.edu.uy\/oded\/wp-json\/wp\/v2\/comments?post=37"}],"version-history":[{"count":62,"href":"https:\/\/fhce.edu.uy\/oded\/wp-json\/wp\/v2\/pages\/37\/revisions"}],"predecessor-version":[{"id":5240,"href":"https:\/\/fhce.edu.uy\/oded\/wp-json\/wp\/v2\/pages\/37\/revisions\/5240"}],"wp:attachment":[{"href":"https:\/\/fhce.edu.uy\/oded\/wp-json\/wp\/v2\/media?parent=37"}],"curies":[{"name":"wp","href":"https:\/\/api.w.org\/{rel}","templated":true}]}}