{"id":310,"date":"2021-11-04T02:13:09","date_gmt":"2021-11-04T05:13:09","guid":{"rendered":"https:\/\/fhce.edu.uy\/oded\/?page_id=310"},"modified":"2022-06-11T14:26:37","modified_gmt":"2022-06-11T17:26:37","slug":"integrantes-pecuc","status":"publish","type":"page","link":"https:\/\/fhce.edu.uy\/oded\/integrantes-pecuc\/","title":{"rendered":"Integrantes PECUC"},"content":{"rendered":"\t\t<div data-elementor-type=\"wp-page\" data-elementor-id=\"310\" class=\"elementor elementor-310\" data-elementor-settings=\"[]\">\n\t\t\t\t\t\t\t<div class=\"elementor-section-wrap\">\n\t\t\t\t\t\t\t<section class=\"elementor-section elementor-top-section elementor-element elementor-element-8e61528 elementor-section-boxed elementor-section-height-default elementor-section-height-default\" data-id=\"8e61528\" data-element_type=\"section\">\n\t\t\t\t\t\t<div class=\"elementor-container elementor-column-gap-default\">\n\t\t\t\t\t<div class=\"elementor-column elementor-col-100 elementor-top-column elementor-element elementor-element-8945f14\" data-id=\"8945f14\" data-element_type=\"column\">\n\t\t\t<div class=\"elementor-widget-wrap elementor-element-populated\">\n\t\t\t\t\t\t\t\t<div class=\"elementor-element elementor-element-062241c elementor-widget elementor-widget-text-editor\" data-id=\"062241c\" data-element_type=\"widget\" data-widget_type=\"text-editor.default\">\n\t\t\t\t<div class=\"elementor-widget-container\">\n\t\t\t\t\t\t\t<p>INTEGRANTES PECUC &#8211; PECUE<\/p><p><b>Prof. Adj. Dra. Paola Dogliotti (Directora del Grupo y de la L\u00ednea)<br \/><\/b>Dedicaci\u00f3n Total Compartida ISEF-FHCE; Doctora en Ciencias de la Educaci\u00f3n por la Universidad Nacional de La Plata; Licenciada en Educaci\u00f3n F\u00edsica, en Ciencias de la Educaci\u00f3n y Magister en Ense\u00f1anza Universitaria por la Universidad de la Rep\u00fablica (Udelar); Posgraduada en Curriculum y Pr\u00e1cticas Escolares en Contexto por la Facultad Latinoamericana de Ciencias Sociales (Flacso) Argentina.<\/p><p><b>As. Mag. Paula Mal\u00e1n\u00a0\u00a0<br \/><\/b>Efectiva N\u00facleo Educaci\u00f3n F\u00edsica, Cultura y Sociedad Dpto. EF y PC ISEF; Doctoranda en Historia Moderna y Contempor\u00e1nea l\u2019\u00c9cole Pratique des Hautes \u00c9tudes (EPHE, PSL) Francia; Mag. en Educaci\u00f3n Corporal UNLP, Lic. en Educaci\u00f3n F\u00edsica y Recreaci\u00f3n IUACJ.<\/p><p><b>As. Lic. Mar\u00eda Darrigol<br \/><\/b>As. efectiva N\u00facleo Educaci\u00f3n F\u00edsica, Cultura y Sociedad Dpto. EF y PC ISEF y Ay. efectiva Dpto. E y A FHC; Maestranda en Ciencias Humanas con opci\u00f3n en Teor\u00edas y Pr\u00e1cticas en Educaci\u00f3n, FHCE; Posgraduada en Curriculum y Pr\u00e1cticas Escolares en Contexto FLACSO, Uruguay; Licenciada en Trabajo Social, FCS-Udelar; Licenciada en Educaci\u00f3n F\u00edsica, ISEF.<\/p><p><b>As. Mag. Juan Mui\u00f1o<br \/><\/b>Efectivo N\u00facleo Educaci\u00f3n F\u00edsica, Cultura y Sociedad Dpto. EF y PC ISEF; Magister en Ciencias Humanas Op. T y P en Educaci\u00f3n FHCE; Maestrando en Ciencias Humanas Op. Filosof\u00eda Contempor\u00e1nea, FHCE; Lic. en Educaci\u00f3n F\u00edsica.\u00a0<\/p><p><b>As. Mag. Silvina P\u00e1ez<br \/><\/b>Efectiva N\u00facleo Educaci\u00f3n F\u00edsica, Cultura y Sociedad Dpto. EF y PC ISEF; Magister en Ciencias Humanas Op. T y P en Educaci\u00f3n FHCE; Lic. en Educaci\u00f3n F\u00edsica; estudiante avanzada Lic. en Sociolog\u00eda FCS, Udelar.<\/p><p><b>As. Lic. Tamara Parada\u00a0\u00a0<br \/><\/b>Efectiva N\u00facleo Gimnasia Dpto. EF y PC ISEF; Maestranda en Maestr\u00eda en Educaci\u00f3n Corporal UNLP; Lic. en Educaci\u00f3n F\u00edsica ISEF.<\/p><p><b>As. Lic. Luc\u00eda Fabra\u00a0\u00a0<br \/><\/b>Interina Dpto. EF y Deporte ISEF; Maestranda en Maestr\u00eda en CCHH Op. T y P en Educaci\u00f3n; Lic. en Educaci\u00f3n F\u00edsica ISEF) 8. Ay. Lic. Felipe Torres (Interino N\u00facleo Educaci\u00f3n F\u00edsica, Cultura y Sociedad Dpto. EF y PC ISEF; Lic. en Educaci\u00f3n F\u00edsica; estudiante Lic. en Filosof\u00eda FHCE.<\/p><p><b>Lic. Natalia Estela<br \/><\/b>Lic. en Educaci\u00f3n F\u00edsica ISEF.<\/p><p><b>Ay. Lic. Andr\u00e9s Nicol\u00e1s Da Silveira<br \/><\/b>Interino N\u00facleo Educaci\u00f3n F\u00edsica, Cultura y Sociedad Dpto. EF y PC ISEF \u2013 CURE y Montevideo; Maestrando en Maestr\u00eda en CCHH Op. T y P en Educaci\u00f3n FHCE; Diploma en Pol\u00edticas Sociales, FCS-Udelar; Lic. en Educaci\u00f3n F\u00edsica.<\/p><p><b>Mag. Fabiana Pi\u00f1\u00f3n<br \/><\/b>Magister en Educaci\u00f3n, Sociedad y Pol\u00edtica con menci\u00f3n en Sistemas de Ense\u00f1anza, FLACSO-ANEP, Uruguay; Diploma en Did\u00e1ctica para la Ense\u00f1anza Primaria, ANEP-UDELAR- FHCE, Maestra en Educaci\u00f3n Primaria y estudiante Lic. en Educaci\u00f3n FHCE.<\/p><p><b>Ay. Lic. Agust\u00edn Aranco\u00a0\u00a0<br \/><\/b>Interino N\u00facleo Educaci\u00f3n F\u00edsica, Cultura y Sociedad Dpto. EF y PC ISEF; Maestrando Maestr\u00eda en CCHH Op. Filosof\u00eda FHCE; Lic. Educaci\u00f3n FHCE; Lic. en Educaci\u00f3n F\u00edsica ISEF-Udelar; Lic. en Filosof\u00eda FHCE.<\/p><p><b>Mag. Silvana Espiga\u00a0\u00a0<br \/><\/b>Doctoranda en Educaci\u00f3n FHCE; Docente efectiva CFE-ANEP; Magister en Historia, Sociedad y Cultura. Universidad de Montevideo.<\/p><p><b>Lic. Luisa Cabrera<br \/><\/b>Maestranda Maestr\u00eda en CCHH Op. T y P. Educaci\u00f3n FHCE; Lic. en Educaci\u00f3n F\u00edsica ISEF.<\/p><p><b>Lic. Emiliano V\u00e1zquez\u00a0<br \/><\/b>Maestrando en Maestr\u00eda en Educaci\u00f3n F\u00edsica ISEF-Udelar; Licenciado en Educaci\u00f3n F\u00edsica; estudiante Lic. en Educaci\u00f3n FHCE.<\/p><p><b>Profesora de Ingl\u00e9s Virginia Zaffaroni<br \/><\/b>Estudiante avanzada Lic. en Educaci\u00f3n FHCE.<\/p>\t\t\t\t\t\t<\/div>\n\t\t\t\t<\/div>\n\t\t\t\t\t<\/div>\n\t\t<\/div>\n\t\t\t\t\t\t\t<\/div>\n\t\t<\/section>\n\t\t\t\t\t\t<\/div>\n\t\t\t\t\t<\/div>\n\t\t","protected":false},"excerpt":{"rendered":"<p>INTEGRANTES PECUC &#8211; PECUE Prof. Adj. Dra. Paola Dogliotti (Directora del Grupo y de la L\u00ednea)Dedicaci\u00f3n Total Compartida ISEF-FHCE; Doctora[&#8230;]<\/p>\n","protected":false},"author":1,"featured_media":0,"parent":0,"menu_order":0,"comment_status":"closed","ping_status":"closed","template":"","meta":{"_coblocks_attr":"","_coblocks_dimensions":"","_coblocks_responsive_height":"","_coblocks_accordion_ie_support":""},"_links":{"self":[{"href":"https:\/\/fhce.edu.uy\/oded\/wp-json\/wp\/v2\/pages\/310"}],"collection":[{"href":"https:\/\/fhce.edu.uy\/oded\/wp-json\/wp\/v2\/pages"}],"about":[{"href":"https:\/\/fhce.edu.uy\/oded\/wp-json\/wp\/v2\/types\/page"}],"author":[{"embeddable":true,"href":"https:\/\/fhce.edu.uy\/oded\/wp-json\/wp\/v2\/users\/1"}],"replies":[{"embeddable":true,"href":"https:\/\/fhce.edu.uy\/oded\/wp-json\/wp\/v2\/comments?post=310"}],"version-history":[{"count":25,"href":"https:\/\/fhce.edu.uy\/oded\/wp-json\/wp\/v2\/pages\/310\/revisions"}],"predecessor-version":[{"id":2850,"href":"https:\/\/fhce.edu.uy\/oded\/wp-json\/wp\/v2\/pages\/310\/revisions\/2850"}],"wp:attachment":[{"href":"https:\/\/fhce.edu.uy\/oded\/wp-json\/wp\/v2\/media?parent=310"}],"curies":[{"name":"wp","href":"https:\/\/api.w.org\/{rel}","templated":true}]}}