{"id":293,"date":"2021-11-04T02:05:39","date_gmt":"2021-11-04T05:05:39","guid":{"rendered":"https:\/\/fhce.edu.uy\/oded\/?page_id=293"},"modified":"2022-05-05T19:34:25","modified_gmt":"2022-05-05T22:34:25","slug":"integrantes-pece","status":"publish","type":"page","link":"https:\/\/fhce.edu.uy\/oded\/integrantes-pece\/","title":{"rendered":"Integrantes PECE"},"content":{"rendered":"\t\t<div data-elementor-type=\"wp-page\" data-elementor-id=\"293\" class=\"elementor elementor-293\" data-elementor-settings=\"[]\">\n\t\t\t\t\t\t\t<div class=\"elementor-section-wrap\">\n\t\t\t\t\t\t\t<section class=\"elementor-section elementor-top-section elementor-element elementor-element-51088d9 elementor-section-boxed elementor-section-height-default elementor-section-height-default\" data-id=\"51088d9\" data-element_type=\"section\">\n\t\t\t\t\t\t<div class=\"elementor-container elementor-column-gap-default\">\n\t\t\t\t\t<div class=\"elementor-column elementor-col-100 elementor-top-column elementor-element elementor-element-9332a17\" data-id=\"9332a17\" data-element_type=\"column\">\n\t\t\t<div class=\"elementor-widget-wrap elementor-element-populated\">\n\t\t\t\t\t\t\t\t<div class=\"elementor-element elementor-element-35ae336 elementor-widget elementor-widget-text-editor\" data-id=\"35ae336\" data-element_type=\"widget\" data-widget_type=\"text-editor.default\">\n\t\t\t\t<div class=\"elementor-widget-container\">\n\t\t\t\t\t\t\t<p><b style=\"background-color: var(--page-background-color)\">Dra. Elo\u00edsa Bordoli (Coordinadora)<br><\/b><span style=\"background-color: var(--page-background-color)\">Docente e investigadora del Instituto de Educaci\u00f3n.&nbsp;<br><\/span><span style=\"background-color: var(--page-background-color)\">Prof. Ag. en R\u00e9gimen de DT; Nivel II en la ANII.<br><\/span><span style=\"background-color: var(--page-background-color)\">Doctora en Ciencias Sociales (Menci\u00f3n Educaci\u00f3n) en la Facultad Latinoamericana de Ciencias Sociales (FLACSO, sede Acad\u00e9mica de Argentina).<br><\/span><span style=\"background-color: var(--page-background-color)\">Magister en Ciencias Humanas (Estudios Fronterizos), Facultad de Humanidades y Ciencias de la Educaci\u00f3n (FHCE), Universidad de la Rep\u00fablica.<br><\/span><span style=\"background-color: var(--page-background-color)\">Diplomado Superior en Ciencias Sociales con menci\u00f3n en \u201cCurr\u00edculo y Pr\u00e1cticas Escolares\u201d, Facultad Latinoamericana de Ciencias Sociales (FLACSO), Sede Acad\u00e9mica de Argentina.<br><\/span><span style=\"background-color: var(--page-background-color)\">Licenciada en Ciencias de la Educaci\u00f3n. Facultad de Humanidades y Ciencias de la Educaci\u00f3n (FHCE), Universidad de la Rep\u00fablica (UdelaR).<\/span><\/p>\n<p><b style=\"background-color: var(--page-background-color)\">Mag. Stefan\u00eda Conde<br><\/b><span style=\"background-color: var(--page-background-color)\">Docente e investigadora del Instituto de Educaci\u00f3n.<br><\/span><span style=\"background-color: var(--page-background-color)\">Asistente efectiva del Instituto de Educaci\u00f3n.<br><\/span><span style=\"background-color: var(--page-background-color)\">Mag\u00edster en Ciencias Humanas (Teor\u00edas y Pr\u00e1cticas en Educaci\u00f3n), Facultad de Humanidades y Ciencias de la Educaci\u00f3n (FHCE), Universidad de la Rep\u00fablica.<br><\/span><span style=\"background-color: var(--page-background-color)\">Docente de Educaci\u00f3n Media en la especialidad Educaci\u00f3n C\u00edvica, Derecho y Sociolog\u00eda. Instituto de Profesores Artigas.<br><\/span><span style=\"background-color: var(--page-background-color)\">Licenciada en Ciencias de la Educaci\u00f3n, opci\u00f3n Investigaci\u00f3n. Facultad de Humanidades y Ciencias de la Educaci\u00f3n, Universidad de la Rep\u00fablica.<br><\/span><span style=\"background-color: var(--page-background-color)\">Diploma de Perfeccionamiento Profesional en Orientaci\u00f3n Educativa. Universidad Cat\u00f3lica.<br><\/span><span style=\"background-color: var(--page-background-color)\">Diploma Superior en Curriculum y Pr\u00e1cticas Escolares en Contexto. FLACSO Argentina.<br><\/span><span style=\"background-color: var(--page-background-color)\">Diploma Superior en Pedagog\u00edas de las Diferencias. FLACSO Argentina.<br><\/span><span style=\"background-color: var(--page-background-color)\">Programa de Formaci\u00f3n y Planificaci\u00f3n de Pol\u00edticas Educativas (propuesta de formaci\u00f3n dirigida a funcionarios\/as de la Direcci\u00f3n Sectorial de Planificaci\u00f3n Educativa de la ANEP-CODICEN). ANEP-IIPE-UNESCO.<br><\/span><span style=\"background-color: var(--page-background-color)\">Especializaci\u00f3n en Curriculum y Pr\u00e1cticas Escolares en Contexto. FLACSO Argentina.<br><\/span><span style=\"background-color: var(--page-background-color)\">Integrante del Grupo CSIC: \u201cFormas escolares y posiciones docentes en la producci\u00f3n del derecho a la igualdad en el Uruguay actual\u201d en el per\u00edodo 2019 \u2013 2023.<\/span><\/p>\n<p><b>Mag. Clarisa Flous<br><\/b><span style=\"background-color: var(--page-background-color)\">Docente e investigadora del Instituto de Educaci\u00f3n.<br><\/span><span style=\"background-color: var(--page-background-color)\">Ayudante efectiva del Instituto de Educaci\u00f3n.<br><\/span><span style=\"background-color: var(--page-background-color)\">Magister en Psicolog\u00eda y Educaci\u00f3n. Facultad de Psicolog\u00eda. (Udelar).<br><\/span><span style=\"background-color: var(--page-background-color)\">Tesis: \u201cAn\u00e1lisis de los discursos de las pol\u00edticas y programas de inclusi\u00f3n educativa en la Ense\u00f1anza Media B\u00e1sica en el Uruguay (2005-2012)\u201d.<br><\/span><span style=\"background-color: var(--page-background-color)\">Diploma en Ciencias Sociales con menci\u00f3n en Gesti\u00f3n de las Instituciones Educativas. Flacso, Argentina.<br><\/span><span style=\"background-color: var(--page-background-color)\">Licenciatura en Trabajo Social Facultad de Ciencias Sociales (Udelar).&nbsp;<br><\/span><span style=\"background-color: var(--page-background-color)\">Docente de Educaci\u00f3n Media (Especialidad Historia). Instituto de Profesores Artigas.<br><\/span><span style=\"background-color: var(--page-background-color)\">Doctoranda en Educaci\u00f3n Facultad de Humanidades y Ciencias de la Educaci\u00f3n Universidad Nacional de La Plata. (Argentina). Proceso de escritura de Tesis.<br><\/span><span style=\"background-color: var(--page-background-color)\">Integrante del Grupo CSIC: \u201cFormas escolares y posiciones docentes en la producci\u00f3n del derecho a la igualdad en el Uruguay actual\u201d en el per\u00edodo 2019 \u2013 2023.<\/span><\/p>\n<p><b>Lic. Mar\u00eda Darrigol<br><\/b><span style=\"background-color: var(--page-background-color)\">Docente e investigadora del Instituto de Educaci\u00f3n.<br><\/span><span style=\"background-color: var(--page-background-color)\">Ayudante efectiva del Instituto de Educaci\u00f3n y del ISEF.<br><\/span><span style=\"background-color: var(--page-background-color)\">Lic. en Trabajo Social por la Facultad de Ciencias Sociales, UdelaR y Lic. en Educaci\u00f3n F\u00edsica por el ISEF de la UdelaR.<br><\/span><span style=\"background-color: var(--page-background-color)\">Estudiante de Maestr\u00eda en Ciencias Humanas Opci\u00f3n Teor\u00edas y pr\u00e1cticas en Educaci\u00f3n. FHCE. Udelar.<br><\/span><span style=\"background-color: var(--page-background-color)\">Tesis: \u201cEntre normalidad y anormalidad: una exploraci\u00f3n te\u00f3rico-epistemol\u00f3gica en ocasi\u00f3n de los anormales pedag\u00f3gicos. An\u00e1lisis de las configuraciones discursivas en educaci\u00f3n primaria.\u201d<br><\/span><span style=\"background-color: var(--page-background-color)\">Tutora: Elo\u00edsa Bordoli y Cotutora: Paola Dogliotti.<br><\/span><span style=\"background-color: var(--page-background-color)\">Integrante del Grupo CSIC: \u201cFormas escolares y posiciones docentes en la producci\u00f3n del derecho a la igualdad en el Uruguay actual\u201d en el per\u00edodo 2019 \u2013 2023.<\/span><\/p>\n<p><b>Mag. Julio Balmelli<br><\/b><span style=\"background-color: var(--page-background-color)\">Mag\u00edster en Ciencias Humanas (Teor\u00edas y Pr\u00e1cticas en Educaci\u00f3n), Facultad de Humanidades y Ciencias de la Educaci\u00f3n (FHCE), Universidad de la Rep\u00fablica.<br><\/span><span style=\"background-color: var(--page-background-color)\">Tesis: \u201cEl plan de formaci\u00f3n profesional b\u00e1sica (FPB) de CETP-UTU como parte de la propuesta de inclusi\u00f3n educativa. Valoraciones y tensiones desde la mirada docente. Una investigaci\u00f3n en dos escuelas de la periferia montevideana\u201d.<br><\/span><span style=\"background-color: var(--page-background-color)\">Tutora: Elo\u00edsa Bordoli<br><\/span><span style=\"background-color: var(--page-background-color)\">Licenciado en Ciencias de la Educaci\u00f3n, opci\u00f3n Investigaci\u00f3n. Facultad de Humanidades y Ciencias de la Educaci\u00f3n, Universidad de la Rep\u00fablica.<\/span><\/p>\n<p><b>Lic. Martina Bail\u00f3n<br><\/b><span style=\"background-color: var(--page-background-color)\">Licenciada en Ciencias de la Educaci\u00f3n, opci\u00f3n Investigaci\u00f3n. Facultad de Humanidades y Ciencias de la Educaci\u00f3n, Universidad de la Rep\u00fablica.<br><\/span><span style=\"background-color: var(--page-background-color)\">Docente del Consejo de Formaci\u00f3n Docente (IFES) y Jefa de Formaci\u00f3n de Plan Ceibal.<br><\/span><span style=\"background-color: var(--page-background-color)\">Estudiante de Maestr\u00eda en Ciencias Humanas Opci\u00f3n Teor\u00edas y pr\u00e1cticas en Educaci\u00f3n. FHCE. Udelar.<br><\/span><span style=\"background-color: var(--page-background-color)\">Tesis: \u201cCultura digital y actualizaci\u00f3n curricular. An\u00e1lisis del proyecto Artistas en el Aula del Plan Ceibal\u201d.<br><\/span><span style=\"background-color: var(--page-background-color)\">Tutora: Elo\u00edsa Bordoli<\/span><\/p>\n<p><b>Lic. Gast\u00f3n Meneses<br><\/b><span style=\"background-color: var(--page-background-color)\">Docente e investigador del ISEF.<br><\/span><span style=\"background-color: var(--page-background-color)\">Licenciado en Educaci\u00f3n F\u00edsica. ISEF, Universidad de la Rep\u00fablica.<br><\/span><span style=\"background-color: var(--page-background-color)\">Estudiantes de Maestr\u00eda en Ciencias Humanas Opci\u00f3n Teor\u00edas y pr\u00e1cticas en Educaci\u00f3n. FHCE. Udelar.<br><\/span><span style=\"background-color: var(--page-background-color)\">Tesis: \u201cLa Educaci\u00f3n F\u00edsica (in)ense\u00f1able. Estudio de los contenidos escolares\u201d.<br><\/span><span style=\"background-color: var(--page-background-color)\">Tutora: Elo\u00edsa Bordoli<\/span><\/p>\n<p><b>Gustavo Bentancur<br><\/b><span style=\"background-color: var(--page-background-color)\">Licenciado en Ciencias de la Educaci\u00f3n, opci\u00f3n Investigaci\u00f3n. Facultad de Humanidades y Ciencias de la Educaci\u00f3n, Universidad de la Rep\u00fablica.<br><\/span><span style=\"background-color: var(--page-background-color)\">Docente del Consejo de Formaci\u00f3n Docente (IPA).<br><\/span><span style=\"background-color: var(--page-background-color)\">Estudiante de Maestr\u00eda en Ciencias Humanas Opci\u00f3n Teor\u00edas y pr\u00e1cticas en Educaci\u00f3n. FHCE. Udelar.<br><\/span><span style=\"background-color: var(--page-background-color)\">Tesis: \u201cLa inclusi\u00f3n de la Investigaci\u00f3n en la formaci\u00f3n inicial de Profesores, en el marco de la transici\u00f3n hacia una instituci\u00f3n de nivel universitario\u201d.<br><\/span><span style=\"background-color: var(--page-background-color)\">Tutora: Elo\u00edsa Bordoli<\/span><\/p>\n<p><b>Carolina Demedici<br><\/b><span style=\"background-color: var(--page-background-color)\">Estudiante avanzada de la Lic. Educaci\u00f3n de la FHCE.<br><\/span><span style=\"background-color: var(--page-background-color)\">Integrante del Grupo CSIC: \u201cFormas escolares y posiciones docentes en la producci\u00f3n del derecho a la igualdad en el Uruguay actual\u201d en el per\u00edodo 2019 \u2013 2023.<\/span><\/p>\n<p><b>Nandy Javier<br><\/b><span style=\"background-color: var(--page-background-color)\">Estudiante avanzada de la Lic. Educaci\u00f3n de la FHCE.<br><\/span><span style=\"background-color: var(--page-background-color)\">Integrante del Grupo CSIC: \u201cFormas escolares y posiciones docentes en la producci\u00f3n del derecho a la igualdad en el Uruguay actual\u201d en el per\u00edodo 2019 \u2013 2023.<\/span><\/p>\t\t\t\t\t\t<\/div>\n\t\t\t\t<\/div>\n\t\t\t\t\t<\/div>\n\t\t<\/div>\n\t\t\t\t\t\t\t<\/div>\n\t\t<\/section>\n\t\t\t\t\t\t<\/div>\n\t\t\t\t\t<\/div>\n\t\t","protected":false},"excerpt":{"rendered":"<p>Dra. Elo\u00edsa Bordoli (Coordinadora)Docente e investigadora del Instituto de Educaci\u00f3n.&nbsp;Prof. Ag. en R\u00e9gimen de DT; Nivel II en la ANII.Doctora[&#8230;]<\/p>\n","protected":false},"author":1,"featured_media":0,"parent":0,"menu_order":0,"comment_status":"closed","ping_status":"closed","template":"","meta":{"_coblocks_attr":"","_coblocks_dimensions":"","_coblocks_responsive_height":"","_coblocks_accordion_ie_support":""},"_links":{"self":[{"href":"https:\/\/fhce.edu.uy\/oded\/wp-json\/wp\/v2\/pages\/293"}],"collection":[{"href":"https:\/\/fhce.edu.uy\/oded\/wp-json\/wp\/v2\/pages"}],"about":[{"href":"https:\/\/fhce.edu.uy\/oded\/wp-json\/wp\/v2\/types\/page"}],"author":[{"embeddable":true,"href":"https:\/\/fhce.edu.uy\/oded\/wp-json\/wp\/v2\/users\/1"}],"replies":[{"embeddable":true,"href":"https:\/\/fhce.edu.uy\/oded\/wp-json\/wp\/v2\/comments?post=293"}],"version-history":[{"count":10,"href":"https:\/\/fhce.edu.uy\/oded\/wp-json\/wp\/v2\/pages\/293\/revisions"}],"predecessor-version":[{"id":2148,"href":"https:\/\/fhce.edu.uy\/oded\/wp-json\/wp\/v2\/pages\/293\/revisions\/2148"}],"wp:attachment":[{"href":"https:\/\/fhce.edu.uy\/oded\/wp-json\/wp\/v2\/media?parent=293"}],"curies":[{"name":"wp","href":"https:\/\/api.w.org\/{rel}","templated":true}]}}