{"id":266,"date":"2021-11-04T01:55:45","date_gmt":"2021-11-04T04:55:45","guid":{"rendered":"https:\/\/fhce.edu.uy\/oded\/?page_id=266"},"modified":"2022-05-26T10:31:40","modified_gmt":"2022-05-26T13:31:40","slug":"integrantes-geppred","status":"publish","type":"page","link":"https:\/\/fhce.edu.uy\/oded\/integrantes-geppred\/","title":{"rendered":"Integrantes GEPPrEd"},"content":{"rendered":"\t\t<div data-elementor-type=\"wp-page\" data-elementor-id=\"266\" class=\"elementor elementor-266\" data-elementor-settings=\"[]\">\n\t\t\t\t\t\t\t<div class=\"elementor-section-wrap\">\n\t\t\t\t\t\t\t<section class=\"elementor-section elementor-top-section elementor-element elementor-element-454a9d7 elementor-section-boxed elementor-section-height-default elementor-section-height-default\" data-id=\"454a9d7\" data-element_type=\"section\">\n\t\t\t\t\t\t<div class=\"elementor-container elementor-column-gap-default\">\n\t\t\t\t\t<div class=\"elementor-column elementor-col-100 elementor-top-column elementor-element elementor-element-58b41ef\" data-id=\"58b41ef\" data-element_type=\"column\">\n\t\t\t<div class=\"elementor-widget-wrap elementor-element-populated\">\n\t\t\t\t\t\t\t\t<div class=\"elementor-element elementor-element-d4a63fe elementor-widget elementor-widget-text-editor\" data-id=\"d4a63fe\" data-element_type=\"widget\" data-widget_type=\"text-editor.default\">\n\t\t\t\t<div class=\"elementor-widget-container\">\n\t\t\t\t\t\t\t<p><span style=\"font-weight: 400\"><strong>Adri\u00e1n Morchio Rodr\u00edguez<\/strong><br><\/span><span style=\"font-weight: 400\">Docente de Ense\u00f1anza Media.<br>Estudiante de la Licenciatura en Educaci\u00f3n (FHCE, Udelar).<\/span><\/p>\n<p><span style=\"font-weight: 400\"><strong>Ana Green<br><\/strong>Maestra jubilada.<br>Licenciada en Ciencias de la Educaci\u00f3n (FHCE, Udelar).<strong><br><\/strong><\/span><\/p>\n<p><span style=\"font-weight: 400\"><strong>Anabela Paleso<br><\/strong><\/span><span style=\"background-color: var(--page-background-color)\">Profesora de Historia en Educaci\u00f3n Media (ANEP).<br><\/span><span style=\"background-color: var(--page-background-color)\">Licenciada en Ciencias de la Educaci\u00f3n (FHCE, Udelar), <\/span><span style=\"background-color: var(--page-background-color)\">Mag\u00edster en Ciencias Humanas, opci\u00f3n Teor\u00edas y Pr\u00e1cticas en Educaci\u00f3n (FHCE, Udelar).<br>Docente del Departamento de Pedagog\u00eda, Pol\u00edtica y Sociedad del Instituto de Educaci\u00f3n (FHCE, Udelar) y del Consejo de Formaci\u00f3n en Educaci\u00f3n (CFE, ANEP).<br>Vinculada al programa Alternativas Pedag\u00f3gicas y Prospectiva Educativa en Am\u00e9rica Latina (APPEAL).<br><\/span><\/p>\n<p><strong style=\"background-color: var(--page-background-color)\">Beatriz Liberman<br><\/strong><span style=\"font-weight: 400\">Licenciada en Psicolog\u00eda, <\/span><span style=\"font-weight: 400\">Mag\u00edster en Derechos de Infancia y Pol\u00edticas P\u00fablicas (<\/span><span style=\"font-size: 1.0625rem\">Facultad de Psicolog\u00eda, Udelar).<br><\/span><span style=\"background-color: var(--page-background-color);font-size: 17px\">Docente&nbsp;<\/span><span style=\"font-size: 1.0625rem;background-color: var(--page-background-color)\">del Consejo de Formaci\u00f3n en Educaci\u00f3n (ANEP) y del&nbsp;<\/span><span style=\"font-size: 17px;background-color: var(--page-background-color)\">Departamento de Trabajo Social de<\/span><span style=\"background-color: var(--page-background-color);font-size: 1.0625rem\">&nbsp;la Facultad de Ciencias Sociales (Udelar).<\/span><\/p>\n<p><span style=\"font-weight: 400\"><strong>Bruno Miranda Neves<br><\/strong>Licenciado en Pedagog\u00eda, Mag\u00edster en Educaci\u00f3n.<br>Estudiante del Doctorado en Pol\u00edticas P\u00fablicas y Formaci\u00f3n Humana <\/span><span style=\"font-weight: 400\">de la Universidad Estadual de R\u00edo de Janeiro (UERJ, Brasil).<br>Pedagogo en la UERJ.<\/span><\/p>\n<p><span style=\"font-weight: 400\"><strong>Camila Falkin<\/strong><br>Licenciada en Sociolog\u00eda, Mag\u00edster en Educaci\u00f3n y Doctoranda en Educaci\u00f3n en la Universidad Federal de R\u00edo Grande del Sur (UFRGS, Brasil).&nbsp;<br>Docente en el Instituto de Educaci\u00f3n (FHCE, Udelar), integrante del Equipo Coordinador del Observatorio del Derecho a la Educaci\u00f3n y del equipo t\u00e9cnico del Convenio FHCE &#8211; Federaci\u00f3n Nacional de Profesores de Educaci\u00f3n Secundaria (FeNaPES).<br><\/span><\/p>\n<p><span style=\"font-weight: 400\"><strong>Cecilia S\u00e1nchez<\/strong><br>Licenciada en Ciencias de la Educaci\u00f3n (FHCE, Udelar) y docente de Filosof\u00eda (IPA), Maestranda en Ciencias Humanas, opci\u00f3n Estudios Latinoamericanos (FHCE, Udelar).<br>Integrante del equipo docente del EFI Pedagog\u00eda, Pol\u00edtica y Sociedad (PIM, FHCE) y docente de Filosof\u00eda en ense\u00f1anza secundaria.<\/span><\/p>\n<p><span style=\"font-weight: 400\"><strong>Cristian L\u00f3pez<\/strong><br>Maestro en educaci\u00f3n inicial y com\u00fan; estudiante de la licenciatura en Ciencias de la Educaci\u00f3n y de la Maestr\u00eda en Ciencias Humanas, Opci\u00f3n Teor\u00edas y pr\u00e1cticas en educaci\u00f3n (FHCE, Udelar).<br>Docente en el Departamento de Pedagog\u00eda, Pol\u00edtica y Sociedad del Instituto de Educaci\u00f3n (FHCE, Udelar); Docente de Pedagog\u00eda en CENFORES, en la Carrera de Educadora en Primera Infancia; Educador en Programa APAP en convenio con INAU.<br>Integrante del equipo de Coordinaci\u00f3n del Observatorio del Derecho a la Educaci\u00f3n.<br><\/span><\/p>\n<p><span style=\"font-weight: 400\"><strong>Eduardo S\u00e1nchez<\/strong><br>Profesor de Historia (IPA),&nbsp;<\/span><span style=\"background-color: var(--page-background-color)\">estudiante avanzado en la Licenciatura en Ciencias de la Educaci\u00f3n (FHCE, Udelar) y&nbsp;<\/span><span style=\"background-color: var(--page-background-color)\">Maestrando en Teor\u00edas y Pr\u00e1cticas en Educaci\u00f3n (FHCE, Udelar).<br><\/span><span style=\"background-color: var(--page-background-color)\">Docente en CES, CETP e II.NN (ANEP).<\/span><\/p>\n<p><span style=\"font-weight: 400\"><strong>Fabricio Andriolo<\/strong><br>Licenciado en Educaci\u00f3n.<br>Educador en el Instituto del Ni\u00f1o y Adolescente del Uruguay (INAU). Educador en programas de INAU con ni\u00f1os, ni\u00f1as y adolescentes en situaci\u00f3n de vulnerabilidad.<br><\/span><\/p>\n<p><span style=\"font-weight: 400\"><strong>Gabriela Rodr\u00edguez Bissio<\/strong><br>Licenciada en Ciencias de la Educaci\u00f3n (FHCE, Udelar), Mag\u00edster en Pol\u00edticas P\u00fablicas y Formaci\u00f3n Humana (PPFH, UERJ, Brasil) y Doctoranda del Programa de Doctorado en Educaci\u00f3n (FHCE, Udelar).<\/span><\/p>\n<p><span style=\"font-weight: 400\"><strong>Gissella Zecchini<\/strong><br>Maestra. Estudiante de la Licenciatura en Ciencias de la Educaci\u00f3n (FHCE, Udelar).<\/span><\/p>\n<p><span style=\"font-weight: 400\"><strong>Guillermo Moy\u00e1<br><\/strong>Licenciado en Ciencias de la Educaci\u00f3n y maestrando en Ciencias Humanas opci\u00f3n Teor\u00edas y Pr\u00e1cticas Educativas (FHCE, Udelar).<br>Investigador, docente y educador en programas socioeducativos con adolescencias y juventudes, en FHCE (CSIC) y en CeRP Suroeste.<br>Integrante del Grupo de Estudios en Pol\u00edticas y Pr\u00e1cticas Educativas desde el 2014.<br><\/span><\/p>\n<p><span style=\"font-weight: 400\"><strong>Lucia Saibene<br><\/strong>Licenciada en Sociolog\u00eda (FCS, Udelar), Maestranda en Teor\u00edas y Pr\u00e1cticas en Educaci\u00f3n (FHCE, Udelar) con proyecto de tesis en curso.<br>Docente de Sociolog\u00eda y de Investigaci\u00f3n Educativa en el Consejo de Formaci\u00f3n en Educaci\u00f3n (CFE, ANEP) en INET, IFES e IINN.<br>Desarrolla el trabajo de campo del Proyecto de Investigaci\u00f3n \u00abLa construcci\u00f3n de competencias en la semipresencialidad. El caso del INET\u00bb, seleccionado en el marco de Pradine- CFE.&nbsp;<\/span><\/p>\n<p><span style=\"font-weight: 400\"><strong>Marcelo Alfonzo<br><\/strong><\/span><span style=\"background-color: var(--page-background-color)\">Educador popular. Estudiante de la Licenciatura en Educaci\u00f3n (FHCE, Udelar).<br>Educador en instituciones de educaci\u00f3n privada.<br><\/span><\/p>\n<p><span style=\"font-weight: 400\"><strong>Mar\u00eda Eugenia Rubio Rubinetti<br><\/strong>Licenciada en Sociolog\u00eda (FCS, Udelar), Maestranda en Ciencias Humanas, opci\u00f3n Teor\u00edas y Pr\u00e1cticas en Educaci\u00f3n (FHCE, Udelar).<br>Docente G\u00b02 de la Unidad de Asesoramiento y Evaluaci\u00f3n (UAE) de la Facultad de Ciencias Sociales (Udelar).<\/span><\/p>\n<p><span style=\"font-weight: 400\"><strong>M\u00f3nica Grosso<br><\/strong><\/span><span style=\"font-weight: 400\">Licenciada en Ciencias de la Educaci\u00f3n (FHCE, Udelar), Maestranda en Teor\u00edas y Pr\u00e1cticas en Educaci\u00f3n (FHCE, Udelar).<br>Asistente T\u00e9cnica en la Direcci\u00f3n Sectorial de Planificaci\u00f3n Educativa (DSPE, ANEP &#8211; CODICEN).<br><\/span><\/p>\n<p><span style=\"font-weight: 400\"><strong>Pablo Martinis (Coordinador)<br><\/strong>Licenciado en Ciencias de la Educaci\u00f3n (FHCE, Udelar); Mag\u00edster en Ciencias Sociales con orientaci\u00f3n en Educaci\u00f3n (FLACSO, Argentina); Doctor en Ciencias Sociales (FLACSO, Argentina).<br>Prof. Titular del Departamento de Pedagog\u00eda, Pol\u00edtica y Sociedad (Instituto de Educaci\u00f3n, FHCE, Udelar).<br><\/span><\/p>\n<p><span style=\"font-weight: 400\"><strong>Paula Pais<br><\/strong>Licenciada en Ciencias de la Educaci\u00f3n, Maestranda en Teor\u00edas y Pr\u00e1cticas en Educaci\u00f3n (FHCE, Udelar).<\/span><\/p>\n<p><span style=\"font-weight: 400\"><strong>Santiago Arias<br><\/strong>Licenciado en Ciencias de la Educaci\u00f3n (FHCE, Udelar).<br>Docente del curso Experiencias y desaf\u00edos de la educaci\u00f3n en derechos humanos, de la unidad de extensi\u00f3n de la FHCE, Udelar.<br>Docente del proyecto \u201cDi\u00e1logos sobre Derechos Humanos con la comunidad educativa de una escuela, un Centro Educativo Asociado y de un Centro C\u00edvico de la zona Metropolitana\u201d (Comisi\u00f3n Sectorial de Actividades en el Medio, Udelar).<br>Docente en Institutos de Formaci\u00f3n Docente (CFE, ANEP), de los cursos: \u201cHistoria de la Formaci\u00f3n Docente\u201d y \u201cProducci\u00f3n Intelectual y Estilos de Comunicaci\u00f3n\u201d. <\/span><\/p>\n<p><span style=\"font-weight: 400\"><strong>Silvina P\u00e1ez<br><\/strong><\/span><span style=\"font-weight: 400\">Licenciada en Educaci\u00f3n F\u00edsica, Mag\u00edster en Ciencias Humanas, con opci\u00f3n en Teor\u00edas y Pr\u00e1cticas en Educaci\u00f3n (FHCE, Udelar).<br>Docente del Departamento de Educaci\u00f3n F\u00edsica y Pr\u00e1cticas Corporales del Instituto Superior de Educaci\u00f3n F\u00edsica (ISEF, Udelar).<\/span><\/p>\n<p><span style=\"font-weight: 400\"><strong>Stefan\u00eda Conde<br><\/strong>Profesora de Educaci\u00f3n C\u00edvica, Derecho-Sociolog\u00eda (IPA, ANEP) y Licenciada en Ciencias de la Educaci\u00f3n (FHCE, Udelar). <br>Mag\u00edster en Ciencias Humanas, Opci\u00f3n Teor\u00edas y Pr\u00e1cticas en Educaci\u00f3n (FHCE, Udelar) y Doctoranda en Educaci\u00f3n (FHCE, Udelar).<br>Docente del Instituto de Educaci\u00f3n (FHCE, Udelar). <br>Licenciada en Ciencias de la Educaci\u00f3n en el Centro de Formaci\u00f3n y Estudios de la Intendencia de Montevideo. <\/span><\/p>\n<p><span style=\"font-weight: 400\"><strong>Victoria Sosa Valent\u00edn<br><\/strong>Licenciada en Educaci\u00f3n (FHCE, Udelar).<br>Profesorado de Ingl\u00e9s (IPA) en curso.<br>Docente de ingl\u00e9s en distintos niveles (\u00e1mbito privado).<br><\/span><\/p>\t\t\t\t\t\t<\/div>\n\t\t\t\t<\/div>\n\t\t\t\t\t<\/div>\n\t\t<\/div>\n\t\t\t\t\t\t\t<\/div>\n\t\t<\/section>\n\t\t\t\t\t\t<\/div>\n\t\t\t\t\t<\/div>\n\t\t","protected":false},"excerpt":{"rendered":"<p>Adri\u00e1n Morchio Rodr\u00edguezDocente de Ense\u00f1anza Media.Estudiante de la Licenciatura en Educaci\u00f3n (FHCE, Udelar). Ana GreenMaestra jubilada.Licenciada en Ciencias de la[&#8230;]<\/p>\n","protected":false},"author":1,"featured_media":0,"parent":0,"menu_order":0,"comment_status":"closed","ping_status":"closed","template":"","meta":{"_coblocks_attr":"","_coblocks_dimensions":"","_coblocks_responsive_height":"","_coblocks_accordion_ie_support":""},"_links":{"self":[{"href":"https:\/\/fhce.edu.uy\/oded\/wp-json\/wp\/v2\/pages\/266"}],"collection":[{"href":"https:\/\/fhce.edu.uy\/oded\/wp-json\/wp\/v2\/pages"}],"about":[{"href":"https:\/\/fhce.edu.uy\/oded\/wp-json\/wp\/v2\/types\/page"}],"author":[{"embeddable":true,"href":"https:\/\/fhce.edu.uy\/oded\/wp-json\/wp\/v2\/users\/1"}],"replies":[{"embeddable":true,"href":"https:\/\/fhce.edu.uy\/oded\/wp-json\/wp\/v2\/comments?post=266"}],"version-history":[{"count":40,"href":"https:\/\/fhce.edu.uy\/oded\/wp-json\/wp\/v2\/pages\/266\/revisions"}],"predecessor-version":[{"id":2434,"href":"https:\/\/fhce.edu.uy\/oded\/wp-json\/wp\/v2\/pages\/266\/revisions\/2434"}],"wp:attachment":[{"href":"https:\/\/fhce.edu.uy\/oded\/wp-json\/wp\/v2\/media?parent=266"}],"curies":[{"name":"wp","href":"https:\/\/api.w.org\/{rel}","templated":true}]}}