{"id":1972,"date":"2022-04-07T18:02:01","date_gmt":"2022-04-07T21:02:01","guid":{"rendered":"https:\/\/fhce.edu.uy\/oded\/?page_id=1972"},"modified":"2026-02-23T11:28:28","modified_gmt":"2026-02-23T14:28:28","slug":"integrantes-getrafeep","status":"publish","type":"page","link":"https:\/\/fhce.edu.uy\/oded\/integrantes-getrafeep\/","title":{"rendered":"Integrantes GETraFEEP"},"content":{"rendered":"<p><strong>Gabriella Varaldi &#8211; Coordinadora del Grupo 2025-2026<\/strong><br \/>\nMaestra. Maestranda en Ciencias Humanas, opci\u00f3n Teor\u00edas y Pr\u00e1cticas en Educaci\u00f3n-FHCE- UDELAR.<\/p>\n<p><strong>Marchelo Tort &#8211; Coordinador del Grupo 2025-2026<\/strong><br \/>\nProfesor de Historia. Estudiante Licenciatura en Educaci\u00f3n-FHCE-UDELAR. Maestrando en Ciencias Humanas opci\u00f3n Teor\u00edas y Pr\u00e1cticas en Educaci\u00f3n-FaHCE-UDELAR.<\/p>\n<p><strong>Amaia Alberdi-Ruiz de Alegr\u00eda<\/strong><br \/>\nDocente e investigadora en la Facultad de Humanidades y Ciencias de la Educaci\u00f3n (HUHEZI) de Mondragon Unibertsitatea (MU). Doctoranda en educaci\u00f3n HUHEZI-MU.<\/p>\n<p><strong>Mariana Albistur<\/strong><br \/>\nProfesora de Historia. Mag. en Ciencias opci\u00f3n Educaci\u00f3n Popular &#8211; Multiversidad Franciscana de Am\u00e9rica Latina (en convenio con la Pontificia Universidad de San Buenaventura \u2013 Roma).<\/p>\n<p><strong>Silvia Barreiro<\/strong><br \/>\nMaestra. Profesora de ingl\u00e9s. Estudiante Licenciatura en Educaci\u00f3n-FHCE-UDELAR. Estudiante del Curso de Posgrado Pedagog\u00eda Mutante- FLACSO- Argentina.<\/p>\n<p><strong>Ana Cechinel<\/strong><br \/>\nProfesora y Licenciada en Geograf\u00eda en FFLCH, Universidade de S\u00e3o Paulo. Maestranda en Ciencias Humanas, opci\u00f3n Teor\u00edas y Pr\u00e1cticas en Educaci\u00f3n, FHCE- UDELAR.<\/p>\n<p><strong>Ver\u00f3nica de los Santos<\/strong><br \/>\nLic. en Sociolog\u00eda- FCS-UDELAR,\u00a0 Maestranda en Ciencias Humanas, opci\u00f3n Teor\u00edas y Pr\u00e1cticas de la Educaci\u00f3n-FHCE-UDELAR.<\/p>\n<p><strong>Carolina Demedice<\/strong><br \/>\nEstudiante Licenciatura en Educaci\u00f3n- FHCE-UDELAR. Estudiante de Formaci\u00f3n Docente de Sociolog\u00eda-CFE-ANEP.<\/p>\n<p><strong>Ignacio Dolyenko<\/strong><br \/>\nDocente Instituto de Educaci\u00f3n- FHCE- UDELAR. Docente Ense\u00f1anza Media. Estudiante Licenciatura en Educaci\u00f3n- FHCE- UDELAR-Maestrando en Ciencias Humanas opci\u00f3n Teor\u00edas y Pr\u00e1cticas en Educaci\u00f3n- FHCE-UDELAR. Doctorando en Ciencias de la Educaci\u00f3n- FaHCE-UNLP- Argentina.<\/p>\n<p><strong>Ana Garc\u00eda<\/strong><br \/>\nMaestra directora. Maestr\u00eda en Escritura y Alfabetizaci\u00f3n -FaHCE-UNLP-Argentina.<\/p>\n<p><strong>Juan Pablo Garc\u00eda<\/strong><br \/>\nMaestro Director. Lic. en Educaci\u00f3n- FHCE- UDEALAR. Maestrando en Ciencias Humanas, opci\u00f3n Teor\u00edas y Pr\u00e1cticas Educativas-FHCE-UDELAR.<\/p>\n<p><strong>Mariana Mercadal<\/strong><br \/>\nMaestra. Lic. en Educaci\u00f3n-FHCE-UDELAR. Doctoranda en Educaci\u00f3n &#8211; FaHCE-UNLP, Argentina.<\/p>\n<p><strong>Katherine Montenegro<\/strong><br \/>\nProfesora. Lic. en Educaci\u00f3n- FHCE- UDELAR.<\/p>\n<p><strong>Adri\u00e1n Morchio<\/strong><br \/>\nDocente Ense\u00f1anza Media. Lic. en Educaci\u00f3n- FHCE- UDELAR. Doctorando en Ciencias de la Educaci\u00f3n &#8211; FaHCE- UNLP-Argentina.<\/p>\n<p><strong>Yohana M\u00fa\u00f1oz<\/strong><br \/>\nMaestra. Lic. en Educaci\u00f3n-FHCE-UDELAR. Maestranda en Ciencias Humanas opci\u00f3n Teor\u00edas y Pr\u00e1cticas Educativas-FHCE- UDELAR.<\/p>\n<p><strong>Felipe Stevenazzi<\/strong><br \/>\nDocente Instituto de Educaci\u00f3n, FHCE- UDELAR. Docente \u00c1rea de Estudios cooperativos y econom\u00eda solidaria, Prorrectorado de Extensi\u00f3n y Programas Integrales -UDELAR. Lic. en Ciencias de la Educaci\u00f3n- FHCE-UDELAR.\u00a0 Mag. en Ciencias Sociales, FLACSO-Argentina. Dr. en Educaci\u00f3n, Universidad de Entre R\u00edos, Argentina.<\/p>\n<p><strong>Adriana Taborda<\/strong><br \/>\nProfesora de Educaci\u00f3n B\u00e1sica. Licenciada en Ciencias Sociales. Mag. en Educaci\u00f3n. Doctoranda en Ciencias de la Educaci\u00f3n &#8211; FaHCE-UNLP.<\/p>\n<p><strong>Irene Vilas<\/strong><br \/>\nDocente de Educaci\u00f3n Media. Maestranda en Ciencias Humanas opci\u00f3n Teor\u00edas y Pr\u00e1cticas en Educaci\u00f3n- FHCE- UDELAR.<\/p>\n<p><strong>Mar\u00eda Jos\u00e9 Volpe<\/strong><br \/>\nMaestra Directora en Escuela Artigas del Solar de Artigas de Asunci\u00f3n- Paraguay. Maestranda en Ciencias Humanas, opci\u00f3n Teor\u00edas y Pr\u00e1cticas Educativas- FHCE- UDELAR.<\/p>\n<p>&nbsp;<\/p>\n<p>ANTERIOR<\/p>\n<p>SIGUIENTE<\/p>\n<p>&nbsp;<\/p>\n<p>&nbsp;<\/p>\n<p>&nbsp;<\/p>\n<p>&nbsp;<\/p>\n<p>&nbsp;<\/p>\n<p>&nbsp;<\/p>\n<p>&nbsp;<\/p>\n<p>&nbsp;<\/p>\n<p><a role=\"button\" href=\"https:\/\/fhce.edu.uy\/oded\/getrafeep\/\">ANTERIOR<br \/>\n<\/a><br \/>\n<a role=\"button\" href=\"https:\/\/fhce.edu.uy\/oded\/actividades-getrafeep\/\"><br \/>\nSIGUIENTE<br \/>\n<\/a><\/p>\n","protected":false},"excerpt":{"rendered":"<p>Gabriella Varaldi &#8211; Coordinadora del Grupo 2025-2026 Maestra. Maestranda en Ciencias Humanas, opci\u00f3n Teor\u00edas y Pr\u00e1cticas en Educaci\u00f3n-FHCE- UDELAR. Marchelo[&#8230;]<\/p>\n","protected":false},"author":5,"featured_media":0,"parent":0,"menu_order":0,"comment_status":"closed","ping_status":"closed","template":"","meta":{"_coblocks_attr":"","_coblocks_dimensions":"","_coblocks_responsive_height":"","_coblocks_accordion_ie_support":""},"_links":{"self":[{"href":"https:\/\/fhce.edu.uy\/oded\/wp-json\/wp\/v2\/pages\/1972"}],"collection":[{"href":"https:\/\/fhce.edu.uy\/oded\/wp-json\/wp\/v2\/pages"}],"about":[{"href":"https:\/\/fhce.edu.uy\/oded\/wp-json\/wp\/v2\/types\/page"}],"author":[{"embeddable":true,"href":"https:\/\/fhce.edu.uy\/oded\/wp-json\/wp\/v2\/users\/5"}],"replies":[{"embeddable":true,"href":"https:\/\/fhce.edu.uy\/oded\/wp-json\/wp\/v2\/comments?post=1972"}],"version-history":[{"count":55,"href":"https:\/\/fhce.edu.uy\/oded\/wp-json\/wp\/v2\/pages\/1972\/revisions"}],"predecessor-version":[{"id":6558,"href":"https:\/\/fhce.edu.uy\/oded\/wp-json\/wp\/v2\/pages\/1972\/revisions\/6558"}],"wp:attachment":[{"href":"https:\/\/fhce.edu.uy\/oded\/wp-json\/wp\/v2\/media?parent=1972"}],"curies":[{"name":"wp","href":"https:\/\/api.w.org\/{rel}","templated":true}]}}