{"id":102,"date":"2021-11-04T00:05:01","date_gmt":"2021-11-04T03:05:01","guid":{"rendered":"https:\/\/fhce.edu.uy\/oded\/?page_id=102"},"modified":"2022-08-03T21:04:08","modified_gmt":"2022-08-04T00:04:08","slug":"actividades","status":"publish","type":"page","link":"https:\/\/fhce.edu.uy\/oded\/actividades\/","title":{"rendered":"Actividades"},"content":{"rendered":"\t\t<div data-elementor-type=\"wp-page\" data-elementor-id=\"102\" class=\"elementor elementor-102\" data-elementor-settings=\"[]\">\n\t\t\t\t\t\t\t<div class=\"elementor-section-wrap\">\n\t\t\t\t\t\t\t<section class=\"elementor-section elementor-top-section elementor-element elementor-element-d14c10e elementor-section-boxed elementor-section-height-default elementor-section-height-default\" data-id=\"d14c10e\" data-element_type=\"section\">\n\t\t\t\t\t\t<div class=\"elementor-container elementor-column-gap-default\">\n\t\t\t\t\t<div class=\"elementor-column elementor-col-100 elementor-top-column elementor-element elementor-element-38324fd\" data-id=\"38324fd\" data-element_type=\"column\">\n\t\t\t<div class=\"elementor-widget-wrap elementor-element-populated\">\n\t\t\t\t\t\t\t\t<div class=\"elementor-element elementor-element-fcc7649 elementor-widget elementor-widget-text-editor\" data-id=\"fcc7649\" data-element_type=\"widget\" data-widget_type=\"text-editor.default\">\n\t\t\t\t<div class=\"elementor-widget-container\">\n\t\t\t\t\t\t\t<p>Desde el Observatorio del Derecho a la Educaci\u00f3n organizaremos actividades de divulgaci\u00f3n de los conocimientos producidos e instancias de discusi\u00f3n e intercambio entre variados actores del campo educativo nacional y regional. Asimismo, promoveremos y difundiremos actividades organizadas desde otros espacios, que tambi\u00e9n contribuyan al di\u00e1logo entre diversas perspectivas.<\/p><p>Estas actividades constituyen un modo de fortalecer el trabajo conjunto entre diferentes investigadores\/as, grupos y colectivos, de generar espacios de di\u00e1logo y discusi\u00f3n y, en definitiva, de ampliar y profundizar el debate p\u00fablico sobre educaci\u00f3n.<\/p>\t\t\t\t\t\t<\/div>\n\t\t\t\t<\/div>\n\t\t\t\t\t<\/div>\n\t\t<\/div>\n\t\t\t\t\t\t\t<\/div>\n\t\t<\/section>\n\t\t\t\t<section class=\"elementor-section elementor-top-section elementor-element elementor-element-1497026 elementor-section-boxed elementor-section-height-default elementor-section-height-default\" data-id=\"1497026\" data-element_type=\"section\">\n\t\t\t\t\t\t<div class=\"elementor-container elementor-column-gap-default\">\n\t\t\t\t\t<div class=\"elementor-column elementor-col-50 elementor-top-column elementor-element elementor-element-dd66873\" data-id=\"dd66873\" data-element_type=\"column\">\n\t\t\t<div class=\"elementor-widget-wrap elementor-element-populated\">\n\t\t\t\t\t\t\t\t<div class=\"elementor-element elementor-element-ab895fd elementor-widget elementor-widget-image\" data-id=\"ab895fd\" data-element_type=\"widget\" data-widget_type=\"image.default\">\n\t\t\t\t<div class=\"elementor-widget-container\">\n\t\t\t\t\t\t\t\t\t\t\t\t\t\t\t\t<a href=\"https:\/\/www.youtube.com\/watch?v=xnJRtwdkl1U\">\n\t\t\t\t\t\t\t<img decoding=\"async\" width=\"840\" height=\"921\" src=\"https:\/\/fhce.edu.uy\/oded\/wp-content\/uploads\/sites\/3\/2022\/02\/Libro-copia.jpg\" class=\"attachment-large size-large\" alt=\"\" loading=\"lazy\" \/>\t\t\t\t\t\t\t\t<\/a>\n\t\t\t\t\t\t\t\t\t\t\t\t\t\t\t<\/div>\n\t\t\t\t<\/div>\n\t\t\t\t\t<\/div>\n\t\t<\/div>\n\t\t\t\t<div class=\"elementor-column elementor-col-50 elementor-top-column elementor-element elementor-element-4edb8ce\" data-id=\"4edb8ce\" data-element_type=\"column\">\n\t\t\t<div class=\"elementor-widget-wrap elementor-element-populated\">\n\t\t\t\t\t\t\t\t<div class=\"elementor-element elementor-element-254b8c7 elementor-aspect-ratio-169 elementor-widget elementor-widget-video\" data-id=\"254b8c7\" data-element_type=\"widget\" data-settings=\"{&quot;youtube_url&quot;:&quot;https:\\\/\\\/www.youtube.com\\\/watch?v=xl_2bXfjnlo&quot;,&quot;video_type&quot;:&quot;youtube&quot;,&quot;controls&quot;:&quot;yes&quot;,&quot;aspect_ratio&quot;:&quot;169&quot;}\" data-widget_type=\"video.default\">\n\t\t\t\t<div class=\"elementor-widget-container\">\n\t\t\t\t\t<div class=\"elementor-wrapper elementor-fit-aspect-ratio elementor-open-inline\">\n\t\t\t<div class=\"elementor-video\"><\/div>\t\t<\/div>\n\t\t\t\t<\/div>\n\t\t\t\t<\/div>\n\t\t\t\t<div class=\"elementor-element elementor-element-49253ab elementor-widget elementor-widget-text-editor\" data-id=\"49253ab\" data-element_type=\"widget\" data-widget_type=\"text-editor.default\">\n\t\t\t\t<div class=\"elementor-widget-container\">\n\t\t\t\t\t\t\t<p class=\"title style-scope ytd-video-primary-info-renderer\"><b>Mesa redonda \u00abEl Derecho a la Educaci\u00f3n y sus desaf\u00edos en Uruguay y Am\u00e9rica Latina\u00bb.&nbsp;<\/b><\/p><p class=\"title style-scope ytd-video-primary-info-renderer\">Compartimos con ustedes la actividad llevada a cabo el pasado lunes 25 de abril. En la misma expusieron la Dra. Nora Gluz, la Mag. Myriam Feldfeber y la Dra. Natalia Fattore.<\/p>\t\t\t\t\t\t<\/div>\n\t\t\t\t<\/div>\n\t\t\t\t\t<\/div>\n\t\t<\/div>\n\t\t\t\t\t\t\t<\/div>\n\t\t<\/section>\n\t\t\t\t\t\t<\/div>\n\t\t\t\t\t<\/div>\n\t\t","protected":false},"excerpt":{"rendered":"<p>Desde el Observatorio del Derecho a la Educaci\u00f3n organizaremos actividades de divulgaci\u00f3n de los conocimientos producidos e instancias de discusi\u00f3n[&#8230;]<\/p>\n","protected":false},"author":1,"featured_media":3429,"parent":0,"menu_order":0,"comment_status":"closed","ping_status":"closed","template":"","meta":{"_coblocks_attr":"","_coblocks_dimensions":"","_coblocks_responsive_height":"","_coblocks_accordion_ie_support":""},"_links":{"self":[{"href":"https:\/\/fhce.edu.uy\/oded\/wp-json\/wp\/v2\/pages\/102"}],"collection":[{"href":"https:\/\/fhce.edu.uy\/oded\/wp-json\/wp\/v2\/pages"}],"about":[{"href":"https:\/\/fhce.edu.uy\/oded\/wp-json\/wp\/v2\/types\/page"}],"author":[{"embeddable":true,"href":"https:\/\/fhce.edu.uy\/oded\/wp-json\/wp\/v2\/users\/1"}],"replies":[{"embeddable":true,"href":"https:\/\/fhce.edu.uy\/oded\/wp-json\/wp\/v2\/comments?post=102"}],"version-history":[{"count":21,"href":"https:\/\/fhce.edu.uy\/oded\/wp-json\/wp\/v2\/pages\/102\/revisions"}],"predecessor-version":[{"id":3572,"href":"https:\/\/fhce.edu.uy\/oded\/wp-json\/wp\/v2\/pages\/102\/revisions\/3572"}],"wp:featuredmedia":[{"embeddable":true,"href":"https:\/\/fhce.edu.uy\/oded\/wp-json\/wp\/v2\/media\/3429"}],"wp:attachment":[{"href":"https:\/\/fhce.edu.uy\/oded\/wp-json\/wp\/v2\/media?parent=102"}],"curies":[{"name":"wp","href":"https:\/\/api.w.org\/{rel}","templated":true}]}}