{"id":337,"date":"2023-10-22T21:18:20","date_gmt":"2023-10-23T00:18:20","guid":{"rendered":"https:\/\/fhce.edu.uy\/formularios\/?page_id=337"},"modified":"2023-11-30T20:27:50","modified_gmt":"2023-11-30T23:27:50","slug":"solicitud-de-apoyo-a-eventos","status":"publish","type":"page","link":"https:\/\/fhce.edu.uy\/formularios\/solicitud-de-apoyo-a-eventos\/","title":{"rendered":"Solicitud de apoyo a eventos"},"content":{"rendered":"\t\t<div data-elementor-type=\"wp-page\" data-elementor-id=\"337\" class=\"elementor elementor-337\" data-elementor-settings=\"[]\">\n\t\t\t\t\t\t\t<div class=\"elementor-section-wrap\">\n\t\t\t\t\t\t\t<section class=\"elementor-section elementor-top-section elementor-element elementor-element-86c6d64 elementor-section-boxed elementor-section-height-default elementor-section-height-default\" data-id=\"86c6d64\" data-element_type=\"section\">\n\t\t\t\t\t\t<div class=\"elementor-container elementor-column-gap-default\">\n\t\t\t\t\t<div class=\"elementor-column elementor-col-100 elementor-top-column elementor-element elementor-element-982742e\" data-id=\"982742e\" data-element_type=\"column\">\n\t\t\t<div class=\"elementor-widget-wrap elementor-element-populated\">\n\t\t\t\t\t\t\t\t<div class=\"elementor-element elementor-element-3b7ad89 elementor-button-align-stretch elementor-widget elementor-widget-form\" data-id=\"3b7ad89\" data-element_type=\"widget\" data-settings=\"{&quot;step_next_label&quot;:&quot;Next&quot;,&quot;step_previous_label&quot;:&quot;Previous&quot;,&quot;button_width&quot;:&quot;100&quot;,&quot;step_type&quot;:&quot;number_text&quot;,&quot;step_icon_shape&quot;:&quot;circle&quot;}\" data-widget_type=\"form.default\">\n\t\t\t\t<div class=\"elementor-widget-container\">\n\t\t\t\t\t<form class=\"elementor-form\" method=\"post\" name=\"Solicitud de apoyo a eventos\">\n\t\t\t<input type=\"hidden\" name=\"post_id\" value=\"337\"\/>\n\t\t\t<input type=\"hidden\" name=\"form_id\" value=\"3b7ad89\"\/>\n\t\t\t<input type=\"hidden\" name=\"referer_title\" value=\"\" \/>\n\n\t\t\t\n\t\t\t<div class=\"elementor-form-fields-wrapper elementor-labels-above\">\n\t\t\t\t\t\t\t\t<div class=\"elementor-field-type-acceptance elementor-field-group elementor-column elementor-field-group-field_eb6a25d elementor-col-100 elementor-field-required\">\n\t\t\t\t\t<label for=\"form-field-field_eb6a25d\" class=\"elementor-field-label\">La solicitud de apoyo a eventos debe realizarse con una antelaci\u00f3n m\u00ednima de siete (7) d\u00edas <\/label><div class=\"elementor-field-subgroup\"><span class=\"elementor-field-option\"><input type=\"checkbox\" name=\"form_fields[field_eb6a25d]\" id=\"form-field-field_eb6a25d\" class=\"elementor-field elementor-size-sm  elementor-acceptance-field\" required=\"required\" aria-required=\"true\"> <label for=\"form-field-field_eb6a25d\">Acepto esta condici\u00f3n.<\/label><\/span><\/div>\t\t\t\t<\/div>\n\t\t\t\t\t\t\t\t<div class=\"elementor-field-type-text elementor-field-group elementor-column elementor-field-group-name elementor-col-100 elementor-field-required\">\n\t\t\t\t\t<label for=\"form-field-name\" class=\"elementor-field-label\">Nombre y apellido del referente de la actividad<\/label><input size=\"1\" type=\"text\" name=\"form_fields[name]\" id=\"form-field-name\" class=\"elementor-field elementor-size-sm  elementor-field-textual\" required=\"required\" aria-required=\"true\">\t\t\t\t<\/div>\n\t\t\t\t\t\t\t\t<div class=\"elementor-field-type-text elementor-field-group elementor-column elementor-field-group-field_bf655e4 elementor-col-100 elementor-field-required\">\n\t\t\t\t\t<label for=\"form-field-field_bf655e4\" class=\"elementor-field-label\">Unidad acad\u00e9mica o \u00e1rea a la que representa<\/label><input size=\"1\" type=\"text\" name=\"form_fields[field_bf655e4]\" id=\"form-field-field_bf655e4\" class=\"elementor-field elementor-size-sm  elementor-field-textual\" required=\"required\" aria-required=\"true\">\t\t\t\t<\/div>\n\t\t\t\t\t\t\t\t<div class=\"elementor-field-type-email elementor-field-group elementor-column elementor-field-group-email elementor-col-100 elementor-field-required\">\n\t\t\t\t\t<label for=\"form-field-email\" class=\"elementor-field-label\">Correo electr\u00f3nico<\/label><input size=\"1\" type=\"email\" name=\"form_fields[email]\" id=\"form-field-email\" class=\"elementor-field elementor-size-sm  elementor-field-textual\" required=\"required\" aria-required=\"true\">\t\t\t\t<\/div>\n\t\t\t\t\t\t\t\t<div class=\"elementor-field-type-tel elementor-field-group elementor-column elementor-field-group-field_a05c24d elementor-col-100\">\n\t\t\t\t\t<label for=\"form-field-field_a05c24d\" class=\"elementor-field-label\">Tel\u00e9fono de contacto<\/label><input size=\"1\" type=\"tel\" name=\"form_fields[field_a05c24d]\" id=\"form-field-field_a05c24d\" class=\"elementor-field elementor-size-sm  elementor-field-textual\" pattern=\"[0-9()#&amp;+*-=.]+\" title=\"Only numbers and phone characters (#, -, *, etc) are accepted.\">\t\t\t\t<\/div>\n\t\t\t\t\t\t\t\t<div class=\"elementor-field-type-text elementor-field-group elementor-column elementor-field-group-field_8ea74f8 elementor-col-100 elementor-field-required\">\n\t\t\t\t\t<label for=\"form-field-field_8ea74f8\" class=\"elementor-field-label\">Nombre de la actividad<\/label><input size=\"1\" type=\"text\" name=\"form_fields[field_8ea74f8]\" id=\"form-field-field_8ea74f8\" class=\"elementor-field elementor-size-sm  elementor-field-textual\" required=\"required\" aria-required=\"true\">\t\t\t\t<\/div>\n\t\t\t\t\t\t\t\t<div class=\"elementor-field-type-text elementor-field-group elementor-column elementor-field-group-field_3a40520 elementor-col-100 elementor-field-required\">\n\t\t\t\t\t<label for=\"form-field-field_3a40520\" class=\"elementor-field-label\">Tipo de  actividad<\/label><input size=\"1\" type=\"text\" name=\"form_fields[field_3a40520]\" id=\"form-field-field_3a40520\" class=\"elementor-field elementor-size-sm  elementor-field-textual\" required=\"required\" aria-required=\"true\">\t\t\t\t<\/div>\n\t\t\t\t\t\t\t\t<div class=\"elementor-field-type-text elementor-field-group elementor-column elementor-field-group-field_e48762e elementor-col-100 elementor-field-required\">\n\t\t\t\t\t<label for=\"form-field-field_e48762e\" class=\"elementor-field-label\">Lugar de la actividad<\/label><input size=\"1\" type=\"text\" name=\"form_fields[field_e48762e]\" id=\"form-field-field_e48762e\" class=\"elementor-field elementor-size-sm  elementor-field-textual\" required=\"required\" aria-required=\"true\">\t\t\t\t<\/div>\n\t\t\t\t\t\t\t\t<div class=\"elementor-field-type-text elementor-field-group elementor-column elementor-field-group-field_543608c elementor-col-100 elementor-field-required\">\n\t\t\t\t\t<label for=\"form-field-field_543608c\" class=\"elementor-field-label\">Fecha de la actividad<\/label><input size=\"1\" type=\"text\" name=\"form_fields[field_543608c]\" id=\"form-field-field_543608c\" class=\"elementor-field elementor-size-sm  elementor-field-textual\" required=\"required\" aria-required=\"true\">\t\t\t\t<\/div>\n\t\t\t\t\t\t\t\t<div class=\"elementor-field-type-text elementor-field-group elementor-column elementor-field-group-field_6467a97 elementor-col-100 elementor-field-required\">\n\t\t\t\t\t<label for=\"form-field-field_6467a97\" class=\"elementor-field-label\">Hora de la actividad<\/label><input size=\"1\" type=\"text\" name=\"form_fields[field_6467a97]\" id=\"form-field-field_6467a97\" class=\"elementor-field elementor-size-sm  elementor-field-textual\" required=\"required\" aria-required=\"true\">\t\t\t\t<\/div>\n\t\t\t\t\t\t\t\t<div class=\"elementor-field-type-number elementor-field-group elementor-column elementor-field-group-field_6f25cd4 elementor-col-100 elementor-field-required\">\n\t\t\t\t\t<label for=\"form-field-field_6f25cd4\" class=\"elementor-field-label\">N\u00famero estimado de participantes<\/label><input type=\"number\" name=\"form_fields[field_6f25cd4]\" id=\"form-field-field_6f25cd4\" class=\"elementor-field elementor-size-sm  elementor-field-textual\" required=\"required\" aria-required=\"true\" min=\"\" max=\"\">\t\t\t\t<\/div>\n\t\t\t\t\t\t\t\t<div class=\"elementor-field-type-radio elementor-field-group elementor-column elementor-field-group-field_5055215 elementor-col-100 elementor-field-required\">\n\t\t\t\t\t<label for=\"form-field-field_5055215\" class=\"elementor-field-label\">\u00bfCuenta con financiaci\u00f3n?<\/label><div class=\"elementor-field-subgroup  elementor-subgroup-inline\"><span class=\"elementor-field-option\"><input type=\"radio\" value=\"No\" id=\"form-field-field_5055215-0\" name=\"form_fields[field_5055215]\" required=\"required\" aria-required=\"true\"> <label for=\"form-field-field_5055215-0\">No<\/label><\/span><span class=\"elementor-field-option\"><input type=\"radio\" value=\"S\u00ed, de CSIC\" id=\"form-field-field_5055215-1\" name=\"form_fields[field_5055215]\" required=\"required\" aria-required=\"true\"> <label for=\"form-field-field_5055215-1\">S\u00ed, de CSIC<\/label><\/span><span class=\"elementor-field-option\"><input type=\"radio\" value=\"S\u00ed, de CSE\" id=\"form-field-field_5055215-2\" name=\"form_fields[field_5055215]\" required=\"required\" aria-required=\"true\"> <label for=\"form-field-field_5055215-2\">S\u00ed, de CSE<\/label><\/span><span class=\"elementor-field-option\"><input type=\"radio\" value=\"S\u00ed, de otro tipo\" id=\"form-field-field_5055215-3\" name=\"form_fields[field_5055215]\" required=\"required\" aria-required=\"true\"> <label for=\"form-field-field_5055215-3\">S\u00ed, de otro tipo<\/label><\/span><\/div>\t\t\t\t<\/div>\n\t\t\t\t\t\t\t\t<div class=\"elementor-field-type-textarea elementor-field-group elementor-column elementor-field-group-field_944327e elementor-col-100\">\n\t\t\t\t\t<label for=\"form-field-field_944327e\" class=\"elementor-field-label\">Si tiene financiaci\u00f3n de otro tipo, especifique.<\/label><textarea class=\"elementor-field-textual elementor-field  elementor-size-sm\" name=\"form_fields[field_944327e]\" id=\"form-field-field_944327e\" rows=\"4\"><\/textarea>\t\t\t\t<\/div>\n\t\t\t\t\t\t\t\t<div class=\"elementor-field-type-radio elementor-field-group elementor-column elementor-field-group-field_b93ffaf elementor-col-100 elementor-field-required\">\n\t\t\t\t\t<label for=\"form-field-field_b93ffaf\" class=\"elementor-field-label\">\u00bfCuenta con aval o resoluci\u00f3n institucional?<\/label><div class=\"elementor-field-subgroup  elementor-subgroup-inline\"><span class=\"elementor-field-option\"><input type=\"radio\" value=\"No\" id=\"form-field-field_b93ffaf-0\" name=\"form_fields[field_b93ffaf]\" required=\"required\" aria-required=\"true\"> <label for=\"form-field-field_b93ffaf-0\">No<\/label><\/span><span class=\"elementor-field-option\"><input type=\"radio\" value=\"S\u00ed, del Consejo de la FHCE\" id=\"form-field-field_b93ffaf-1\" name=\"form_fields[field_b93ffaf]\" required=\"required\" aria-required=\"true\"> <label for=\"form-field-field_b93ffaf-1\">S\u00ed, del Consejo de la FHCE<\/label><\/span><span class=\"elementor-field-option\"><input type=\"radio\" value=\"S\u00ed, de la Comisi\u00f3n Directiva\" id=\"form-field-field_b93ffaf-2\" name=\"form_fields[field_b93ffaf]\" required=\"required\" aria-required=\"true\"> <label for=\"form-field-field_b93ffaf-2\">S\u00ed, de la Comisi\u00f3n Directiva<\/label><\/span><span class=\"elementor-field-option\"><input type=\"radio\" value=\"S\u00ed, del\/la coordinador\/a\" id=\"form-field-field_b93ffaf-3\" name=\"form_fields[field_b93ffaf]\" required=\"required\" aria-required=\"true\"> <label for=\"form-field-field_b93ffaf-3\">S\u00ed, del\/la coordinador\/a<\/label><\/span><\/div>\t\t\t\t<\/div>\n\t\t\t\t\t\t\t\t<div class=\"elementor-field-type-checkbox elementor-field-group elementor-column elementor-field-group-field_0928d88 elementor-col-100\">\n\t\t\t\t\t<label for=\"form-field-field_0928d88\" class=\"elementor-field-label\">Solicitudes<\/label><div class=\"elementor-field-subgroup  \"><span class=\"elementor-field-option\"><input type=\"checkbox\" value=\"Caf\u00e9\" id=\"form-field-field_0928d88-0\" name=\"form_fields[field_0928d88][]\"> <label for=\"form-field-field_0928d88-0\">Caf\u00e9<\/label><\/span><span class=\"elementor-field-option\"><input type=\"checkbox\" value=\"T\u00e9\" id=\"form-field-field_0928d88-1\" name=\"form_fields[field_0928d88][]\"> <label for=\"form-field-field_0928d88-1\">T\u00e9<\/label><\/span><span class=\"elementor-field-option\"><input type=\"checkbox\" value=\"Agua\" id=\"form-field-field_0928d88-2\" name=\"form_fields[field_0928d88][]\"> <label for=\"form-field-field_0928d88-2\">Agua<\/label><\/span><span class=\"elementor-field-option\"><input type=\"checkbox\" value=\"Cafetera\" id=\"form-field-field_0928d88-3\" name=\"form_fields[field_0928d88][]\"> <label for=\"form-field-field_0928d88-3\">Cafetera<\/label><\/span><span class=\"elementor-field-option\"><input type=\"checkbox\" value=\"Copas\" id=\"form-field-field_0928d88-4\" name=\"form_fields[field_0928d88][]\"> <label for=\"form-field-field_0928d88-4\">Copas<\/label><\/span><span class=\"elementor-field-option\"><input type=\"checkbox\" value=\"Jarras\" id=\"form-field-field_0928d88-5\" name=\"form_fields[field_0928d88][]\"> <label for=\"form-field-field_0928d88-5\">Jarras<\/label><\/span><\/div>\t\t\t\t<\/div>\n\t\t\t\t\t\t\t\t<div class=\"elementor-field-type-textarea elementor-field-group elementor-column elementor-field-group-message elementor-col-100\">\n\t\t\t\t\t<label for=\"form-field-message\" class=\"elementor-field-label\">Observaciones<\/label><textarea class=\"elementor-field-textual elementor-field  elementor-size-sm\" name=\"form_fields[message]\" id=\"form-field-message\" rows=\"4\" placeholder=\"Incluir otras necesidades como mesas auxiliares, sillas, apoyo en higiene, etc.\"><\/textarea>\t\t\t\t<\/div>\n\t\t\t\t\t\t\t\t<div class=\"elementor-field-group elementor-column elementor-field-type-submit elementor-col-100 e-form__buttons\">\n\t\t\t\t\t<button type=\"submit\" class=\"elementor-button elementor-size-sm\">\n\t\t\t\t\t\t<span >\n\t\t\t\t\t\t\t\t\t\t\t\t\t\t\t<span class=\" elementor-button-icon\">\n\t\t\t\t\t\t\t\t\t\t\t\t\t\t\t\t\t\t\t\t\t\t\t\t\t\t<\/span>\n\t\t\t\t\t\t\t\t\t\t\t\t\t\t\t\t\t\t\t\t\t\t<span class=\"elementor-button-text\">Enviar<\/span>\n\t\t\t\t\t\t\t\t\t\t\t\t\t<\/span>\n\t\t\t\t\t<\/button>\n\t\t\t\t<\/div>\n\t\t\t<\/div>\n\t\t<\/form>\n\t\t\t\t<\/div>\n\t\t\t\t<\/div>\n\t\t\t\t\t<\/div>\n\t\t<\/div>\n\t\t\t\t\t\t\t<\/div>\n\t\t<\/section>\n\t\t\t\t\t\t<\/div>\n\t\t\t\t\t<\/div>\n\t\t","protected":false},"excerpt":{"rendered":"","protected":false},"author":17,"featured_media":0,"parent":0,"menu_order":0,"comment_status":"closed","ping_status":"closed","template":"","meta":{"_coblocks_attr":"","_coblocks_dimensions":"","_coblocks_responsive_height":"","_coblocks_accordion_ie_support":""},"_links":{"self":[{"href":"https:\/\/fhce.edu.uy\/formularios\/wp-json\/wp\/v2\/pages\/337"}],"collection":[{"href":"https:\/\/fhce.edu.uy\/formularios\/wp-json\/wp\/v2\/pages"}],"about":[{"href":"https:\/\/fhce.edu.uy\/formularios\/wp-json\/wp\/v2\/types\/page"}],"author":[{"embeddable":true,"href":"https:\/\/fhce.edu.uy\/formularios\/wp-json\/wp\/v2\/users\/17"}],"replies":[{"embeddable":true,"href":"https:\/\/fhce.edu.uy\/formularios\/wp-json\/wp\/v2\/comments?post=337"}],"version-history":[{"count":134,"href":"https:\/\/fhce.edu.uy\/formularios\/wp-json\/wp\/v2\/pages\/337\/revisions"}],"predecessor-version":[{"id":496,"href":"https:\/\/fhce.edu.uy\/formularios\/wp-json\/wp\/v2\/pages\/337\/revisions\/496"}],"wp:attachment":[{"href":"https:\/\/fhce.edu.uy\/formularios\/wp-json\/wp\/v2\/media?parent=337"}],"curies":[{"name":"wp","href":"https:\/\/api.w.org\/{rel}","templated":true}]}}