{"id":551,"date":"2013-06-26T22:56:49","date_gmt":"2013-06-26T22:56:49","guid":{"rendered":"https:\/\/fhce.edu.uy\/epja\/home-extended\/"},"modified":"2023-12-16T12:37:31","modified_gmt":"2023-12-16T15:37:31","slug":"home-extended","status":"publish","type":"page","link":"https:\/\/fhce.edu.uy\/epja\/","title":{"rendered":"Home &#8211; Landing Page"},"content":{"rendered":"[vc_row type=\u00bbin_container\u00bb full_screen_row_position=\u00bbmiddle\u00bb column_margin=\u00bbdefault\u00bb column_direction=\u00bbdefault\u00bb column_direction_tablet=\u00bbdefault\u00bb column_direction_phone=\u00bbdefault\u00bb scene_position=\u00bbcenter\u00bb top_padding=\u00bb0&#8243; bottom_padding=\u00bb0&#8243; text_color=\u00bbdark\u00bb text_align=\u00bbleft\u00bb row_border_radius=\u00bbnone\u00bb row_border_radius_applies=\u00bbbg\u00bb overflow=\u00bbvisible\u00bb overlay_strength=\u00bb0.3&#8243; gradient_direction=\u00bbleft_to_right\u00bb shape_divider_position=\u00bbbottom\u00bb bg_image_animation=\u00bbnone\u00bb][vc_column column_padding=\u00bbno-extra-padding\u00bb column_padding_tablet=\u00bbinherit\u00bb column_padding_phone=\u00bbinherit\u00bb column_padding_position=\u00bball\u00bb column_element_spacing=\u00bbdefault\u00bb background_color_opacity=\u00bb1&#8243; background_hover_color_opacity=\u00bb1&#8243; column_shadow=\u00bbnone\u00bb column_border_radius=\u00bbnone\u00bb column_link_target=\u00bb_self\u00bb column_position=\u00bbdefault\u00bb gradient_direction=\u00bbleft_to_right\u00bb overlay_strength=\u00bb0.3&#8243; width=\u00bb1\/1&#8243; tablet_width_inherit=\u00bbdefault\u00bb tablet_text_alignment=\u00bbdefault\u00bb phone_text_alignment=\u00bbdefault\u00bb animation_type=\u00bbdefault\u00bb bg_image_animation=\u00bbnone\u00bb border_type=\u00bbsimple\u00bb column_border_width=\u00bbnone\u00bb column_border_style=\u00bbsolid\u00bb]<style type=\"text\/css\">@media only screen and (min-width: 1300px) { #nectar-slider-instance-1, #nectar-slider-instance-1 .swiper-container { height: 750px; }  } @media only screen and (max-width: 1299px) { #nectar-slider-instance-1, #nectar-slider-instance-1 .swiper-container { height: 625px; }  } @media only screen and (max-width: 1000px) { #nectar-slider-instance-1, #nectar-slider-instance-1 .swiper-container { height: 535.71428571429px; }  } @media only screen and (max-width: 690px) { #nectar-slider-instance-1, #nectar-slider-instance-1 .swiper-container { height: 277.77777777778px; }  } <\/style><div data-midnight=\"nectar-slider\" class=\"parallax_slider_outer \"><div  data-transition=\"slide\" data-overall_style=\"classic\" data-flexible-height=\"\" data-animate-in-effect=\"none\" data-fullscreen=\"false\" data-button-sizing=\"regular\" data-button-styling=\"btn_with_count\" data-autorotate=\"\" data-parallax=\"true\" data-parallax-disable-mobile=\"\" data-caption-trans=\"fade_in_from_bottom\" data-parallax-style=\"bg_only\" data-bg-animation=\"none\" data-full-width=\"true\" class=\"nectar-slider-wrap \" id=\"nectar-slider-instance-1\"><div class=\"swiper-container\"  data-tho=\"auto\" data-tco=\"auto\" data-pho=\"auto\" data-pco=\"auto\" data-loop=\"true\" data-height=\"750\" data-min-height=\"\" data-arrows=\"true\" data-bullets=\"true\" data-bullet_style=\"see_through\" data-bullet_position=\"bottom\" data-desktop-swipe=\"true\" data-settings=\"\"> <div class=\"swiper-wrapper\"><div class=\"swiper-slide\" data-desktop-content-width=\"auto\" data-tablet-content-width=\"auto\" data-bg-alignment=\"center\" data-color-scheme=\"dark\" data-x-pos=\"left\" data-y-pos=\"middle\" ><div class=\"slide-bg-wrap\"><div class=\"image-bg\" style=\"background-image: url(https:\/\/fhce.edu.uy\/epja\/wp-content\/uploads\/sites\/4\/2023\/12\/Banner-web-ca\u0301tedra-EPJA.png);\"> &nbsp; <\/div><\/div><div class=\"container\">\r\n\t\t\t\t\t\t<div class=\"content\"><h2 class=\"ns-heading-el\">C\u00e1tedra UNESCO de Educaci\u00f3n de Personas J\u00f3venes y Adultas<\/h2><\/div>\r\n\t\t\t\t\t\t\t\t<\/div><!--\/container--><div class=\"video-texture \"> <span class=\"ie-fix\"><\/span> <\/div><\/div> <!--\/swiper-slide--><div class=\"swiper-slide\" data-desktop-content-width=\"auto\" data-tablet-content-width=\"auto\" data-bg-alignment=\"center\" data-color-scheme=\"light\" data-x-pos=\"left\" data-y-pos=\"middle\" ><div class=\"slide-bg-wrap\"><div class=\"image-bg\" style=\"background-image: url(https:\/\/fhce.edu.uy\/epja\/wp-content\/uploads\/sites\/4\/2025\/03\/banner-1a.jpg);\"> &nbsp; <\/div><\/div><div class=\"video-texture \"> <span class=\"ie-fix\"><\/span> <\/div><\/div> <!--\/swiper-slide--><div class=\"swiper-slide bg--size-contain\" data-desktop-content-width=\"auto\" data-tablet-content-width=\"auto\" data-bg-alignment=\"center\" data-color-scheme=\"light\" data-x-pos=\"left\" data-y-pos=\"middle\" ><div class=\"slide-bg-wrap\"><div class=\"image-bg\" style=\"background-image: url(https:\/\/fhce.edu.uy\/epja\/wp-content\/uploads\/sites\/4\/2025\/04\/convocatoria.jpg);\"> &nbsp; <\/div><\/div><div class=\"container\">\r\n\t\t\t\t\t\t<div class=\"content\"><div class=\"buttons\"><div class=\"button solid_color\">\r\n\t\t\t\t\t\t\t\t\t\t <a class=\"primary-color\" href=\"https:\/\/docs.google.com\/forms\/d\/e\/1FAIpQLSfcIvb9R6gBkoTAILStfAGTcXlqybmUARMKUhiyD71jbymd4w\/viewform?usp=sharingn \">FORMULARIO DE INSCRIPCI\u00d3N<\/a>\r\n\t\t\t\t\t\t\t\t\t\t<\/div><\/div><\/div>\r\n\t\t\t\t\t\t\t\t<\/div><!--\/container--><div class=\"video-texture \"> <span class=\"ie-fix\"><\/span> <\/div><\/div> <!--\/swiper-slide--><div class=\"swiper-slide\" data-desktop-content-width=\"auto\" data-tablet-content-width=\"auto\" data-bg-alignment=\"center\" data-color-scheme=\"dark\" data-x-pos=\"left\" data-y-pos=\"middle\" ><div class=\"slide-bg-wrap\"><div class=\"image-bg\" style=\"background-image: url(https:\/\/fhce.edu.uy\/epja\/wp-content\/uploads\/sites\/4\/2024\/03\/catedra.png);\"> &nbsp; <\/div><\/div><div class=\"container\">\r\n\t\t\t\t\t\t<div class=\"content\"><h2 class=\"ns-heading-el\">Convenio C\u00e1tedra UNESCO EPJA con Instituto Cuesta\u00a0Duarte<\/h2><\/div>\r\n\t\t\t\t\t\t\t\t<\/div><!--\/container--><div class=\"video-texture \"> <span class=\"ie-fix\"><\/span> <\/div><\/div> <!--\/swiper-slide--><div class=\"swiper-slide\" data-desktop-content-width=\"auto\" data-tablet-content-width=\"auto\" data-bg-alignment=\"center\" data-color-scheme=\"light\" data-x-pos=\"centered\" data-y-pos=\"middle\" ><div class=\"slide-bg-wrap\"><div class=\"image-bg\" style=\"background-image: url(https:\/\/fhce.edu.uy\/epja\/wp-content\/uploads\/sites\/4\/2022\/01\/FONDOaFICHE.jpg);\"> &nbsp; <\/div><div class=\"slide-bg-overlay\" style=\"background-color: #afafaf;\"> &nbsp; <\/div><\/div><div class=\"container\">\r\n\t\t\t\t\t\t<div class=\"content\"><h2 class=\"ns-heading-el\">Encuentro Internacional EPJA \u2013 10 y 11 de Marzo 2022<\/h2><p class=\"transparent-bg\" ><span>LA EDUCACI\u00d3N DE PERSONAS J\u00d3VENES Y ADULTAS: relevancia y aportes. HACIA LA VII CONFINTEA<\/span><\/p><\/div>\r\n\t\t\t\t\t\t\t\t<\/div><!--\/container--><div class=\"video-texture \"> <span class=\"ie-fix\"><\/span> <\/div><a href=\"https:\/\/fhce.edu.uy\/epja\/about\/encuentro-internacional-la-educacion-de-personas-jovenes-y-adultas-relevancia-y-aportes\/\" class=\"entire-slide-link\"> <span class=\"ie-fix\"><\/span> <\/a><\/div> <!--\/swiper-slide--><\/div><a href=\"\" class=\"slider-prev\"><i class=\"icon-salient-left-arrow\"><\/i> <div class=\"slide-count\"> <span class=\"slide-current\">1<\/span> <i class=\"icon-salient-right-line\"><\/i> <span class=\"slide-total\"><\/span> <\/div> <\/a>\r\n\t\t\t\t\t\t<a href=\"\" class=\"slider-next\"><i class=\"icon-salient-right-arrow\"><\/i> <div class=\"slide-count\"> <span class=\"slide-current\">1<\/span> <i class=\"icon-salient-right-line\"><\/i> <span class=\"slide-total\"><\/span> <\/div> <\/a><div class=\"container normal-container slider-pagination-wrap\"><div class=\"slider-pagination\"><\/div><\/div><div class=\"nectar-slider-loading \"> <span class=\"loading-icon none\">   <\/span> <\/div> <\/div> \r\n\t\t\t\t\t\r\n\t\t\t\t\t<\/div><\/div>[\/vc_column][\/vc_row][vc_row type=\u00bbfull_width_background\u00bb full_screen_row_position=\u00bbmiddle\u00bb column_margin=\u00bb50px\u00bb column_direction=\u00bbdefault\u00bb column_direction_tablet=\u00bbdefault\u00bb column_direction_phone=\u00bbdefault\u00bb bg_color=\u00bb#ffffff\u00bb scene_position=\u00bbcenter\u00bb top_padding=\u00bb120&#8243; bottom_padding=\u00bb60&#8243; text_color=\u00bbdark\u00bb text_align=\u00bbleft\u00bb row_border_radius=\u00bbnone\u00bb row_border_radius_applies=\u00bbbg\u00bb overflow=\u00bbvisible\u00bb advanced_gradient_angle=\u00bb0&#8243; overlay_strength=\u00bb0.3&#8243; gradient_direction=\u00bbleft_to_right\u00bb shape_divider_position=\u00bbbottom\u00bb bg_image_animation=\u00bbnone\u00bb gradient_type=\u00bbdefault\u00bb shape_type=\u00bb\u00bb][vc_column column_padding=\u00bbno-extra-padding\u00bb column_padding_tablet=\u00bbinherit\u00bb column_padding_phone=\u00bbinherit\u00bb column_padding_position=\u00bball\u00bb column_element_spacing=\u00bbdefault\u00bb background_color_opacity=\u00bb1&#8243; background_hover_color_opacity=\u00bb1&#8243; column_shadow=\u00bbnone\u00bb column_border_radius=\u00bbnone\u00bb column_link_target=\u00bb_self\u00bb column_position=\u00bbdefault\u00bb gradient_direction=\u00bbleft_to_right\u00bb overlay_strength=\u00bb0.3&#8243; width=\u00bb2\/3&#8243; tablet_width_inherit=\u00bbdefault\u00bb tablet_text_alignment=\u00bbdefault\u00bb phone_text_alignment=\u00bbdefault\u00bb animation_type=\u00bbdefault\u00bb enable_animation=\u00bbtrue\u00bb animation=\u00bbfade-in\u00bb bg_image_animation=\u00bbnone\u00bb border_type=\u00bbsimple\u00bb column_border_width=\u00bbnone\u00bb column_border_style=\u00bbsolid\u00bb delay=\u00bb0&#8243;][vc_column_text]\n<p style=\"font-weight: 400\"><strong>Presentaci\u00f3n<\/strong><\/p>\n<p style=\"font-weight: 400\">En Setiembre del a\u00f1o 2016 el Consejo Directivo Central de la Universidad de la Rep\u00fablica aprob\u00f3 la creaci\u00f3n de la C\u00e1tedra UNESCO en Educaci\u00f3n de Personas J\u00f3venes y Adultas, despu\u00e9s de haber sido aprobada su creaci\u00f3n por parte del Consejo de la Facultad de Humanidades y Ciencias de la Educaci\u00f3n y de la Comisi\u00f3n Directiva de su Instituto de Educaci\u00f3n.<\/p>\n<p style=\"font-weight: 400\">En este sentido se propone desarrollar y consolidar un \u00e1mbito acad\u00e9mico espec\u00edfico y apropiado para le Educaci\u00f3n de Personas J\u00f3venes y Adultas en Uruguay.<\/p>\n<p style=\"font-weight: 400\">La Ley General de Educaci\u00f3n, vigente desde 2008, contempla esta modalidad educativa, a nivel de la educaci\u00f3n formal y no formal, como parte del Sistema Nacional de Educaci\u00f3n. Las modificaciones introducidas por la Ley de Urgente Consideraci\u00f3n en 2020 mantienen esta modalidad educativa en el marco normativa de la educaci\u00f3n nacional.<\/p>\n<p style=\"font-weight: 400\">Por lo tanto, la C\u00e1tedra UNESCO EPJA pretende contribuir a la reflexi\u00f3n y producci\u00f3n acerca de las pol\u00edticas educativas en curso, las que eventualmente la poblaci\u00f3n requiere; acerca de los programas y proyectos en desarrollo y acerca de las pr\u00e1cticas educativas.<\/p>\n<p style=\"font-weight: 400\">Cabe consignar que en el pa\u00eds no existe una especializaci\u00f3n para el trabajo educativo con personas j\u00f3venes y adultas.<\/p>\n<p style=\"font-weight: 400\">Promover la investigaci\u00f3n y aportar a la formaci\u00f3n permanente de los actores en este campo espec\u00edfico de la educaci\u00f3n, constituye una necesidad ante un vac\u00edo importante.<\/p>\n<p style=\"font-weight: 400\">En consecuencia, es muy importante contribuir al intercambio entre los diferentes actores de la EPJA y tomar contacto con los importantes niveles de reflexi\u00f3n y experiencia acumulada en diferentes pa\u00edses, a trav\u00e9s de UNESCO.<\/p>\n<p style=\"font-weight: 400\">El Convenio firmado entre las autoridades de la Universidad de la Rep\u00fablica y la sede de UNESCO en Par\u00eds, en diciembre de 2019, ha permitido desarrollar un trabajo muy bien evaluado por ambas instituciones, lo que ha viabilizado la pr\u00f3rroga por un nuevo per\u00edodo de cuatro a\u00f1os, 2024 \u2013 2028.<\/p>\n<p style=\"font-weight: 400\"><strong><u>Los objetivos propuestos para el cuatrienio 2024 -2028 son:<\/u><\/strong><\/p>\n<p style=\"font-weight: 400\">&#8211; Favorecer una \u201cvisi\u00f3n ampliada\u201d de la educaci\u00f3n en su sentido m\u00e1s amplio y profundo, de acuerdo a Jomtien, 1990; UNESCO, 2015; el Marco de Acci\u00f3n de Marrakech, 2022 y el ODS 4 de la Agenda 2030.<\/p>\n<p style=\"font-weight: 400\">&#8211; Colaborar en la articulaci\u00f3n de la educaci\u00f3n formal y no formal en el marco del Sistema Nacional de Educaci\u00f3n, de acuerdo a la Ley General de Educaci\u00f3n y las modificaciones realizadas por la Ley de Urgente Consideraci\u00f3n.<\/p>\n<p style=\"font-weight: 400\">&#8211; Promover el fortalecimiento de las pol\u00edticas, programas y proyectos de educaci\u00f3n de personas j\u00f3venes y adultas en general y particularmente de los sectores en situaci\u00f3n de vulnerabilidad social, quienes no han culminado la educaci\u00f3n b\u00e1sica y media obligatorias y quienes no estudian ni trabajan.<\/p>\n<p style=\"font-weight: 400\">&#8211; Apoyar los procesos de formulaci\u00f3n, dise\u00f1o y evaluaci\u00f3n de programas y proyectos de educaci\u00f3n de personas j\u00f3venes y adultas, y contribuir a elaborar indicadores espec\u00edficos y adecuados para verificar los resultados de los procesos de aprendizaje de las personas j\u00f3venes y adultas.<\/p>\n<p style=\"font-weight: 400\">&#8211; Ofrecer formaci\u00f3n permanente a las y los profesionales de la educaci\u00f3n, a partir de la reflexi\u00f3n y an\u00e1lisis cr\u00edtico de las pr\u00e1cticas educativas.<\/p>\n<p style=\"font-weight: 400\">&#8211; Aportar m\u00e9todos y t\u00e9cnicas espec\u00edficos y adecuados a los procesos educativos en general y de ense\u00f1anza en particular, para el trabajo de las y los profesionales de la educaci\u00f3n con personas j\u00f3venes y adultas.<\/p>\n<p style=\"font-weight: 400\">&#8211; Fortalecer la masa cr\u00edtica de los diversos actores en las pol\u00edticas, programas y proyectos EPJA, y especialmente a los y las educadores\/as facilitando encuentros, debates e intercambios de experiencias.<\/p>\n[\/vc_column_text][\/vc_column][vc_column column_padding=\u00bbno-extra-padding\u00bb column_padding_tablet=\u00bbinherit\u00bb column_padding_phone=\u00bbinherit\u00bb column_padding_position=\u00bball\u00bb column_element_spacing=\u00bbdefault\u00bb background_color_opacity=\u00bb1&#8243; background_hover_color_opacity=\u00bb1&#8243; column_shadow=\u00bbnone\u00bb column_border_radius=\u00bbnone\u00bb column_link_target=\u00bb_self\u00bb column_position=\u00bbdefault\u00bb el_class=\u00bbsidebar-home\u00bb advanced_gradient_angle=\u00bb0&#8243; gradient_direction=\u00bbleft_to_right\u00bb overlay_strength=\u00bb0.3&#8243; width=\u00bb1\/3&#8243; tablet_width_inherit=\u00bbdefault\u00bb tablet_text_alignment=\u00bbdefault\u00bb phone_text_alignment=\u00bbdefault\u00bb animation_type=\u00bbdefault\u00bb enable_animation=\u00bbtrue\u00bb animation=\u00bbfade-in\u00bb bg_image_animation=\u00bbnone\u00bb border_type=\u00bbsimple\u00bb column_border_width=\u00bbnone\u00bb column_border_style=\u00bbsolid\u00bb delay=\u00bb400&#8243; gradient_type=\u00bbdefault\u00bb][vc_custom_heading text=\u00bbNoticias\u00bb font_container=\u00bbtag:h2|font_size:22px|text_align:left|color:%23b81e70&#8243; use_theme_fonts=\u00bbyes\u00bb][recent_posts style=\u00bbdefault\u00bb columns=\u00bb1&#8243; category=\u00bball\u00bb order=\u00bbDESC\u00bb orderby=\u00bbdate\u00bb blog_remove_post_date=\u00bbtrue\u00bb blog_remove_post_author=\u00bbtrue\u00bb blog_remove_post_comment_number=\u00bbtrue\u00bb posts_per_page=\u00bb2&#8243;][\/vc_column][\/vc_row][vc_row type=\u00bbfull_width_background\u00bb full_screen_row_position=\u00bbmiddle\u00bb column_margin=\u00bbdefault\u00bb column_direction=\u00bbdefault\u00bb column_direction_tablet=\u00bbdefault\u00bb column_direction_phone=\u00bbdefault\u00bb bg_color=\u00bb#ffffff\u00bb scene_position=\u00bbcenter\u00bb top_padding=\u00bb120&#8243; bottom_padding=\u00bb60&#8243; text_color=\u00bbdark\u00bb text_align=\u00bbleft\u00bb row_border_radius=\u00bbnone\u00bb row_border_radius_applies=\u00bbbg\u00bb overflow=\u00bbvisible\u00bb overlay_strength=\u00bb0.3&#8243; gradient_direction=\u00bbleft_to_right\u00bb shape_divider_position=\u00bbbottom\u00bb bg_image_animation=\u00bbnone\u00bb][vc_column column_padding=\u00bbno-extra-padding\u00bb column_padding_tablet=\u00bbinherit\u00bb column_padding_phone=\u00bbinherit\u00bb column_padding_position=\u00bball\u00bb column_element_spacing=\u00bbdefault\u00bb background_color=\u00bb#ffffff\u00bb background_color_opacity=\u00bb1&#8243; background_color_hover=\u00bb#ffffff\u00bb background_hover_color_opacity=\u00bb1&#8243; column_shadow=\u00bbnone\u00bb column_border_radius=\u00bbnone\u00bb column_link_target=\u00bb_self\u00bb column_position=\u00bbdefault\u00bb advanced_gradient_angle=\u00bb0&#8243; gradient_direction=\u00bbleft_to_right\u00bb overlay_strength=\u00bb0.3&#8243; width=\u00bb1\/3&#8243; tablet_width_inherit=\u00bbdefault\u00bb tablet_text_alignment=\u00bbdefault\u00bb phone_text_alignment=\u00bbdefault\u00bb animation_type=\u00bbdefault\u00bb bg_image_animation=\u00bbnone\u00bb border_type=\u00bbsimple\u00bb column_border_width=\u00bbnone\u00bb column_border_style=\u00bbsolid\u00bb gradient_type=\u00bbdefault\u00bb][image_with_animation image_url=\u00bb1022&#8243; image_size=\u00bbfull\u00bb animation_type=\u00bbentrance\u00bb animation=\u00bbFade In\u00bb hover_animation=\u00bbnone\u00bb alignment=\u00bb\u00bb border_radius=\u00bbnone\u00bb box_shadow=\u00bbnone\u00bb image_loading=\u00bbdefault\u00bb max_width=\u00bb100%\u00bb max_width_mobile=\u00bbdefault\u00bb][nectar_text_inline_images images=\u00bb1022&#8243; image_size=\u00bbmedium_featured\u00bb image_effect=\u00bbnone\u00bb image_loading=\u00bbdefault\u00bb]\n<h3>Actividades Acad\u00e9micas<\/h3>\n<ul>\n<li>Investigaci\u00f3n en: culminaci\u00f3n de la educaci\u00f3n obligatoria, educaci\u00f3n de las personas privadas de libertad, educaci\u00f3n y el trabajo, educaci\u00f3n y ciudadan\u00eda, personas adultas mayores.<\/li>\n<li>Ense\u00f1anza a trav\u00e9s de Cursos de grado y posgrado, Cursos de Educaci\u00f3n Permanente y Cursos de Verano.<\/li>\n<li>Extensi\u00f3n y Actividades en el medio: Espacios de Formaci\u00f3n Integral que articulan investigaci\u00f3n, ense\u00f1anza y extensi\u00f3n; asistencia t\u00e9cnica y asesoramiento.<\/li>\n<\/ul>\n[\/nectar_text_inline_images][\/vc_column][vc_column column_padding=\u00bbno-extra-padding\u00bb column_padding_tablet=\u00bbinherit\u00bb column_padding_phone=\u00bbinherit\u00bb column_padding_position=\u00bball\u00bb column_element_spacing=\u00bbdefault\u00bb background_color_opacity=\u00bb1&#8243; background_hover_color_opacity=\u00bb1&#8243; column_shadow=\u00bbnone\u00bb column_border_radius=\u00bbnone\u00bb column_link_target=\u00bb_self\u00bb column_position=\u00bbdefault\u00bb gradient_direction=\u00bbleft_to_right\u00bb overlay_strength=\u00bb0.3&#8243; width=\u00bb1\/3&#8243; tablet_width_inherit=\u00bbdefault\u00bb tablet_text_alignment=\u00bbdefault\u00bb phone_text_alignment=\u00bbdefault\u00bb animation_type=\u00bbdefault\u00bb bg_image_animation=\u00bbnone\u00bb border_type=\u00bbsimple\u00bb column_border_width=\u00bbnone\u00bb column_border_style=\u00bbsolid\u00bb][image_with_animation image_url=\u00bb1028&#8243; image_size=\u00bblarge\u00bb animation_type=\u00bbentrance\u00bb animation=\u00bbFade In\u00bb hover_animation=\u00bbnone\u00bb alignment=\u00bb\u00bb border_radius=\u00bbnone\u00bb box_shadow=\u00bbnone\u00bb image_loading=\u00bbdefault\u00bb max_width=\u00bb100%\u00bb max_width_mobile=\u00bbdefault\u00bb][nectar_text_inline_images image_size=\u00bbmedium\u00bb image_effect=\u00bbnone\u00bb image_loading=\u00bbdefault\u00bb]\n<h3>Relaciones de intercambio y cooperaci\u00f3n<\/h3>\n<ul>\n<li>Administraci\u00f3n Nacional de Educaci\u00f3n P\u00fablica (Direcci\u00f3n de Educaci\u00f3n de<br \/>\nJ\u00f3venes y Adultos)<\/li>\n<li>Federaci\u00f3n Uruguaya de Cooperativas de Vivienda y Ayuda Mutua (Escuela de<br \/>\nFormaci\u00f3n)<\/li>\n<li>Intendencia de Montevideo (Secretar\u00eda de Educaci\u00f3n para la Ciudadan\u00eda)<\/li>\n<li>PIT CNT (Instituto Cuesta Duarte)<\/li>\n<li>UDELAR \u2013 CSEAM, Programa Integral Metropolitano (PIM)<\/li>\n<li>UDELAR \u2013 FHCE, Observatorio del Derecho a la Educaci\u00f3n<\/li>\n<li>APPEAL, Nodo Uruguay<\/li>\n<li>Red EPJA de Universidades P\u00fablicas<\/li>\n<li>Universidad de Playa Ancha, Valpara\u00edso, Chile<\/li>\n<li>Universidad Federal Fluminense, R\u00edo de Janeiro, Brasil<\/li>\n<li>Universidad Federal Rural, Rio de Janeiro, Brasil<\/li>\n<li>Universidad del Estado de Rio de Janeiro, Brasil (Facultad de Formaci\u00f3n del Profesorado)<\/li>\n<li>Universidad Pedag\u00f3gica Nacional, Colombia<\/li>\n<li>Universidad Nacional del Nordeste, Argentina<\/li>\n<li>Universidad Pedag\u00f3gica Nacional, M\u00e9xico<\/li>\n<\/ul>\n<p>Relaciones de intercambio<\/p>\n<ul>\n<li>C\u00e1tedra UNESCO Universidad Federal de Paraiba, Brasil<\/li>\n<li>Universidad de San Pablo, Brasil \u2013 Facultad de Educaci\u00f3n<\/li>\n<li>Universidad Estadual de Maring\u00e1, Brasil<\/li>\n<li>Universidad Pedag\u00f3gica de la Provincia de Buenos Aires<\/li>\n<li>Universidad Nacional de San Mart\u00edn<\/li>\n<li>Universidad Estadual de R\u00edo de Janeiro, Brasil<\/li>\n<li>Universidad Nacional de Cuyo, Argentina.<\/li>\n<li>Universidad de M\u00fcnster, Alemania<\/li>\n<li>Consejo Internacional de Educaci\u00f3n de Adultos (ICAE)<\/li>\n<\/ul>\n<p>Con UNESCO:<\/p>\n<ul>\n<li>Instituto para el Aprendizaje a lo largo de toda la vida, en Hamburgo<\/li>\n<li>Oficina Regional de Educaci\u00f3n para Am\u00e9rica Latina y El Caribe, en Santiago<\/li>\n<li>Oficina Regional de Ciencia para Am\u00e9rica Latina y El Caribe, en Montevideo<\/li>\n<li>Comisi\u00f3n Nacional de UNESCO de Uruguay<\/li>\n<\/ul>\n[\/nectar_text_inline_images][\/vc_column][vc_column column_padding=\u00bbno-extra-padding\u00bb column_padding_tablet=\u00bbinherit\u00bb column_padding_phone=\u00bbinherit\u00bb column_padding_position=\u00bball\u00bb column_element_spacing=\u00bbdefault\u00bb background_color_opacity=\u00bb1&#8243; background_hover_color_opacity=\u00bb1&#8243; column_shadow=\u00bbnone\u00bb column_border_radius=\u00bbnone\u00bb column_link_target=\u00bb_self\u00bb column_position=\u00bbdefault\u00bb gradient_direction=\u00bbleft_to_right\u00bb overlay_strength=\u00bb0.3&#8243; width=\u00bb1\/3&#8243; tablet_width_inherit=\u00bbdefault\u00bb tablet_text_alignment=\u00bbdefault\u00bb phone_text_alignment=\u00bbdefault\u00bb animation_type=\u00bbdefault\u00bb bg_image_animation=\u00bbnone\u00bb border_type=\u00bbsimple\u00bb column_border_width=\u00bbnone\u00bb column_border_style=\u00bbsolid\u00bb][image_with_animation image_url=\u00bb1030&#8243; image_size=\u00bbfull\u00bb animation_type=\u00bbentrance\u00bb animation=\u00bbFade In\u00bb hover_animation=\u00bbnone\u00bb alignment=\u00bb\u00bb border_radius=\u00bbnone\u00bb box_shadow=\u00bbnone\u00bb image_loading=\u00bbdefault\u00bb max_width=\u00bb100%\u00bb max_width_mobile=\u00bbdefault\u00bb][nectar_text_inline_images image_size=\u00bbmedium\u00bb image_effect=\u00bbnone\u00bb image_loading=\u00bbdefault\u00bb]\n<h3>Equipo de Trabajo<\/h3>\n<ul>\n<li>\n<p style=\"font-weight: 400\">Coordinadores: Camors, Jorge y Rodr\u00edguez, Dalton<\/p>\n<p style=\"font-weight: 400\">Aguirrezabala, Diego<\/p>\n<p style=\"font-weight: 400\">Alonso, Diego<\/p>\n<p style=\"font-weight: 400\">Amaro, Julieta<\/p>\n<p style=\"font-weight: 400\">Banchero, Patricia<\/p>\n<p>Barrozo, Sandra<\/p>\n<p style=\"font-weight: 400\">Bedrossian, Mar\u00eda<\/p>\n<p style=\"font-weight: 400\">Berrach\u00edn, Lourdes<\/p>\n<p style=\"font-weight: 400\">Bove, Mar\u00eda Eugenia<\/p>\n<p style=\"font-weight: 400\">Camejo, Marina<\/p>\n<p style=\"font-weight: 400\">Cancellara, Vicente<\/p>\n<p style=\"font-weight: 400\">Cordano, Mar\u00eda Noel<\/p>\n<p>Cousillas, Lorena<\/p>\n<p>Crapuchett, Elena<\/p>\n<p style=\"font-weight: 400\">Cuiti\u00f1o, Pablo<\/p>\n<p style=\"font-weight: 400\">Dambrauskas, Alicia<\/p>\n<p style=\"font-weight: 400\">De S\u00e1a, Mario<\/p>\n<p style=\"font-weight: 400\">Dittamo, Flavia<\/p>\n<p style=\"font-weight: 400\">Isaurralde, Alisson<\/p>\n<p style=\"font-weight: 400\">Javier, Nandy<\/p>\n<p style=\"font-weight: 400\">Lasa, Luciana<\/p>\n<p style=\"font-weight: 400\">Lembo, Mariela<\/p>\n<p style=\"font-weight: 400\">Lezcano, Tamara<\/p>\n<p style=\"font-weight: 400\">M\u00e1rquez, Luc\u00eda<\/p>\n<p style=\"font-weight: 400\">M\u00edguez, Luc\u00eda<\/p>\n<p style=\"font-weight: 400\">Quercini, Diego<\/p>\n<p>Rodr\u00edguez, Andrea<\/p>\n<p style=\"font-weight: 400\">Rodr\u00edguez, Eduardo<\/p>\n<p>Rodriguez, Yliana<\/p>\n<p style=\"font-weight: 400\">Turnes, Gianela<\/p>\n<p><span style=\"font-weight: 400\">Vasconcellos, Santiago<\/span><\/li>\n<\/ul>\n[\/nectar_text_inline_images][\/vc_column][\/vc_row]\n","protected":false},"excerpt":{"rendered":"<p>[vc_row type=\u00bbin_container\u00bb full_screen_row_position=\u00bbmiddle\u00bb column_margin=\u00bbdefault\u00bb column_direction=\u00bbdefault\u00bb column_direction_tablet=\u00bbdefault\u00bb column_direction_phone=\u00bbdefault\u00bb scene_position=\u00bbcenter\u00bb top_padding=\u00bb0&#8243; bottom_padding=\u00bb0&#8243; text_color=\u00bbdark\u00bb text_align=\u00bbleft\u00bb row_border_radius=\u00bbnone\u00bb row_border_radius_applies=\u00bbbg\u00bb overflow=\u00bbvisible\u00bb overlay_strength=\u00bb0.3&#8243; gradient_direction=\u00bbleft_to_right\u00bb shape_divider_position=\u00bbbottom\u00bb bg_image_animation=\u00bbnone\u00bb][vc_column column_padding=\u00bbno-extra-padding\u00bb column_padding_tablet=\u00bbinherit\u00bb column_padding_phone=\u00bbinherit\u00bb column_padding_position=\u00bball\u00bb column_element_spacing=\u00bbdefault\u00bb background_color_opacity=\u00bb1&#8243; background_hover_color_opacity=\u00bb1&#8243; column_shadow=\u00bbnone\u00bb column_border_radius=\u00bbnone\u00bb column_link_target=\u00bb_self\u00bb column_position=\u00bbdefault\u00bb&#8230;<\/p>\n","protected":false},"author":6,"featured_media":0,"parent":0,"menu_order":0,"comment_status":"open","ping_status":"open","template":"","meta":{"_coblocks_attr":"","_coblocks_dimensions":"","_coblocks_responsive_height":"","_coblocks_accordion_ie_support":""},"_links":{"self":[{"href":"https:\/\/fhce.edu.uy\/epja\/wp-json\/wp\/v2\/pages\/551"}],"collection":[{"href":"https:\/\/fhce.edu.uy\/epja\/wp-json\/wp\/v2\/pages"}],"about":[{"href":"https:\/\/fhce.edu.uy\/epja\/wp-json\/wp\/v2\/types\/page"}],"author":[{"embeddable":true,"href":"https:\/\/fhce.edu.uy\/epja\/wp-json\/wp\/v2\/users\/6"}],"replies":[{"embeddable":true,"href":"https:\/\/fhce.edu.uy\/epja\/wp-json\/wp\/v2\/comments?post=551"}],"version-history":[{"count":80,"href":"https:\/\/fhce.edu.uy\/epja\/wp-json\/wp\/v2\/pages\/551\/revisions"}],"predecessor-version":[{"id":1847,"href":"https:\/\/fhce.edu.uy\/epja\/wp-json\/wp\/v2\/pages\/551\/revisions\/1847"}],"wp:attachment":[{"href":"https:\/\/fhce.edu.uy\/epja\/wp-json\/wp\/v2\/media?parent=551"}],"curies":[{"name":"wp","href":"https:\/\/api.w.org\/{rel}","templated":true}]}}